{"id":15,"date":"2025-11-05T09:08:54","date_gmt":"2025-11-05T09:08:54","guid":{"rendered":"https:\/\/website-dev.brabender-group.com\/?page_id=15"},"modified":"2026-03-13T08:13:12","modified_gmt":"2026-03-13T08:13:12","slug":"home","status":"publish","type":"page","link":"https:\/\/website-dev.brabender-group.com\/en\/","title":{"rendered":"Home"},"content":{"rendered":"<div class=\"wp-block-cover alignfull is-light is-repeated wp-duotone-unset-1\" style=\"padding-top:100px;padding-bottom:100px;min-height:822px;aspect-ratio:unset;\"><div class=\"wp-block-cover__image-background wp-image-972 size-full is-repeated\" style=\"background-position:11% 30%;background-image:url(https:\/\/website-dev.brabender-group.com\/wp-content\/uploads\/2025\/12\/schmal_LKWFahrere_trasnparenz_unten-scaled.png)\"><\/div><span aria-hidden=\"true\" class=\"wp-block-cover__background has-background-dim-0 has-background-dim\"><\/span><div class=\"wp-block-cover__inner-container is-layout-constrained wp-block-cover-is-layout-constrained\">\n<h6 class=\"wp-block-heading has-text-align-left has-palette-color-8-color has-text-color has-link-color wp-elements-c2d395fe14e74ab2fb8b67dd2b1be513\" id=\"0-wir-schaffen-digitale-logistik\" style=\"padding-top:0;padding-right:0rem;padding-bottom:0;padding-left:0rem;font-size:clamp(35.641px, 2.228rem + ((1vw - 3.2px) * 2.294), 65px);font-style:normal;font-weight:600;text-transform:uppercase\">WE MAKE <br>DIGITALE LOGISTIK.<\/h6>\n\n\n\n<p class=\"has-text-align-left has-palette-color-8-color has-text-color\" style=\"margin-top:10px;margin-right:0rem;margin-bottom:10px;margin-left:0rem;font-size:clamp(17.371px, 1.086rem + ((1vw - 3.2px) * 0.752), 27px);\"><strong>Genau das, was ihr Logistikherz heute braucht.<\/strong><\/p>\n\n\n\n<div style=\"height:52px\" aria-hidden=\"true\" class=\"wp-block-spacer\"><\/div>\n<\/div><\/div>\n\n\n\n<h1 class=\"wp-block-gutenverse-heading guten-element guten-BKQEvM scroll-behavior: smooth\" id=\"produkte\">Ihre Komplettl\u00f6sung f\u00fcr automatisierte, durchg\u00e4ngige Logistikprozesse in Spedition, Lager und Fuhrpark<\/h1>\n\n\n\n<div class=\"guten-element gutenverse-text-editor guten-SAhEIN\"><div class=\"text-content-inner\">\n<p class=\"has-text-color has-link-color wp-elements-bf79a83f4d14876f4d5c3a80e009d1a4\" style=\"color:#6e6e6e;font-size:clamp(14px, 0.875rem + ((1vw - 3.2px) * 0.469), 20px);\">Touren, Fahrer und Fahrzeuge? Nichts ist miteinander verbunden. Immer das d\u00fcstere Gef\u00fchl, Zeit und Geld zu verlieren? Im schlimmsten Fall die Mitarbeiter. Alle relevanten Informationen in Echtzeit, sofort und ohne Frust: Mit unserer All-In-One-L\u00f6sung f\u00fcr digitalisierte Logistikprozesse hat die Suche ein Ende. Sie haben ein System, auf das Sie sich verlassen k\u00f6nnen: Sie haben alles im Griff &#8211; Erfolg in Echtzeit!<\/p>\n<\/div><\/div>\n\n\n\n<div style=\"height:91px\" aria-hidden=\"true\" class=\"wp-block-spacer\"><\/div>\n\n\n\n<div class=\"wp-block-uagb-container uagb-block-6f00f161 alignfull uagb-is-root-container\"><div class=\"uagb-container-inner-blocks-wrap\">\n<h2 class=\"wp-block-gutenverse-heading guten-element guten-nyTYns\">Warum Brabender?<\/h2>\n<\/div><\/div>\n\n\n\n<div class=\"wp-block-uagb-container uagb-layout-flex uagb-block-fc7c7b2d alignfull uagb-is-root-container\"><div class=\"uagb-container-inner-blocks-wrap\">\n<div class=\"wp-block-uagb-container uagb-block-30a2d826\">\n<div class=\"guten-element guten-OyZFMc guten-icon-box icon-position-undefined\"><div class=\"guten-icon-box-wrapper hover-from-left\"><div class=\"icon-box icon-box-body\"><h2 class=\"title\"><br>Von Logistiker<br>f\u00fcr Logistiker<\/h2><p class=\"icon-box-description\">Nur wer die Prozesse kennt, kann sie verbessern &#8211; wir sprechen Ihre Sprache.<br><\/p><\/div><\/div><\/div>\n<\/div>\n\n\n\n<div class=\"wp-block-uagb-container uagb-block-25c859d4\">\n<div class=\"guten-element guten-wzalYN guten-icon-box icon-position-undefined\"><div class=\"guten-icon-box-wrapper hover-from-left\"><div class=\"icon-box icon-box-body\"><h2 class=\"title\">Integriertes<br>Telematiksystem<\/h2><p class=\"icon-box-description\">Integriert bedeutet: eigene Hardware, massgeschneiderte Software, volle Kontrolle \u00fcber die Daten.<br><\/p><\/div><\/div><\/div>\n<\/div>\n\n\n\n<div class=\"wp-block-uagb-container uagb-block-acaa0d1f\">\n<div class=\"guten-element guten-cZuxMI guten-icon-box icon-position-undefined\"><div class=\"guten-icon-box-wrapper hover-from-left\"><div class=\"icon-box icon-box-body\"><h2 class=\"title\"><br>Virtuelles<br>Unternehmen<\/h2><p class=\"icon-box-description\">Wir bringen Unternehmen virtuell auf Kurs \u2013 von \u00fcberall.<br><br><\/p><\/div><\/div><\/div>\n<\/div>\n<\/div><\/div>\n\n\n\n<div style=\"height:100px\" aria-hidden=\"true\" class=\"wp-block-spacer\"><\/div>\n\n\n\n<div class=\"wp-block-uagb-container uagb-block-cb0323e3 alignfull uagb-is-root-container\"><div class=\"uagb-container-inner-blocks-wrap\">\n<div class=\"wp-block-uagb-container uagb-block-7a8e2d23\">\n<h2 class=\"wp-block-gutenverse-heading guten-element guten-P4771n\">So geht digitale Transportsteuerung.<\/h2>\n\n\n\n<p>Die <strong>BRABENDER logistic suite<\/strong> (Basis) optimiert Ihre komplexen Prozesse von der Auftragssteuerung bis zur Fuhrparkverwaltung und sorgt durch integrierte Telematik f\u00fcr transparente Abl\u00e4ufe, geringere Kosten und verbesserten Kundenservice.<\/p>\n\n\n\n<div class=\"wp-block-ultimate-post-advanced-list ultp-block-f8fa70\"><ul class=\"ultp-list-wrapper ultp-list-layout1\">\n<li class=\"wp-block-ultimate-post-list ultp-block-9e8429\"><div class=\"ultp-list-content\"><div class=\"ultp-listicon-bg\"><svg xmlns=\"http:\/\/www.w3.org\/2000\/svg\" fill=\"currentColor\" viewbox=\"0 0 24 24\">\n  <path fill-rule=\"evenodd\" d=\"M12 1.25C6.063 1.25 1.25 6.063 1.25 12S6.063 22.75 12 22.75 22.75 17.937 22.75 12 17.937 1.25 12 1.25Zm4.737 8.426a1 1 0 0 0-1.474-1.352l-4.794 5.23-1.762-1.761a1 1 0 0 0-1.414 1.414l2.5 2.5a1 1 0 0 0 1.444-.031l5.5-6Z\" clip-rule=\"evenodd\"\/>\n<\/svg>\n<\/div><div class=\"ultp-list-title\">Daten in Echtzeit, nie wieder Aktualisieren.<\/div><\/div><\/li>\n\n\n\n<li class=\"wp-block-ultimate-post-list ultp-block-46c2aa\"><div class=\"ultp-list-content\"><div class=\"ultp-listicon-bg\"><svg xmlns=\"http:\/\/www.w3.org\/2000\/svg\" fill=\"currentColor\" viewbox=\"0 0 24 24\">\n  <path fill-rule=\"evenodd\" d=\"M12 1.25C6.063 1.25 1.25 6.063 1.25 12S6.063 22.75 12 22.75 22.75 17.937 22.75 12 17.937 1.25 12 1.25Zm4.737 8.426a1 1 0 0 0-1.474-1.352l-4.794 5.23-1.762-1.761a1 1 0 0 0-1.414 1.414l2.5 2.5a1 1 0 0 0 1.444-.031l5.5-6Z\" clip-rule=\"evenodd\"\/>\n<\/svg>\n<\/div><div class=\"ultp-list-title\">Flexibilit\u00e4t durch Scripting<\/div><\/div><\/li>\n\n\n\n<li class=\"wp-block-ultimate-post-list ultp-block-d3af85\"><div class=\"ultp-list-content\"><div class=\"ultp-listicon-bg\"><svg xmlns=\"http:\/\/www.w3.org\/2000\/svg\" fill=\"currentColor\" viewbox=\"0 0 24 24\">\n  <path fill-rule=\"evenodd\" d=\"M12 1.25C6.063 1.25 1.25 6.063 1.25 12S6.063 22.75 12 22.75 22.75 17.937 22.75 12 17.937 1.25 12 1.25Zm4.737 8.426a1 1 0 0 0-1.474-1.352l-4.794 5.23-1.762-1.761a1 1 0 0 0-1.414 1.414l2.5 2.5a1 1 0 0 0 1.444-.031l5.5-6Z\" clip-rule=\"evenodd\"\/>\n<\/svg>\n<\/div><div class=\"ultp-list-title\">Systemgesch\u00fctzte Planung bis zur automatisierten Abrechnung<\/div><\/div><\/li>\n\n\n\n<li class=\"wp-block-ultimate-post-list ultp-block-3a167d\"><div class=\"ultp-list-content\"><div class=\"ultp-listicon-bg\"><svg xmlns=\"http:\/\/www.w3.org\/2000\/svg\" fill=\"currentColor\" viewbox=\"0 0 24 24\">\n  <path fill-rule=\"evenodd\" d=\"M12 1.25C6.063 1.25 1.25 6.063 1.25 12S6.063 22.75 12 22.75 22.75 17.937 22.75 12 17.937 1.25 12 1.25Zm4.737 8.426a1 1 0 0 0-1.474-1.352l-4.794 5.23-1.762-1.761a1 1 0 0 0-1.414 1.414l2.5 2.5a1 1 0 0 0 1.444-.031l5.5-6Z\" clip-rule=\"evenodd\"\/>\n<\/svg>\n<\/div><div class=\"ultp-list-title\">Multifunktional: Fuhrpark, Lager, Crossdocking, Seefracht, \u2026<\/div><\/div><\/li>\n\n\n\n<li class=\"wp-block-ultimate-post-list ultp-block-b44e90\"><div class=\"ultp-list-content\"><div class=\"ultp-listicon-bg\"><svg xmlns=\"http:\/\/www.w3.org\/2000\/svg\" fill=\"currentColor\" viewbox=\"0 0 24 24\">\n  <path fill-rule=\"evenodd\" d=\"M12 1.25C6.063 1.25 1.25 6.063 1.25 12S6.063 22.75 12 22.75 22.75 17.937 22.75 12 17.937 1.25 12 1.25Zm4.737 8.426a1 1 0 0 0-1.474-1.352l-4.794 5.23-1.762-1.761a1 1 0 0 0-1.414 1.414l2.5 2.5a1 1 0 0 0 1.444-.031l5.5-6Z\" clip-rule=\"evenodd\"\/>\n<\/svg>\n<\/div><div class=\"ultp-list-title\">Vielseitige Einsatzbereiche: Fuhrparkverwaltung, Temperaturgef\u00fchrt, Schwerlast, Sammelgut, \u2026<\/div><\/div><\/li>\n<\/ul><\/div>\n\n\n\n<div class=\"guten-element guten-button-wrapper guten-K6tqbY\"><a class=\"guten-button guten-button-sm\" href=\"https:\/\/website-dev.brabender-group.com\/en\/speditionssoftware\/\" target=\"_blank\" rel=\"noreferrer noopener\"><span><strong>Ihr Transport-Herzst\u00fcck entdecken<\/strong><\/span><\/a><\/div>\n<\/div>\n\n\n\n<div class=\"wp-block-uagb-container uagb-block-8f433e64\">\n<figure class=\"wp-block-image size-large\"><img decoding=\"async\" width=\"1024\" height=\"724\" src=\"https:\/\/website-dev.brabender-group.com\/wp-content\/uploads\/2025\/12\/BRAgrp_monitor_logistic_suite_rechts-1024x724.png\" alt=\"\" class=\"wp-image-986\" srcset=\"https:\/\/website-dev.brabender-group.com\/wp-content\/uploads\/2025\/12\/BRAgrp_monitor_logistic_suite_rechts-1024x724.png 1024w, https:\/\/website-dev.brabender-group.com\/wp-content\/uploads\/2025\/12\/BRAgrp_monitor_logistic_suite_rechts-300x212.png 300w, https:\/\/website-dev.brabender-group.com\/wp-content\/uploads\/2025\/12\/BRAgrp_monitor_logistic_suite_rechts-768x543.png 768w, https:\/\/website-dev.brabender-group.com\/wp-content\/uploads\/2025\/12\/BRAgrp_monitor_logistic_suite_rechts-1536x1086.png 1536w, https:\/\/website-dev.brabender-group.com\/wp-content\/uploads\/2025\/12\/BRAgrp_monitor_logistic_suite_rechts-2048x1448.png 2048w, https:\/\/website-dev.brabender-group.com\/wp-content\/uploads\/2025\/12\/BRAgrp_monitor_logistic_suite_rechts-18x12.png 18w\" sizes=\"(max-width: 1024px) 100vw, 1024px\" \/><\/figure>\n<\/div>\n<\/div><\/div>\n\n\n\n<div style=\"height:100px\" aria-hidden=\"true\" class=\"wp-block-spacer\"><\/div>\n\n\n\n<div class=\"wp-block-uagb-container uagb-block-a2de78f9 alignfull uagb-is-root-container\"><div class=\"uagb-container-inner-blocks-wrap\">\n<div class=\"wp-block-uagb-container uagb-block-c458e7b6\">\n<figure class=\"wp-block-image size-large\"><img decoding=\"async\" width=\"1024\" height=\"724\" src=\"https:\/\/website-dev.brabender-group.com\/wp-content\/uploads\/2025\/12\/BRAgrp_monitor_telematik_links-1024x724.png\" alt=\"\" class=\"wp-image-987\" srcset=\"https:\/\/website-dev.brabender-group.com\/wp-content\/uploads\/2025\/12\/BRAgrp_monitor_telematik_links-1024x724.png 1024w, https:\/\/website-dev.brabender-group.com\/wp-content\/uploads\/2025\/12\/BRAgrp_monitor_telematik_links-300x212.png 300w, https:\/\/website-dev.brabender-group.com\/wp-content\/uploads\/2025\/12\/BRAgrp_monitor_telematik_links-768x543.png 768w, https:\/\/website-dev.brabender-group.com\/wp-content\/uploads\/2025\/12\/BRAgrp_monitor_telematik_links-1536x1086.png 1536w, https:\/\/website-dev.brabender-group.com\/wp-content\/uploads\/2025\/12\/BRAgrp_monitor_telematik_links-2048x1448.png 2048w, https:\/\/website-dev.brabender-group.com\/wp-content\/uploads\/2025\/12\/BRAgrp_monitor_telematik_links-18x12.png 18w\" sizes=\"(max-width: 1024px) 100vw, 1024px\" \/><\/figure>\n<\/div>\n\n\n\n<div class=\"wp-block-uagb-container uagb-block-b96b61b0\">\n<h2 class=\"wp-block-gutenverse-heading guten-element guten-gp1ga9\">Jederzeit wissen was l\u00e4uft.<\/h2>\n\n\n\n<div class=\"guten-element gutenverse-text-editor guten-LkPLBK\"><div class=\"text-content-inner\">\n<p><strong>BRABENDER mobile devices<\/strong> &#8211; Die Digitalisierung h\u00f6rt nicht an der Unternehmensmauer auf, die Grundlage der Wirtschaftlichkeit und des Wachstums sind die Echtzeitinformationen ihrer mobilen Ressourcen.<\/p>\n<\/div><\/div>\n\n\n\n<div class=\"wp-block-ultimate-post-advanced-list ultp-block-fc6915\"><ul class=\"ultp-list-wrapper ultp-list-layout1\">\n<li class=\"wp-block-ultimate-post-list ultp-block-00ce4e\"><div class=\"ultp-list-content\"><div class=\"ultp-listicon-bg\"><svg xmlns=\"http:\/\/www.w3.org\/2000\/svg\" fill=\"currentColor\" viewbox=\"0 0 24 24\">\n  <path fill-rule=\"evenodd\" d=\"M12 1.25C6.063 1.25 1.25 6.063 1.25 12S6.063 22.75 12 22.75 22.75 17.937 22.75 12 17.937 1.25 12 1.25Zm4.737 8.426a1 1 0 0 0-1.474-1.352l-4.794 5.23-1.762-1.761a1 1 0 0 0-1.414 1.414l2.5 2.5a1 1 0 0 0 1.444-.031l5.5-6Z\" clip-rule=\"evenodd\"\/>\n<\/svg>\n<\/div><div class=\"ultp-list-title\">Anzeige von Telemetrie Daten<\/div><\/div><\/li>\n\n\n\n<li class=\"wp-block-ultimate-post-list ultp-block-ffe294\"><div class=\"ultp-list-content\"><div class=\"ultp-listicon-bg\"><svg xmlns=\"http:\/\/www.w3.org\/2000\/svg\" fill=\"currentColor\" viewbox=\"0 0 24 24\">\n  <path fill-rule=\"evenodd\" d=\"M12 1.25C6.063 1.25 1.25 6.063 1.25 12S6.063 22.75 12 22.75 22.75 17.937 22.75 12 17.937 1.25 12 1.25Zm4.737 8.426a1 1 0 0 0-1.474-1.352l-4.794 5.23-1.762-1.761a1 1 0 0 0-1.414 1.414l2.5 2.5a1 1 0 0 0 1.444-.031l5.5-6Z\" clip-rule=\"evenodd\"\/>\n<\/svg>\n<\/div><div class=\"ultp-list-title\">Truck, Trailer und Ladung immer im Blick<\/div><\/div><\/li>\n\n\n\n<li class=\"wp-block-ultimate-post-list ultp-block-2b6490\"><div class=\"ultp-list-content\"><div class=\"ultp-listicon-bg\"><svg xmlns=\"http:\/\/www.w3.org\/2000\/svg\" fill=\"currentColor\" viewbox=\"0 0 24 24\">\n  <path fill-rule=\"evenodd\" d=\"M12 1.25C6.063 1.25 1.25 6.063 1.25 12S6.063 22.75 12 22.75 22.75 17.937 22.75 12 17.937 1.25 12 1.25Zm4.737 8.426a1 1 0 0 0-1.474-1.352l-4.794 5.23-1.762-1.761a1 1 0 0 0-1.414 1.414l2.5 2.5a1 1 0 0 0 1.444-.031l5.5-6Z\" clip-rule=\"evenodd\"\/>\n<\/svg>\n<\/div><div class=\"ultp-list-title\">Auswertung von Fahrzeug-, Touren- &amp; Fahrerstatistik<\/div><\/div><\/li>\n<\/ul><\/div>\n\n\n\n<div class=\"guten-element guten-button-wrapper guten-r2TbqP\"><a class=\"guten-button guten-button-sm\" href=\"https:\/\/website-dev.brabender-group.com\/en\/telematiksysteme\/\" target=\"_blank\" rel=\"noreferrer noopener\"><span><strong>Mehr \u00dcberblick mit Telematik<\/strong><\/span><\/a><\/div>\n<\/div>\n<\/div><\/div>\n\n\n\n<div style=\"height:100px\" aria-hidden=\"true\" class=\"wp-block-spacer\"><\/div>\n\n\n\n<div class=\"wp-block-group alignfull is-layout-constrained wp-container-core-group-is-layout-0c9c989a wp-block-group-is-layout-constrained\" style=\"min-height:0vh;margin-top:0;margin-bottom:0;padding-top:var(--wp--preset--spacing--70);padding-right:var(--wp--preset--spacing--40);padding-bottom:var(--wp--preset--spacing--70);padding-left:var(--wp--preset--spacing--40)\">\n<h2 class=\"wp-block-gutenverse-heading guten-element guten-vBHsJv scroll-behavior: smooth\" id=\"produkte\">Newsletter &#8211; BRABENDER puls<\/h2>\n\n\n\n<div class=\"wp-block-group is-layout-constrained wp-container-core-group-is-layout-346627ba wp-block-group-is-layout-constrained\">\n<p class=\"has-text-align-center\">Kompakt und konkret. Unser viertelj\u00e4hrlicher Newsletter informiert Sie \u00fcber L\u00f6sungen, Kunden, Veranstaltungen und Marktentwicklungen.<\/p>\n\n\n\n<p><\/p>\n<\/div>\n\n\n\n<div class=\"guten-element guten-button-wrapper guten-JYyTlh\"><a class=\"guten-button guten-button-sm\" href=\"https:\/\/website-dev.brabender-group.com\/en\/newsletter\/\" target=\"_blank\" rel=\"noreferrer noopener\"><span><strong>Jetzt abonnieren<\/strong><\/span><\/a><\/div>\n\n\n\n<div class=\"wp-block-uagb-container uagb-block-1f1a3bc0 alignfull uagb-is-root-container\"><div class=\"uagb-container-inner-blocks-wrap\">\n<div class=\"wp-block-gutenverse-image guten-element guten-image guten-R0g0wX\"><div class=\"guten-image-wrapper\"><img decoding=\"async\" class=\"gutenverse-image-box-empty\" src=\"https:\/\/website-dev.brabender-group.com\/wp-content\/plugins\/gutenverse\/lib\/framework\/assets\/img\/img-placeholder.jpg\"\/><\/div><\/div>\n\n\n\n<p aria-label=\"Text Paragraph\" class=\"guten-element gutenverse-text guten-gLsQGf\"><\/p>\n<\/div><\/div>\n<\/div>","protected":false},"excerpt":{"rendered":"<p>Die BRABENDER logistic suite (Basis) optimiert Ihre komplexen Prozesse von der Auftragssteuerung bis zur Fuhrparkverwaltung und sorgt durch integrierte Telematik f\u00fcr transparente Abl\u00e4ufe, geringere Kosten und verbesserten Kundenservice. Kompakt und konkret. Unser viertelj\u00e4hrlicher Newsletter informiert Sie \u00fcber L\u00f6sungen, Kunden, Veranstaltungen und Marktentwicklungen.<\/p>","protected":false},"author":1,"featured_media":0,"parent":0,"menu_order":0,"comment_status":"closed","ping_status":"closed","template":"","meta":{"_uag_custom_page_level_css":"","footnotes":""},"class_list":["post-15","page","type-page","status-publish","hentry"],"blocksy_meta":[],"featured_image_src":null,"yoast_head":"<!-- This site is optimized with the Yoast SEO plugin v27.0 - https:\/\/yoast.com\/product\/yoast-seo-wordpress\/ -->\n<title>Home -<\/title>\n<meta name=\"robots\" content=\"index, follow, max-snippet:-1, max-image-preview:large, max-video-preview:-1\" \/>\n<link rel=\"canonical\" href=\"https:\/\/website-dev.brabender-group.com\/en\/\" \/>\n<meta property=\"og:locale\" content=\"en_US\" \/>\n<meta property=\"og:type\" content=\"article\" \/>\n<meta property=\"og:title\" content=\"Home -\" \/>\n<meta property=\"og:description\" content=\"Die BRABENDER logistic suite (Basis) optimiert Ihre komplexen Prozesse von der Auftragssteuerung bis zur Fuhrparkverwaltung und sorgt durch integrierte Telematik f\u00fcr transparente Abl\u00e4ufe, geringere Kosten und verbesserten Kundenservice. Kompakt und konkret. Unser viertelj\u00e4hrlicher Newsletter informiert Sie \u00fcber L\u00f6sungen, Kunden, Veranstaltungen und Marktentwicklungen.\" \/>\n<meta property=\"og:url\" content=\"https:\/\/website-dev.brabender-group.com\/en\/\" \/>\n<meta property=\"article:modified_time\" content=\"2026-03-13T08:13:12+00:00\" \/>\n<meta property=\"og:image\" content=\"https:\/\/website-dev.brabender-group.com\/wp-content\/uploads\/2025\/12\/BRAgrp_monitor_logistic_suite_rechts-scaled.png\" \/>\n\t<meta property=\"og:image:width\" content=\"2560\" \/>\n\t<meta property=\"og:image:height\" content=\"1810\" \/>\n\t<meta property=\"og:image:type\" content=\"image\/png\" \/>\n<meta name=\"twitter:card\" content=\"summary_large_image\" \/>\n<meta name=\"twitter:label1\" content=\"Est. reading time\" \/>\n\t<meta name=\"twitter:data1\" content=\"3 minutes\" \/>\n<script type=\"application\/ld+json\" class=\"yoast-schema-graph\">{\"@context\":\"https:\/\/schema.org\",\"@graph\":[{\"@type\":\"WebPage\",\"@id\":\"https:\/\/website-dev.brabender-group.com\/\",\"url\":\"https:\/\/website-dev.brabender-group.com\/\",\"name\":\"Home -\",\"isPartOf\":{\"@id\":\"https:\/\/website-dev.brabender-group.com\/#website\"},\"primaryImageOfPage\":{\"@id\":\"https:\/\/website-dev.brabender-group.com\/#primaryimage\"},\"image\":{\"@id\":\"https:\/\/website-dev.brabender-group.com\/#primaryimage\"},\"thumbnailUrl\":\"https:\/\/website-dev.brabender-group.com\/wp-content\/uploads\/2025\/12\/BRAgrp_monitor_logistic_suite_rechts-1024x724.png\",\"datePublished\":\"2025-11-05T09:08:54+00:00\",\"dateModified\":\"2026-03-13T08:13:12+00:00\",\"breadcrumb\":{\"@id\":\"https:\/\/website-dev.brabender-group.com\/#breadcrumb\"},\"inLanguage\":\"en-US\",\"potentialAction\":[{\"@type\":\"ReadAction\",\"target\":[\"https:\/\/website-dev.brabender-group.com\/\"]}]},{\"@type\":\"ImageObject\",\"inLanguage\":\"en-US\",\"@id\":\"https:\/\/website-dev.brabender-group.com\/#primaryimage\",\"url\":\"https:\/\/website-dev.brabender-group.com\/wp-content\/uploads\/2025\/12\/BRAgrp_monitor_logistic_suite_rechts-1024x724.png\",\"contentUrl\":\"https:\/\/website-dev.brabender-group.com\/wp-content\/uploads\/2025\/12\/BRAgrp_monitor_logistic_suite_rechts-1024x724.png\"},{\"@type\":\"BreadcrumbList\",\"@id\":\"https:\/\/website-dev.brabender-group.com\/#breadcrumb\",\"itemListElement\":[{\"@type\":\"ListItem\",\"position\":1,\"name\":\"Start\",\"item\":\"https:\/\/website-dev.brabender-group.com\/\"},{\"@type\":\"ListItem\",\"position\":2,\"name\":\"Home\"}]},{\"@type\":\"WebSite\",\"@id\":\"https:\/\/website-dev.brabender-group.com\/#website\",\"url\":\"https:\/\/website-dev.brabender-group.com\/\",\"name\":\"\",\"description\":\"\",\"potentialAction\":[{\"@type\":\"SearchAction\",\"target\":{\"@type\":\"EntryPoint\",\"urlTemplate\":\"https:\/\/website-dev.brabender-group.com\/?s={search_term_string}\"},\"query-input\":{\"@type\":\"PropertyValueSpecification\",\"valueRequired\":true,\"valueName\":\"search_term_string\"}}],\"inLanguage\":\"en-US\"}]}<\/script>\n<!-- \/ Yoast SEO plugin. -->","yoast_head_json":{"title":"Home -","robots":{"index":"index","follow":"follow","max-snippet":"max-snippet:-1","max-image-preview":"max-image-preview:large","max-video-preview":"max-video-preview:-1"},"canonical":"https:\/\/website-dev.brabender-group.com\/en\/","og_locale":"en_US","og_type":"article","og_title":"Home -","og_description":"Die BRABENDER logistic suite (Basis) optimiert Ihre komplexen Prozesse von der Auftragssteuerung bis zur Fuhrparkverwaltung und sorgt durch integrierte Telematik f\u00fcr transparente Abl\u00e4ufe, geringere Kosten und verbesserten Kundenservice. Kompakt und konkret. Unser viertelj\u00e4hrlicher Newsletter informiert Sie \u00fcber L\u00f6sungen, Kunden, Veranstaltungen und Marktentwicklungen.","og_url":"https:\/\/website-dev.brabender-group.com\/en\/","article_modified_time":"2026-03-13T08:13:12+00:00","og_image":[{"width":2560,"height":1810,"url":"https:\/\/website-dev.brabender-group.com\/wp-content\/uploads\/2025\/12\/BRAgrp_monitor_logistic_suite_rechts-scaled.png","type":"image\/png"}],"twitter_card":"summary_large_image","twitter_misc":{"Est. reading time":"3 minutes"},"schema":{"@context":"https:\/\/schema.org","@graph":[{"@type":"WebPage","@id":"https:\/\/website-dev.brabender-group.com\/","url":"https:\/\/website-dev.brabender-group.com\/","name":"Home -","isPartOf":{"@id":"https:\/\/website-dev.brabender-group.com\/#website"},"primaryImageOfPage":{"@id":"https:\/\/website-dev.brabender-group.com\/#primaryimage"},"image":{"@id":"https:\/\/website-dev.brabender-group.com\/#primaryimage"},"thumbnailUrl":"https:\/\/website-dev.brabender-group.com\/wp-content\/uploads\/2025\/12\/BRAgrp_monitor_logistic_suite_rechts-1024x724.png","datePublished":"2025-11-05T09:08:54+00:00","dateModified":"2026-03-13T08:13:12+00:00","breadcrumb":{"@id":"https:\/\/website-dev.brabender-group.com\/#breadcrumb"},"inLanguage":"en-US","potentialAction":[{"@type":"ReadAction","target":["https:\/\/website-dev.brabender-group.com\/"]}]},{"@type":"ImageObject","inLanguage":"en-US","@id":"https:\/\/website-dev.brabender-group.com\/#primaryimage","url":"https:\/\/website-dev.brabender-group.com\/wp-content\/uploads\/2025\/12\/BRAgrp_monitor_logistic_suite_rechts-1024x724.png","contentUrl":"https:\/\/website-dev.brabender-group.com\/wp-content\/uploads\/2025\/12\/BRAgrp_monitor_logistic_suite_rechts-1024x724.png"},{"@type":"BreadcrumbList","@id":"https:\/\/website-dev.brabender-group.com\/#breadcrumb","itemListElement":[{"@type":"ListItem","position":1,"name":"Start","item":"https:\/\/website-dev.brabender-group.com\/"},{"@type":"ListItem","position":2,"name":"Home"}]},{"@type":"WebSite","@id":"https:\/\/website-dev.brabender-group.com\/#website","url":"https:\/\/website-dev.brabender-group.com\/","name":"","description":"","potentialAction":[{"@type":"SearchAction","target":{"@type":"EntryPoint","urlTemplate":"https:\/\/website-dev.brabender-group.com\/?s={search_term_string}"},"query-input":{"@type":"PropertyValueSpecification","valueRequired":true,"valueName":"search_term_string"}}],"inLanguage":"en-US"}]}},"uagb_featured_image_src":{"full":false,"thumbnail":false,"medium":false,"medium_large":false,"large":false,"1536x1536":false,"2048x2048":false,"trp-custom-language-flag":false,"ultp_layout_landscape_large":false,"ultp_layout_landscape":false,"ultp_layout_portrait":false,"ultp_layout_square":false},"uagb_author_info":{"display_name":"admin","author_link":"https:\/\/website-dev.brabender-group.com\/en\/author\/admin\/"},"uagb_comment_info":0,"uagb_excerpt":"Die BRABENDER logistic suite (Basis) optimiert Ihre komplexen Prozesse von der Auftragssteuerung bis zur Fuhrparkverwaltung und sorgt durch integrierte Telematik f\u00fcr transparente Abl\u00e4ufe, geringere Kosten und verbesserten Kundenservice. Kompakt und konkret. Unser viertelj\u00e4hrlicher Newsletter informiert Sie \u00fcber L\u00f6sungen, Kunden, Veranstaltungen und Marktentwicklungen.","_links":{"self":[{"href":"https:\/\/website-dev.brabender-group.com\/en\/wp-json\/wp\/v2\/pages\/15","targetHints":{"allow":["GET"]}}],"collection":[{"href":"https:\/\/website-dev.brabender-group.com\/en\/wp-json\/wp\/v2\/pages"}],"about":[{"href":"https:\/\/website-dev.brabender-group.com\/en\/wp-json\/wp\/v2\/types\/page"}],"author":[{"embeddable":true,"href":"https:\/\/website-dev.brabender-group.com\/en\/wp-json\/wp\/v2\/users\/1"}],"replies":[{"embeddable":true,"href":"https:\/\/website-dev.brabender-group.com\/en\/wp-json\/wp\/v2\/comments?post=15"}],"version-history":[{"count":75,"href":"https:\/\/website-dev.brabender-group.com\/en\/wp-json\/wp\/v2\/pages\/15\/revisions"}],"predecessor-version":[{"id":1114,"href":"https:\/\/website-dev.brabender-group.com\/en\/wp-json\/wp\/v2\/pages\/15\/revisions\/1114"}],"wp:attachment":[{"href":"https:\/\/website-dev.brabender-group.com\/en\/wp-json\/wp\/v2\/media?parent=15"}],"curies":[{"name":"wp","href":"https:\/\/api.w.org\/{rel}","templated":true}]}}