{"id":227,"date":"2025-11-05T17:29:27","date_gmt":"2025-11-05T17:29:27","guid":{"rendered":"https:\/\/website-dev.brabender-group.com\/?page_id=227"},"modified":"2026-03-04T16:24:05","modified_gmt":"2026-03-04T16:24:05","slug":"controllingsoftware","status":"publish","type":"page","link":"https:\/\/website-dev.brabender-group.com\/en\/controllingsoftware\/","title":{"rendered":"Controllingsoftware"},"content":{"rendered":"<div class=\"wp-block-group alignfull has-very-light-gray-color has-text-color has-link-color wp-elements-431a63f05c98adef8e9b5caab82f30d3 is-layout-constrained wp-container-core-group-is-layout-13c0cbc6 wp-block-group-is-layout-constrained has-background\" style=\"min-height:0vh;margin-top:0;margin-bottom:0;padding-top:var(--wp--preset--spacing--30);padding-right:0;padding-bottom:var(--wp--preset--spacing--30);padding-left:0;background-image:url(&apos;https:\/\/website-dev.brabender-group.com\/wp-content\/uploads\/2025\/11\/020_background_netz.png&apos;);background-size:cover;background-attachment:scroll;\">\n<div class=\"wp-block-group is-layout-constrained wp-container-core-group-is-layout-346627ba wp-block-group-is-layout-constrained\">\n<h2 class=\"wp-block-heading has-text-align-center has-white-color has-text-color has-link-color has-x-large-font-size wp-elements-f1ba2f7ee2e5ae9d7fa7879ca16d8c33\" style=\"margin-right:0;margin-left:0;padding-top:0;padding-right:0;padding-bottom:0;padding-left:0\">BRABENDER control it<\/h2>\n\n\n\n<p class=\"has-text-align-center has-medium-font-size\">Mit Zahlen transparent f\u00fchren<\/p>\n\n\n\n<p><\/p>\n\n\n\n<div class=\"wp-block-buttons is-content-justification-center is-layout-flex wp-container-core-buttons-is-layout-a89b3969 wp-block-buttons-is-layout-flex\">\n<div class=\"wp-block-button is-style-fill\"><a class=\"wp-block-button__link has-bra-orange-background-color has-background wp-element-button\" href=\"https:\/\/website-dev.brabender-group.com\/en\/kontakt\/\">Experten kontaktieren<\/a><\/div>\n<\/div>\n<\/div>\n<\/div>\n\n\n\n<div class=\"wp-block-uagb-container uagb-block-b607cad2 alignfull uagb-is-root-container\"><div class=\"uagb-container-inner-blocks-wrap\">\n<div class=\"wp-block-uagb-container uagb-block-f87b02af\">\n<p class=\"has-text-align-center\">Ein gutes Schweizer Taschenmesser ist zur Hand, wenn man es braucht. So ist es auch mit Informationen. Mit&nbsp;<strong>BRABENDER control it<\/strong>&nbsp;sehen Sie auf einen Blick, wo Ihr Unternehmen aktuell steht. Die Controllingsoftware ist ein praktisches Werkzeug zur Planung und Steuerung Ihres Unternehmens. Das Modul arbeitet mit Business Intelligence und allen verf\u00fcgbaren Daten. Statt starrer Standardberichte zeigt ein individuelles Cockpit je nach Berechtigung die passenden Kennzahlen. Das erm\u00f6glicht eine zielorientierte Steuerung auf allen Ebenen und in allen Bereichen. So k\u00f6nnen Sie Probleme fr\u00fchzeitig erkennen und gegensteuern. Die perfekte Erg\u00e4nzung zur&nbsp;<strong><a href=\"https:\/\/website-dev.brabender-group.com\/en\/speditionssoftware\/\" data-type=\"page\" data-id=\"136\">BRABENDER logistic suite<\/a>.<\/strong><\/p>\n<\/div>\n\n\n\n<div class=\"wp-block-uagb-container uagb-block-4142ceae\">\n<figure class=\"wp-block-image size-full\"><img decoding=\"async\" width=\"600\" height=\"424\" src=\"https:\/\/website-dev.brabender-group.com\/wp-content\/uploads\/2025\/11\/bls_controlit_monitor_einzel.png\" alt=\"\" class=\"wp-image-228\" srcset=\"https:\/\/website-dev.brabender-group.com\/wp-content\/uploads\/2025\/11\/bls_controlit_monitor_einzel.png 600w, https:\/\/website-dev.brabender-group.com\/wp-content\/uploads\/2025\/11\/bls_controlit_monitor_einzel-300x212.png 300w\" sizes=\"(max-width: 600px) 100vw, 600px\" \/><\/figure>\n<\/div>\n<\/div><\/div>\n\n\n\n<div class=\"wp-block-uagb-container uagb-block-3ce0488c alignfull uagb-is-root-container\"><div class=\"uagb-container-inner-blocks-wrap\">\n<div class=\"wp-block-uagb-container uagb-block-03321628\">\n<div class=\"wp-block-uagb-advanced-heading uagb-block-4e51e608\"><h3 class=\"uagb-heading-text\">Ein zentrales Controlling mit Business Intelligence f\u00fcr alle Daten<\/h3><\/div>\n\n\n\n<p class=\"has-text-align-center\">Als Stand-alone-L\u00f6sung f\u00fcr die moderne Datenanalyse und -Auswertung entwickelt, integriert die flexible Technologie von CSV bis Excel alle Dateiformate und nahezu alle Datenbanken. So entsteht ein Gesamtsystem f\u00fcr Daten aus unterschiedlichen Softwaresystemen.&nbsp;<\/p>\n<\/div>\n<\/div><\/div>\n\n\n\n<div class=\"wp-block-uagb-container uagb-block-8c37c2c9 alignfull uagb-is-root-container\"><div class=\"uagb-container-inner-blocks-wrap\">\n<div class=\"wp-block-uagb-container uagb-layout-flex uagb-block-ab3cbb20\">\n<div class=\"wp-block-uagb-info-box uagb-block-49074ee0 uagb-infobox__content-wrap  uagb-infobox-icon-above-title uagb-infobox-image-valign-top\"><div class=\"uagb-ifb-content\"><div class=\"uagb-ifb-image-content\"><img decoding=\"async\" src=\"http:\/\/website-dev.brabender-group.com\/wp-content\/uploads\/2025\/11\/planungsdaten.png\" alt=\"\" width=\"\" height=\"0\" loading=\"lazy\"\/><\/div><div class=\"uagb-ifb-title-wrap\"><h3 class=\"uagb-ifb-title\">Planung<\/h3><\/div><p class=\"uagb-ifb-desc\">Sie haben Planungsdaten in Excel und m\u00f6chten diese mit den operativen Daten abgleichen? Sie binden Ihre Excel-Datei in Ihr Controlling ein. \u00dcber einen integrierten Verteilungsmechanismus k\u00f6nnen Sie Monatswerte in Tageswerte umrechnen.&nbsp;<\/p><\/div><\/div>\n<\/div>\n\n\n\n<div class=\"wp-block-uagb-container uagb-block-113f4ca5\">\n<div class=\"wp-block-uagb-info-box uagb-block-b55705ec uagb-infobox__content-wrap  uagb-infobox-icon-above-title uagb-infobox-image-valign-top\"><div class=\"uagb-ifb-content\"><div class=\"uagb-ifb-image-content\"><img decoding=\"async\" src=\"http:\/\/website-dev.brabender-group.com\/wp-content\/uploads\/2025\/11\/ci_datenaustms_blau.png\" alt=\"\" width=\"\" height=\"0\" loading=\"lazy\"\/><\/div><div class=\"uagb-ifb-title-wrap\"><h3 class=\"uagb-ifb-title\">Spedition<\/h3><\/div><p class=\"uagb-ifb-desc\">Operative Daten aus dem Tagesgesch\u00e4ft im zentralen System? Kein Problem. Daten aus offenen Systemen lassen sich in&nbsp;<strong>BRABENDER control it<\/strong>&nbsp;integrieren. Bei unzureichender Datenmenge oder -qualit\u00e4t sind Korrekturen oder Nachkalkulationen m\u00f6glich.<\/p><\/div><\/div>\n<\/div>\n\n\n\n<div class=\"wp-block-uagb-container uagb-block-560a004f\">\n<div class=\"wp-block-uagb-info-box uagb-block-3d49feec uagb-infobox__content-wrap  uagb-infobox-icon-above-title uagb-infobox-image-valign-top\"><div class=\"uagb-ifb-content\"><div class=\"uagb-ifb-image-content\"><img decoding=\"async\" src=\"http:\/\/website-dev.brabender-group.com\/wp-content\/uploads\/2025\/11\/ci_datenausfibu_blau.png\" alt=\"\" width=\"\" height=\"0\" loading=\"lazy\"\/><\/div><div class=\"uagb-ifb-title-wrap\"><h3 class=\"uagb-ifb-title\">FIBU und Kostenrechnung<\/h3><\/div><p class=\"uagb-ifb-desc\">Mit den Daten aus der Finanzbuchhaltung und der Kostenrechnung haben Sie den \u00dcberblick. Sie lassen sich leicht integrieren. Rentabilit\u00e4t, Liquidit\u00e4t oder offene Posten flie\u00dfen direkt in das Controlling ein. So sind Sie immer auf dem neuesten Stand.<\/p><\/div><\/div>\n<\/div>\n<\/div><\/div>\n\n\n\n<div class=\"wp-block-uagb-container uagb-block-95f7ca32 alignfull uagb-is-root-container\"><div class=\"uagb-container-inner-blocks-wrap\">\n<div class=\"wp-block-uagb-container uagb-layout-flex uagb-block-414f2ab8\">\n<div class=\"wp-block-uagb-info-box uagb-block-e4c7e789 uagb-infobox__content-wrap  uagb-infobox-icon-above-title uagb-infobox-image-valign-top\"><div class=\"uagb-ifb-content\"><div class=\"uagb-ifb-image-content\"><img decoding=\"async\" src=\"http:\/\/website-dev.brabender-group.com\/wp-content\/uploads\/2025\/11\/ci_datenausfuhrpark_blau.png\" alt=\"\" width=\"\" height=\"0\" loading=\"lazy\"\/><\/div><div class=\"uagb-ifb-title-wrap\"><h3 class=\"uagb-ifb-title\">Fuhrpark<\/h3><\/div><p class=\"uagb-ifb-desc\">Der Fuhrpark ist ein massiver Kostenfaktor. Daten aus diesem Bereich sind wichtig f\u00fcr Ihr Controlling. Deshalb integrieren wir Daten aus unterschiedlichsten Quellen. So, dass Sie die Leistungs- und Verbrauchsdaten Ihrer Ressourcen immer auf dem Schirm haben.<br><\/p><\/div><\/div>\n<\/div>\n\n\n\n<div class=\"wp-block-uagb-container uagb-block-474ea38b\">\n<div class=\"wp-block-uagb-info-box uagb-block-c5d33acf uagb-infobox__content-wrap  uagb-infobox-icon-above-title uagb-infobox-image-valign-top\"><div class=\"uagb-ifb-content\"><div class=\"uagb-ifb-image-content\"><img decoding=\"async\" src=\"http:\/\/website-dev.brabender-group.com\/wp-content\/uploads\/2025\/11\/kontrollekundendaten.png\" alt=\"\" width=\"\" height=\"0\" loading=\"lazy\"\/><\/div><div class=\"uagb-ifb-title-wrap\"><h3 class=\"uagb-ifb-title\">Ausschreibungen<\/h3><\/div><p class=\"uagb-ifb-desc\">Wissen, ab wann die Mischkalkulation auf Basis von Kundendaten nicht aufgeht und die Realit\u00e4t vom Plan abweicht. Dazu vergleicht die Controlling Software geplante Verlademengen mit tats\u00e4chlichen Transporten.<\/p><\/div><\/div>\n<\/div>\n\n\n\n<div class=\"wp-block-uagb-container uagb-block-9bf70d98\">\n<div class=\"wp-block-uagb-info-box uagb-block-952579bd uagb-infobox__content-wrap  uagb-infobox-icon-above-title uagb-infobox-image-valign-top\"><div class=\"uagb-ifb-content\"><div class=\"uagb-ifb-image-content\"><img decoding=\"async\" src=\"http:\/\/website-dev.brabender-group.com\/wp-content\/uploads\/2025\/11\/ci_verarbeiten.png\" alt=\"\" width=\"\" height=\"0\" loading=\"lazy\"\/><\/div><div class=\"uagb-ifb-title-wrap\"><h3 class=\"uagb-ifb-title\">Verdichtung und Aufbereitung<\/h3><\/div><p class=\"uagb-ifb-desc\">Informationen aus verschiedenen Datenquellen automatisch vergleichen, bereinigen, modifizieren und verkn\u00fcpfen. Das \u00fcbernimmt die im System integrierte Serversoftware. So zeigt&nbsp;<strong>BRABENDER control it<\/strong>&nbsp;hochwertige Daten f\u00fcr gute Entscheidungen.<\/p><\/div><\/div>\n<\/div>\n<\/div><\/div>\n\n\n\n<div class=\"wp-block-group alignfull has-very-light-gray-color has-text-color has-link-color wp-elements-8eca8602780bccdbe3bbad98841aa03c is-layout-constrained wp-container-core-group-is-layout-13c0cbc6 wp-block-group-is-layout-constrained has-background\" style=\"min-height:0vh;margin-top:0;margin-bottom:0;padding-top:var(--wp--preset--spacing--30);padding-right:0;padding-bottom:var(--wp--preset--spacing--30);padding-left:0;background-image:url(&apos;https:\/\/website-dev.brabender-group.com\/wp-content\/uploads\/2025\/11\/020_background_netz.png&apos;);background-size:cover;background-attachment:scroll;\">\n<div class=\"wp-block-group is-layout-constrained wp-container-core-group-is-layout-346627ba wp-block-group-is-layout-constrained\">\n<div class=\"wp-block-buttons is-content-justification-center is-layout-flex wp-container-core-buttons-is-layout-a89b3969 wp-block-buttons-is-layout-flex\">\n<div class=\"wp-block-button is-style-fill\"><a class=\"wp-block-button__link has-bra-orange-background-color has-background wp-element-button\" href=\"https:\/\/website-dev.brabender-group.com\/en\/kontakt\/\">Experten kontaktieren<\/a><\/div>\n<\/div>\n<\/div>\n<\/div>\n\n\n\n<p><\/p>","protected":false},"excerpt":{"rendered":"<p>BRABENDER control it Mit Zahlen transparent f\u00fchren Ein gutes Schweizer Taschenmesser ist zur Hand, wenn man es braucht. So ist es auch mit Informationen. Mit&nbsp;BRABENDER control it&nbsp;sehen Sie auf einen Blick, wo Ihr Unternehmen aktuell steht. Die Controllingsoftware ist ein praktisches Werkzeug zur Planung und Steuerung Ihres Unternehmens. Das Modul arbeitet mit Business Intelligence und [&hellip;]<\/p>\n","protected":false},"author":1,"featured_media":0,"parent":0,"menu_order":0,"comment_status":"closed","ping_status":"closed","template":"","meta":{"_uag_custom_page_level_css":"","footnotes":""},"class_list":["post-227","page","type-page","status-publish","hentry"],"blocksy_meta":[],"featured_image_src":null,"yoast_head":"<!-- This site is optimized with the Yoast SEO plugin v27.0 - https:\/\/yoast.com\/product\/yoast-seo-wordpress\/ -->\n<title>Controllingsoftware -<\/title>\n<meta name=\"robots\" content=\"index, follow, max-snippet:-1, max-image-preview:large, max-video-preview:-1\" \/>\n<link rel=\"canonical\" href=\"https:\/\/website-dev.brabender-group.com\/en\/controllingsoftware\/\" \/>\n<meta property=\"og:locale\" content=\"en_US\" \/>\n<meta property=\"og:type\" content=\"article\" \/>\n<meta property=\"og:title\" content=\"Controllingsoftware -\" \/>\n<meta property=\"og:description\" content=\"BRABENDER control it Mit Zahlen transparent f\u00fchren Ein gutes Schweizer Taschenmesser ist zur Hand, wenn man es braucht. So ist es auch mit Informationen. Mit&nbsp;BRABENDER control it&nbsp;sehen Sie auf einen Blick, wo Ihr Unternehmen aktuell steht. Die Controllingsoftware ist ein praktisches Werkzeug zur Planung und Steuerung Ihres Unternehmens. Das Modul arbeitet mit Business Intelligence und [&hellip;]\" \/>\n<meta property=\"og:url\" content=\"https:\/\/website-dev.brabender-group.com\/en\/controllingsoftware\/\" \/>\n<meta property=\"article:modified_time\" content=\"2026-03-04T16:24:05+00:00\" \/>\n<meta property=\"og:image\" content=\"https:\/\/website-dev.brabender-group.com\/wp-content\/uploads\/2025\/11\/bls_controlit_monitor_einzel.png\" \/>\n\t<meta property=\"og:image:width\" content=\"600\" \/>\n\t<meta property=\"og:image:height\" content=\"424\" \/>\n\t<meta property=\"og:image:type\" content=\"image\/png\" \/>\n<meta name=\"twitter:card\" content=\"summary_large_image\" \/>\n<meta name=\"twitter:label1\" content=\"Est. reading time\" \/>\n\t<meta name=\"twitter:data1\" content=\"4 minutes\" \/>\n<script type=\"application\/ld+json\" class=\"yoast-schema-graph\">{\"@context\":\"https:\/\/schema.org\",\"@graph\":[{\"@type\":\"WebPage\",\"@id\":\"https:\/\/website-dev.brabender-group.com\/controllingsoftware\/\",\"url\":\"https:\/\/website-dev.brabender-group.com\/controllingsoftware\/\",\"name\":\"Controllingsoftware -\",\"isPartOf\":{\"@id\":\"https:\/\/website-dev.brabender-group.com\/#website\"},\"primaryImageOfPage\":{\"@id\":\"https:\/\/website-dev.brabender-group.com\/controllingsoftware\/#primaryimage\"},\"image\":{\"@id\":\"https:\/\/website-dev.brabender-group.com\/controllingsoftware\/#primaryimage\"},\"thumbnailUrl\":\"https:\/\/website-dev.brabender-group.com\/wp-content\/uploads\/2025\/11\/bls_controlit_monitor_einzel.png\",\"datePublished\":\"2025-11-05T17:29:27+00:00\",\"dateModified\":\"2026-03-04T16:24:05+00:00\",\"breadcrumb\":{\"@id\":\"https:\/\/website-dev.brabender-group.com\/controllingsoftware\/#breadcrumb\"},\"inLanguage\":\"en-US\",\"potentialAction\":[{\"@type\":\"ReadAction\",\"target\":[\"https:\/\/website-dev.brabender-group.com\/controllingsoftware\/\"]}]},{\"@type\":\"ImageObject\",\"inLanguage\":\"en-US\",\"@id\":\"https:\/\/website-dev.brabender-group.com\/controllingsoftware\/#primaryimage\",\"url\":\"https:\/\/website-dev.brabender-group.com\/wp-content\/uploads\/2025\/11\/bls_controlit_monitor_einzel.png\",\"contentUrl\":\"https:\/\/website-dev.brabender-group.com\/wp-content\/uploads\/2025\/11\/bls_controlit_monitor_einzel.png\"},{\"@type\":\"BreadcrumbList\",\"@id\":\"https:\/\/website-dev.brabender-group.com\/controllingsoftware\/#breadcrumb\",\"itemListElement\":[{\"@type\":\"ListItem\",\"position\":1,\"name\":\"Start\",\"item\":\"https:\/\/website-dev.brabender-group.com\/\"},{\"@type\":\"ListItem\",\"position\":2,\"name\":\"Controllingsoftware\"}]},{\"@type\":\"WebSite\",\"@id\":\"https:\/\/website-dev.brabender-group.com\/#website\",\"url\":\"https:\/\/website-dev.brabender-group.com\/\",\"name\":\"\",\"description\":\"\",\"potentialAction\":[{\"@type\":\"SearchAction\",\"target\":{\"@type\":\"EntryPoint\",\"urlTemplate\":\"https:\/\/website-dev.brabender-group.com\/?s={search_term_string}\"},\"query-input\":{\"@type\":\"PropertyValueSpecification\",\"valueRequired\":true,\"valueName\":\"search_term_string\"}}],\"inLanguage\":\"en-US\"}]}<\/script>\n<!-- \/ Yoast SEO plugin. -->","yoast_head_json":{"title":"Controllingsoftware -","robots":{"index":"index","follow":"follow","max-snippet":"max-snippet:-1","max-image-preview":"max-image-preview:large","max-video-preview":"max-video-preview:-1"},"canonical":"https:\/\/website-dev.brabender-group.com\/en\/controllingsoftware\/","og_locale":"en_US","og_type":"article","og_title":"Controllingsoftware -","og_description":"BRABENDER control it Mit Zahlen transparent f\u00fchren Ein gutes Schweizer Taschenmesser ist zur Hand, wenn man es braucht. So ist es auch mit Informationen. Mit&nbsp;BRABENDER control it&nbsp;sehen Sie auf einen Blick, wo Ihr Unternehmen aktuell steht. Die Controllingsoftware ist ein praktisches Werkzeug zur Planung und Steuerung Ihres Unternehmens. Das Modul arbeitet mit Business Intelligence und [&hellip;]","og_url":"https:\/\/website-dev.brabender-group.com\/en\/controllingsoftware\/","article_modified_time":"2026-03-04T16:24:05+00:00","og_image":[{"width":600,"height":424,"url":"https:\/\/website-dev.brabender-group.com\/wp-content\/uploads\/2025\/11\/bls_controlit_monitor_einzel.png","type":"image\/png"}],"twitter_card":"summary_large_image","twitter_misc":{"Est. reading time":"4 minutes"},"schema":{"@context":"https:\/\/schema.org","@graph":[{"@type":"WebPage","@id":"https:\/\/website-dev.brabender-group.com\/controllingsoftware\/","url":"https:\/\/website-dev.brabender-group.com\/controllingsoftware\/","name":"Controllingsoftware -","isPartOf":{"@id":"https:\/\/website-dev.brabender-group.com\/#website"},"primaryImageOfPage":{"@id":"https:\/\/website-dev.brabender-group.com\/controllingsoftware\/#primaryimage"},"image":{"@id":"https:\/\/website-dev.brabender-group.com\/controllingsoftware\/#primaryimage"},"thumbnailUrl":"https:\/\/website-dev.brabender-group.com\/wp-content\/uploads\/2025\/11\/bls_controlit_monitor_einzel.png","datePublished":"2025-11-05T17:29:27+00:00","dateModified":"2026-03-04T16:24:05+00:00","breadcrumb":{"@id":"https:\/\/website-dev.brabender-group.com\/controllingsoftware\/#breadcrumb"},"inLanguage":"en-US","potentialAction":[{"@type":"ReadAction","target":["https:\/\/website-dev.brabender-group.com\/controllingsoftware\/"]}]},{"@type":"ImageObject","inLanguage":"en-US","@id":"https:\/\/website-dev.brabender-group.com\/controllingsoftware\/#primaryimage","url":"https:\/\/website-dev.brabender-group.com\/wp-content\/uploads\/2025\/11\/bls_controlit_monitor_einzel.png","contentUrl":"https:\/\/website-dev.brabender-group.com\/wp-content\/uploads\/2025\/11\/bls_controlit_monitor_einzel.png"},{"@type":"BreadcrumbList","@id":"https:\/\/website-dev.brabender-group.com\/controllingsoftware\/#breadcrumb","itemListElement":[{"@type":"ListItem","position":1,"name":"Start","item":"https:\/\/website-dev.brabender-group.com\/"},{"@type":"ListItem","position":2,"name":"Controllingsoftware"}]},{"@type":"WebSite","@id":"https:\/\/website-dev.brabender-group.com\/#website","url":"https:\/\/website-dev.brabender-group.com\/","name":"","description":"","potentialAction":[{"@type":"SearchAction","target":{"@type":"EntryPoint","urlTemplate":"https:\/\/website-dev.brabender-group.com\/?s={search_term_string}"},"query-input":{"@type":"PropertyValueSpecification","valueRequired":true,"valueName":"search_term_string"}}],"inLanguage":"en-US"}]}},"uagb_featured_image_src":{"full":false,"thumbnail":false,"medium":false,"medium_large":false,"large":false,"1536x1536":false,"2048x2048":false,"trp-custom-language-flag":false,"ultp_layout_landscape_large":false,"ultp_layout_landscape":false,"ultp_layout_portrait":false,"ultp_layout_square":false},"uagb_author_info":{"display_name":"admin","author_link":"https:\/\/website-dev.brabender-group.com\/en\/author\/admin\/"},"uagb_comment_info":0,"uagb_excerpt":"BRABENDER control it Mit Zahlen transparent f\u00fchren Ein gutes Schweizer Taschenmesser ist zur Hand, wenn man es braucht. So ist es auch mit Informationen. Mit&nbsp;BRABENDER control it&nbsp;sehen Sie auf einen Blick, wo Ihr Unternehmen aktuell steht. Die Controllingsoftware ist ein praktisches Werkzeug zur Planung und Steuerung Ihres Unternehmens. Das Modul arbeitet mit Business Intelligence und&hellip;","_links":{"self":[{"href":"https:\/\/website-dev.brabender-group.com\/en\/wp-json\/wp\/v2\/pages\/227","targetHints":{"allow":["GET"]}}],"collection":[{"href":"https:\/\/website-dev.brabender-group.com\/en\/wp-json\/wp\/v2\/pages"}],"about":[{"href":"https:\/\/website-dev.brabender-group.com\/en\/wp-json\/wp\/v2\/types\/page"}],"author":[{"embeddable":true,"href":"https:\/\/website-dev.brabender-group.com\/en\/wp-json\/wp\/v2\/users\/1"}],"replies":[{"embeddable":true,"href":"https:\/\/website-dev.brabender-group.com\/en\/wp-json\/wp\/v2\/comments?post=227"}],"version-history":[{"count":9,"href":"https:\/\/website-dev.brabender-group.com\/en\/wp-json\/wp\/v2\/pages\/227\/revisions"}],"predecessor-version":[{"id":1005,"href":"https:\/\/website-dev.brabender-group.com\/en\/wp-json\/wp\/v2\/pages\/227\/revisions\/1005"}],"wp:attachment":[{"href":"https:\/\/website-dev.brabender-group.com\/en\/wp-json\/wp\/v2\/media?parent=227"}],"curies":[{"name":"wp","href":"https:\/\/api.w.org\/{rel}","templated":true}]}}