{"id":246,"date":"2025-11-05T17:42:32","date_gmt":"2025-11-05T17:42:32","guid":{"rendered":"https:\/\/website-dev.brabender-group.com\/?page_id=246"},"modified":"2025-11-07T13:48:55","modified_gmt":"2025-11-07T13:48:55","slug":"telematiksysteme","status":"publish","type":"page","link":"https:\/\/website-dev.brabender-group.com\/en\/telematiksysteme\/","title":{"rendered":"Telematiksysteme"},"content":{"rendered":"<div class=\"wp-block-group alignfull has-very-light-gray-color has-text-color has-link-color wp-elements-a8a68064fad73ab2dd770b559d91caff is-layout-constrained wp-container-core-group-is-layout-13c0cbc6 wp-block-group-is-layout-constrained has-background\" style=\"min-height:0vh;margin-top:0;margin-bottom:0;padding-top:var(--wp--preset--spacing--30);padding-right:0;padding-bottom:var(--wp--preset--spacing--30);padding-left:0;background-image:url(&apos;https:\/\/website-dev.brabender-group.com\/wp-content\/uploads\/2025\/11\/020_background_netz.png&apos;);background-size:cover;background-attachment:scroll;\">\n<div class=\"wp-block-group is-layout-constrained wp-container-core-group-is-layout-346627ba wp-block-group-is-layout-constrained\">\n<h2 class=\"wp-block-heading has-text-align-center has-white-color has-text-color has-link-color has-x-large-font-size wp-elements-007c26556abe1effd054c8f2d9359eee\" style=\"margin-right:0;margin-left:0;padding-top:0;padding-right:0;padding-bottom:0;padding-left:0\">BRABENDER mobile devices<\/h2>\n\n\n\n<p class=\"has-text-align-center has-medium-font-size\">Telematik, die mehr ist als eine Blackbox<\/p>\n\n\n\n<p><\/p>\n\n\n\n<div class=\"wp-block-buttons is-content-justification-center is-layout-flex wp-container-core-buttons-is-layout-a89b3969 wp-block-buttons-is-layout-flex\">\n<div class=\"wp-block-button is-style-fill\"><a class=\"wp-block-button__link has-bra-orange-background-color has-background wp-element-button\" href=\"https:\/\/website-dev.brabender-group.com\/en\/kontakt\/\">Jetzt beraten lassen<\/a><\/div>\n<\/div>\n<\/div>\n<\/div>\n\n\n\n<div class=\"wp-block-uagb-container uagb-block-b607cad2 alignfull uagb-is-root-container\"><div class=\"uagb-container-inner-blocks-wrap\">\n<div class=\"wp-block-uagb-container uagb-block-f87b02af\">\n<p class=\"has-text-align-center\">Direkter Zugriff auf Echtzeitdaten und jederzeit volle Transparenz \u00fcber die Lenkzeiten \u2013 ganz ohne Umwege \u00fcber Drittsysteme.<br>Das Telematik-System <strong>BRABENDER mobile devices<\/strong> \u00fcbermittelt alle Informationen zu Fahrzeug, Fahrer und Touren direkt in die Speditionssoftware.<\/p>\n\n\n\n<p class=\"has-text-align-center\">Das Herzst\u00fcck ist die von uns entwickelte <strong>Blackbox<\/strong>. In Kombination mit den Schnittstellen und der Fahrer-App macht sie die <strong><a href=\"https:\/\/website-dev.brabender-group.com\/en\/speditionssoftware\/\" data-type=\"page\" data-id=\"136\">BRABENDER logistic suite<\/a><\/strong> zum einzigen Transport-Management-System (TMS) mit vollst\u00e4ndig integrierter Telematik.<\/p>\n<\/div>\n\n\n\n<div class=\"wp-block-uagb-container uagb-block-4142ceae\">\n<figure class=\"wp-block-image size-full\"><img decoding=\"async\" width=\"2560\" height=\"1024\" src=\"https:\/\/website-dev.brabender-group.com\/wp-content\/uploads\/2025\/11\/brasys_datenfluss_telematik_01-scaled.jpg\" alt=\"\" class=\"wp-image-247\" srcset=\"https:\/\/website-dev.brabender-group.com\/wp-content\/uploads\/2025\/11\/brasys_datenfluss_telematik_01-scaled.jpg 2560w, https:\/\/website-dev.brabender-group.com\/wp-content\/uploads\/2025\/11\/brasys_datenfluss_telematik_01-300x120.jpg 300w, https:\/\/website-dev.brabender-group.com\/wp-content\/uploads\/2025\/11\/brasys_datenfluss_telematik_01-1024x410.jpg 1024w, https:\/\/website-dev.brabender-group.com\/wp-content\/uploads\/2025\/11\/brasys_datenfluss_telematik_01-768x307.jpg 768w, https:\/\/website-dev.brabender-group.com\/wp-content\/uploads\/2025\/11\/brasys_datenfluss_telematik_01-1536x614.jpg 1536w, https:\/\/website-dev.brabender-group.com\/wp-content\/uploads\/2025\/11\/brasys_datenfluss_telematik_01-2048x819.jpg 2048w\" sizes=\"(max-width: 2560px) 100vw, 2560px\" \/><\/figure>\n<\/div>\n<\/div><\/div>\n\n\n\n<div class=\"wp-block-uagb-container uagb-block-3ce0488c alignfull uagb-is-root-container\"><div class=\"uagb-container-inner-blocks-wrap\">\n<div class=\"wp-block-uagb-container uagb-block-03321628\">\n<div class=\"wp-block-uagb-advanced-heading uagb-block-4e51e608\"><h3 class=\"uagb-heading-text\">Ein System, das ineinandergreift<\/h3><\/div>\n\n\n\n<p class=\"has-text-align-center\">BRABENDER mobile devices sind schnell installiert und voll in die BRABENDER logistic suite integriert. Die vereinfachte Darstellung zeigt das Zusammenspiel von Telematik, Schnittstellen, Fahrer-App, TMS und weiteren Systemen. So flie\u00dfen Daten.<\/p>\n\n\n\n<div class=\"wp-block-uagb-image uagb-block-2e42ff7d wp-block-uagb-image--layout-default wp-block-uagb-image--effect-static wp-block-uagb-image--align-none\"><figure class=\"wp-block-uagb-image__figure\"><img decoding=\"async\" srcset=\"https:\/\/website-dev.brabender-group.com\/wp-content\/uploads\/2025\/11\/brasys_datenfluss_telematik-1-1024x433.jpg ,https:\/\/website-dev.brabender-group.com\/wp-content\/uploads\/2025\/11\/brasys_datenfluss_telematik-1-scaled.jpg 780w, https:\/\/website-dev.brabender-group.com\/wp-content\/uploads\/2025\/11\/brasys_datenfluss_telematik-1-scaled.jpg 360w\" sizes=\"auto, (max-width: 480px) 150px\" src=\"https:\/\/website-dev.brabender-group.com\/wp-content\/uploads\/2025\/11\/brasys_datenfluss_telematik-1-1024x433.jpg\" alt=\"\" class=\"uag-image-262\" width=\"4156\" height=\"1756\" title=\"brasys_datenfluss_telematik\" loading=\"lazy\" role=\"img\"\/><\/figure><\/div>\n\n\n\n<div class=\"wp-block-uagb-advanced-heading uagb-block-99549888\"><h3 class=\"uagb-heading-text\">Schnell in Truck und Trailer verbaut<\/h3><\/div>\n\n\n\n<div class=\"wp-block-uagb-image uagb-block-7300f98b wp-block-uagb-image--layout-default wp-block-uagb-image--effect-static wp-block-uagb-image--align-none\"><figure class=\"wp-block-uagb-image__figure\"><img decoding=\"async\" srcset=\"https:\/\/website-dev.brabender-group.com\/wp-content\/uploads\/2025\/11\/bra_grafik_trailerid_senderplusreceiver_v2-3.jpg ,https:\/\/website-dev.brabender-group.com\/wp-content\/uploads\/2025\/11\/bra_grafik_trailerid_senderplusreceiver_v2-3.jpg 780w, https:\/\/website-dev.brabender-group.com\/wp-content\/uploads\/2025\/11\/bra_grafik_trailerid_senderplusreceiver_v2-3.jpg 360w\" sizes=\"auto, (max-width: 480px) 150px\" src=\"https:\/\/website-dev.brabender-group.com\/wp-content\/uploads\/2025\/11\/bra_grafik_trailerid_senderplusreceiver_v2-3.jpg\" alt=\"\" class=\"uag-image-261\" width=\"587\" height=\"294\" title=\"bra_grafik_trailerid_senderplusreceiver_v2\" loading=\"lazy\" role=\"img\"\/><\/figure><\/div>\n<\/div>\n<\/div><\/div>\n\n\n\n<div class=\"wp-block-group alignfull has-very-light-gray-color has-text-color has-link-color wp-elements-6e0df6cf785b7b9c990957f663f0bc65 is-layout-constrained wp-container-core-group-is-layout-13c0cbc6 wp-block-group-is-layout-constrained has-background\" style=\"min-height:0vh;margin-top:0;margin-bottom:0;padding-top:var(--wp--preset--spacing--30);padding-right:0;padding-bottom:var(--wp--preset--spacing--30);padding-left:0;background-image:url(&apos;https:\/\/website-dev.brabender-group.com\/wp-content\/uploads\/2025\/11\/020_background_netz.png&apos;);background-size:cover;background-attachment:scroll;\">\n<div class=\"wp-block-group is-layout-constrained wp-container-core-group-is-layout-346627ba wp-block-group-is-layout-constrained\">\n<div class=\"wp-block-buttons is-content-justification-center is-layout-flex wp-container-core-buttons-is-layout-a89b3969 wp-block-buttons-is-layout-flex\">\n<div class=\"wp-block-button is-style-fill\"><a class=\"wp-block-button__link has-bra-orange-background-color has-background wp-element-button\" href=\"https:\/\/website-dev.brabender-group.com\/en\/kontakt\/\">Jetzt beraten lassen<\/a><\/div>\n<\/div>\n<\/div>\n<\/div>\n\n\n\n<p><\/p>","protected":false},"excerpt":{"rendered":"<p>BRABENDER mobile devices Telematik, die mehr ist als eine Blackbox Direkter Zugriff auf Echtzeitdaten und jederzeit volle Transparenz \u00fcber die Lenkzeiten \u2013 ganz ohne Umwege \u00fcber Drittsysteme.Das Telematik-System BRABENDER mobile devices \u00fcbermittelt alle Informationen zu Fahrzeug, Fahrer und Touren direkt in die Speditionssoftware. Das Herzst\u00fcck ist die von uns entwickelte Blackbox. In Kombination mit den [&hellip;]<\/p>\n","protected":false},"author":1,"featured_media":0,"parent":0,"menu_order":0,"comment_status":"closed","ping_status":"closed","template":"","meta":{"_uag_custom_page_level_css":"","footnotes":""},"class_list":["post-246","page","type-page","status-publish","hentry"],"blocksy_meta":[],"featured_image_src":null,"yoast_head":"<!-- This site is optimized with the Yoast SEO plugin v27.0 - https:\/\/yoast.com\/product\/yoast-seo-wordpress\/ -->\n<title>Telematiksysteme -<\/title>\n<meta name=\"robots\" content=\"index, follow, max-snippet:-1, max-image-preview:large, max-video-preview:-1\" \/>\n<link rel=\"canonical\" href=\"https:\/\/website-dev.brabender-group.com\/en\/telematiksysteme\/\" \/>\n<meta property=\"og:locale\" content=\"en_US\" \/>\n<meta property=\"og:type\" content=\"article\" \/>\n<meta property=\"og:title\" content=\"Telematiksysteme -\" \/>\n<meta property=\"og:description\" content=\"BRABENDER mobile devices Telematik, die mehr ist als eine Blackbox Direkter Zugriff auf Echtzeitdaten und jederzeit volle Transparenz \u00fcber die Lenkzeiten \u2013 ganz ohne Umwege \u00fcber Drittsysteme.Das Telematik-System BRABENDER mobile devices \u00fcbermittelt alle Informationen zu Fahrzeug, Fahrer und Touren direkt in die Speditionssoftware. Das Herzst\u00fcck ist die von uns entwickelte Blackbox. In Kombination mit den [&hellip;]\" \/>\n<meta property=\"og:url\" content=\"https:\/\/website-dev.brabender-group.com\/en\/telematiksysteme\/\" \/>\n<meta property=\"article:modified_time\" content=\"2025-11-07T13:48:55+00:00\" \/>\n<meta property=\"og:image\" content=\"https:\/\/website-dev.brabender-group.com\/wp-content\/uploads\/2025\/11\/brasys_datenfluss_telematik_01-scaled.jpg\" \/>\n\t<meta property=\"og:image:width\" content=\"2560\" \/>\n\t<meta property=\"og:image:height\" content=\"1024\" \/>\n\t<meta property=\"og:image:type\" content=\"image\/jpeg\" \/>\n<meta name=\"twitter:card\" content=\"summary_large_image\" \/>\n<meta name=\"twitter:label1\" content=\"Est. reading time\" \/>\n\t<meta name=\"twitter:data1\" content=\"1 minute\" \/>\n<script type=\"application\/ld+json\" class=\"yoast-schema-graph\">{\"@context\":\"https:\/\/schema.org\",\"@graph\":[{\"@type\":\"WebPage\",\"@id\":\"https:\/\/website-dev.brabender-group.com\/telematiksysteme\/\",\"url\":\"https:\/\/website-dev.brabender-group.com\/telematiksysteme\/\",\"name\":\"Telematiksysteme -\",\"isPartOf\":{\"@id\":\"https:\/\/website-dev.brabender-group.com\/#website\"},\"primaryImageOfPage\":{\"@id\":\"https:\/\/website-dev.brabender-group.com\/telematiksysteme\/#primaryimage\"},\"image\":{\"@id\":\"https:\/\/website-dev.brabender-group.com\/telematiksysteme\/#primaryimage\"},\"thumbnailUrl\":\"https:\/\/website-dev.brabender-group.com\/wp-content\/uploads\/2025\/11\/brasys_datenfluss_telematik_01-scaled.jpg\",\"datePublished\":\"2025-11-05T17:42:32+00:00\",\"dateModified\":\"2025-11-07T13:48:55+00:00\",\"breadcrumb\":{\"@id\":\"https:\/\/website-dev.brabender-group.com\/telematiksysteme\/#breadcrumb\"},\"inLanguage\":\"en-US\",\"potentialAction\":[{\"@type\":\"ReadAction\",\"target\":[\"https:\/\/website-dev.brabender-group.com\/telematiksysteme\/\"]}]},{\"@type\":\"ImageObject\",\"inLanguage\":\"en-US\",\"@id\":\"https:\/\/website-dev.brabender-group.com\/telematiksysteme\/#primaryimage\",\"url\":\"https:\/\/website-dev.brabender-group.com\/wp-content\/uploads\/2025\/11\/brasys_datenfluss_telematik_01-scaled.jpg\",\"contentUrl\":\"https:\/\/website-dev.brabender-group.com\/wp-content\/uploads\/2025\/11\/brasys_datenfluss_telematik_01-scaled.jpg\"},{\"@type\":\"BreadcrumbList\",\"@id\":\"https:\/\/website-dev.brabender-group.com\/telematiksysteme\/#breadcrumb\",\"itemListElement\":[{\"@type\":\"ListItem\",\"position\":1,\"name\":\"Start\",\"item\":\"https:\/\/website-dev.brabender-group.com\/\"},{\"@type\":\"ListItem\",\"position\":2,\"name\":\"Telematiksysteme\"}]},{\"@type\":\"WebSite\",\"@id\":\"https:\/\/website-dev.brabender-group.com\/#website\",\"url\":\"https:\/\/website-dev.brabender-group.com\/\",\"name\":\"\",\"description\":\"\",\"potentialAction\":[{\"@type\":\"SearchAction\",\"target\":{\"@type\":\"EntryPoint\",\"urlTemplate\":\"https:\/\/website-dev.brabender-group.com\/?s={search_term_string}\"},\"query-input\":{\"@type\":\"PropertyValueSpecification\",\"valueRequired\":true,\"valueName\":\"search_term_string\"}}],\"inLanguage\":\"en-US\"}]}<\/script>\n<!-- \/ Yoast SEO plugin. -->","yoast_head_json":{"title":"Telematiksysteme -","robots":{"index":"index","follow":"follow","max-snippet":"max-snippet:-1","max-image-preview":"max-image-preview:large","max-video-preview":"max-video-preview:-1"},"canonical":"https:\/\/website-dev.brabender-group.com\/en\/telematiksysteme\/","og_locale":"en_US","og_type":"article","og_title":"Telematiksysteme -","og_description":"BRABENDER mobile devices Telematik, die mehr ist als eine Blackbox Direkter Zugriff auf Echtzeitdaten und jederzeit volle Transparenz \u00fcber die Lenkzeiten \u2013 ganz ohne Umwege \u00fcber Drittsysteme.Das Telematik-System BRABENDER mobile devices \u00fcbermittelt alle Informationen zu Fahrzeug, Fahrer und Touren direkt in die Speditionssoftware. Das Herzst\u00fcck ist die von uns entwickelte Blackbox. In Kombination mit den [&hellip;]","og_url":"https:\/\/website-dev.brabender-group.com\/en\/telematiksysteme\/","article_modified_time":"2025-11-07T13:48:55+00:00","og_image":[{"width":2560,"height":1024,"url":"https:\/\/website-dev.brabender-group.com\/wp-content\/uploads\/2025\/11\/brasys_datenfluss_telematik_01-scaled.jpg","type":"image\/jpeg"}],"twitter_card":"summary_large_image","twitter_misc":{"Est. reading time":"1 minute"},"schema":{"@context":"https:\/\/schema.org","@graph":[{"@type":"WebPage","@id":"https:\/\/website-dev.brabender-group.com\/telematiksysteme\/","url":"https:\/\/website-dev.brabender-group.com\/telematiksysteme\/","name":"Telematiksysteme -","isPartOf":{"@id":"https:\/\/website-dev.brabender-group.com\/#website"},"primaryImageOfPage":{"@id":"https:\/\/website-dev.brabender-group.com\/telematiksysteme\/#primaryimage"},"image":{"@id":"https:\/\/website-dev.brabender-group.com\/telematiksysteme\/#primaryimage"},"thumbnailUrl":"https:\/\/website-dev.brabender-group.com\/wp-content\/uploads\/2025\/11\/brasys_datenfluss_telematik_01-scaled.jpg","datePublished":"2025-11-05T17:42:32+00:00","dateModified":"2025-11-07T13:48:55+00:00","breadcrumb":{"@id":"https:\/\/website-dev.brabender-group.com\/telematiksysteme\/#breadcrumb"},"inLanguage":"en-US","potentialAction":[{"@type":"ReadAction","target":["https:\/\/website-dev.brabender-group.com\/telematiksysteme\/"]}]},{"@type":"ImageObject","inLanguage":"en-US","@id":"https:\/\/website-dev.brabender-group.com\/telematiksysteme\/#primaryimage","url":"https:\/\/website-dev.brabender-group.com\/wp-content\/uploads\/2025\/11\/brasys_datenfluss_telematik_01-scaled.jpg","contentUrl":"https:\/\/website-dev.brabender-group.com\/wp-content\/uploads\/2025\/11\/brasys_datenfluss_telematik_01-scaled.jpg"},{"@type":"BreadcrumbList","@id":"https:\/\/website-dev.brabender-group.com\/telematiksysteme\/#breadcrumb","itemListElement":[{"@type":"ListItem","position":1,"name":"Start","item":"https:\/\/website-dev.brabender-group.com\/"},{"@type":"ListItem","position":2,"name":"Telematiksysteme"}]},{"@type":"WebSite","@id":"https:\/\/website-dev.brabender-group.com\/#website","url":"https:\/\/website-dev.brabender-group.com\/","name":"","description":"","potentialAction":[{"@type":"SearchAction","target":{"@type":"EntryPoint","urlTemplate":"https:\/\/website-dev.brabender-group.com\/?s={search_term_string}"},"query-input":{"@type":"PropertyValueSpecification","valueRequired":true,"valueName":"search_term_string"}}],"inLanguage":"en-US"}]}},"uagb_featured_image_src":{"full":false,"thumbnail":false,"medium":false,"medium_large":false,"large":false,"1536x1536":false,"2048x2048":false,"trp-custom-language-flag":false,"ultp_layout_landscape_large":false,"ultp_layout_landscape":false,"ultp_layout_portrait":false,"ultp_layout_square":false},"uagb_author_info":{"display_name":"admin","author_link":"https:\/\/website-dev.brabender-group.com\/en\/author\/admin\/"},"uagb_comment_info":0,"uagb_excerpt":"BRABENDER mobile devices Telematik, die mehr ist als eine Blackbox Direkter Zugriff auf Echtzeitdaten und jederzeit volle Transparenz \u00fcber die Lenkzeiten \u2013 ganz ohne Umwege \u00fcber Drittsysteme.Das Telematik-System BRABENDER mobile devices \u00fcbermittelt alle Informationen zu Fahrzeug, Fahrer und Touren direkt in die Speditionssoftware. Das Herzst\u00fcck ist die von uns entwickelte Blackbox. In Kombination mit den&hellip;","_links":{"self":[{"href":"https:\/\/website-dev.brabender-group.com\/en\/wp-json\/wp\/v2\/pages\/246","targetHints":{"allow":["GET"]}}],"collection":[{"href":"https:\/\/website-dev.brabender-group.com\/en\/wp-json\/wp\/v2\/pages"}],"about":[{"href":"https:\/\/website-dev.brabender-group.com\/en\/wp-json\/wp\/v2\/types\/page"}],"author":[{"embeddable":true,"href":"https:\/\/website-dev.brabender-group.com\/en\/wp-json\/wp\/v2\/users\/1"}],"replies":[{"embeddable":true,"href":"https:\/\/website-dev.brabender-group.com\/en\/wp-json\/wp\/v2\/comments?post=246"}],"version-history":[{"count":7,"href":"https:\/\/website-dev.brabender-group.com\/en\/wp-json\/wp\/v2\/pages\/246\/revisions"}],"predecessor-version":[{"id":534,"href":"https:\/\/website-dev.brabender-group.com\/en\/wp-json\/wp\/v2\/pages\/246\/revisions\/534"}],"wp:attachment":[{"href":"https:\/\/website-dev.brabender-group.com\/en\/wp-json\/wp\/v2\/media?parent=246"}],"curies":[{"name":"wp","href":"https:\/\/api.w.org\/{rel}","templated":true}]}}