{"id":264,"date":"2025-11-06T09:15:55","date_gmt":"2025-11-06T09:15:55","guid":{"rendered":"https:\/\/website-dev.brabender-group.com\/?page_id=264"},"modified":"2025-11-07T10:21:35","modified_gmt":"2025-11-07T10:21:35","slug":"ueber-uns","status":"publish","type":"page","link":"https:\/\/website-dev.brabender-group.com\/en\/ueber-uns\/","title":{"rendered":"About Us"},"content":{"rendered":"<div class=\"wp-block-group alignfull has-very-light-gray-color has-text-color has-link-color wp-elements-0ab033f6bd87d02a3460d491dd2e5384 is-layout-constrained wp-container-core-group-is-layout-13c0cbc6 wp-block-group-is-layout-constrained has-background\" style=\"min-height:0vh;margin-top:0;margin-bottom:0;padding-top:var(--wp--preset--spacing--30);padding-right:0;padding-bottom:var(--wp--preset--spacing--30);padding-left:0;background-image:url(&apos;https:\/\/website-dev.brabender-group.com\/wp-content\/uploads\/2025\/11\/020_background_netz.png&apos;);background-size:cover;background-attachment:scroll;\">\n<div class=\"wp-block-group is-layout-constrained wp-container-core-group-is-layout-346627ba wp-block-group-is-layout-constrained\">\n<h2 class=\"wp-block-heading has-text-align-center has-white-color has-text-color has-link-color has-x-large-font-size wp-elements-0e66454b77088f47d3bc434fe2d8b1d7\" style=\"margin-right:0;margin-left:0;padding-top:0;padding-right:0;padding-bottom:0;padding-left:0\">Die Brabender Group<\/h2>\n\n\n\n<p class=\"has-text-align-center has-large-font-size\"><\/p>\n<\/div>\n<\/div>\n\n\n\n<div class=\"wp-block-uagb-container uagb-block-3ce0488c alignfull uagb-is-root-container\"><div class=\"uagb-container-inner-blocks-wrap\">\n<div class=\"wp-block-uagb-container uagb-block-03321628\">\n<div class=\"wp-block-uagb-advanced-heading uagb-block-b6319016\"><h3 class=\"uagb-heading-text\">Wir lieben es, wenn ein Prozess l\u00e4uft<\/h3><\/div>\n\n\n\n<p class=\"has-text-align-center\">Jedes Detail z\u00e4hlt. Das ist richtig. Aber wir wissen auch, welche Daten, Funktionen und Abl\u00e4ufe wirklich auf den Erfolg einzahlen. Warum? Weil unsere Wurzeln bis in die Speditionswelt reichen und langj\u00e4hrige Erfahrung unseren Blick f\u00fcr den ganzen Prozess gesch\u00e4rft hat. Die Brabender Group ist ein inhabergef\u00fchrtes Unternehmen mit Sitz in Unter\u00e4geri in der Schweiz und Niederlassungen in Deutschland, Finnland und Indien. F\u00fcr unsere Kunden aus der Transport- und Logistikbranche arbeiten wir in agilen Teams mit internationalen Mitarbeiterinnen und Mitarbeitern, aus aller Welt.<\/p>\n<\/div>\n<\/div><\/div>\n\n\n\n<div class=\"wp-block-uagb-container uagb-block-e2c9fef8 alignfull uagb-is-root-container\"><div class=\"uagb-container-inner-blocks-wrap\">\n<div class=\"wp-block-uagb-container uagb-block-f398c8c9\">\n<div class=\"wp-block-uagb-advanced-heading uagb-block-3697c866\"><h3 class=\"uagb-heading-text\">Wer transparent wirtschaftet, ist fair<\/h3><\/div>\n\n\n\n<p class=\"has-text-align-center\">Ob Mensch oder Umwelt: Nachhaltigkeit ist das Gebot der Stunde. In einer Welt, die immer komplexer wird, bieten wir Logistikunternehmen eine All-in-One-L\u00f6sung. Sie unterst\u00fctzt Prozesse so, dass nichts verschwendet wird. Keine Zeit, kein Material und keine Nerven &#8211; denn Ressourcen sind knapp.<\/p>\n<\/div>\n<\/div><\/div>\n\n\n\n<div class=\"wp-block-uagb-container uagb-block-0c07cf2e alignfull uagb-is-root-container\"><div class=\"uagb-container-inner-blocks-wrap\">\n<div class=\"wp-block-uagb-container uagb-block-4e595dc9\">\n<div class=\"wp-block-uagb-advanced-heading uagb-block-939e8654\"><h3 class=\"uagb-heading-text\">Transparenz braucht digitalisierte Prozesse<\/h3><\/div>\n\n\n\n<p class=\"has-text-align-center\">Unsere Vision: digitalisierte Prozesse, die ineinander greifen &#8211; vollautomatisiert, wo es Sinn macht. Neutral wie die Schweiz nehmen wir von Anfang an alle mit und alles auf den Schirm. Wir f\u00fchren mit agilem Projektmanagement, schaffen die Basis mit unserer&nbsp;<a href=\"https:\/\/website-dev.brabender-group.com\/en\/speditionssoftware\/\" data-type=\"page\" data-id=\"136\">Speditionssoftware&nbsp;<\/a>und bauen das transparente System mit&nbsp;<a href=\"https:\/\/website-dev.brabender-group.com\/en\/mobile-devices\/\" data-type=\"page\" data-id=\"246\">Telematik&nbsp;<\/a>und&nbsp;<a href=\"https:\/\/website-dev.brabender-group.com\/en\/controllingsoftware\/\" data-type=\"page\" data-id=\"227\">Controlling&nbsp;<\/a>aus. So k\u00f6nnen Unternehmen wachsen. Sie haben ihre Prozesse langfristig im Griff &#8211; als Dienstleister und Arbeitgeber, auf den man sich verlassen kann.<\/p>\n<\/div>\n<\/div><\/div>\n\n\n\n<div class=\"wp-block-uagb-container uagb-layout-flex uagb-block-97c4fe42 alignfull uagb-is-root-container\"><div class=\"uagb-container-inner-blocks-wrap\">\n<div class=\"wp-block-uagb-container uagb-block-58c9d0eb\">\n<div class=\"wp-block-uagb-container uagb-layout-grid uagb-block-aaaf7b52 alignfull uagb-is-root-container\"><div class=\"uagb-container-inner-blocks-wrap\">\n<div class=\"wp-block-uagb-container uagb-block-e6da637c\">\n<div class=\"wp-block-uagb-advanced-heading uagb-block-b1be7cd5\"><h3 class=\"uagb-heading-text\">Warum Projekte mit uns nicht schiefgehen<\/h3><\/div>\n\n\n\n<p class=\"has-text-align-center\">Wir kennen die Fallen im Prozess vom ersten Kontakt bis zur Inbetriebnahme. Einer unserer Kunden hat seine Erfahrungen mit der Brabender Group in einem Gleitwort f\u00fcr das Buch &#8222;Professionelle Softwareauswahl und -einf\u00fchrung in der Logistik&#8220;, erschienen im Springer Gabler Verlag (Wiesbaden), eingebracht. Das Buch informiert umfassend mit vielen Praxisbeispielen zur Auswahl und Einf\u00fchrung von&nbsp;<a href=\"https:\/\/website-dev.brabender-group.com\/en\/speditionssoftware\/\" data-type=\"page\" data-id=\"136\">Logistiksoftware<\/a>. Es zeigt, wie wir denken und best\u00e4tigt unsere Erfahrung mit Daten, Prozessen und Funktionen.<\/p>\n<\/div>\n<\/div><\/div>\n<\/div>\n\n\n\n<div class=\"wp-block-uagb-container uagb-block-d30fff80\">\n<div class=\"wp-block-uagb-container uagb-block-a334332a alignfull uagb-is-root-container\"><div class=\"uagb-container-inner-blocks-wrap\">\n<div class=\"wp-block-uagb-container uagb-block-3343cb9f\">\n<div class=\"wp-block-gutenverse-image guten-element guten-image guten-2nwT9e\"><div class=\"guten-image-wrapper\"><img decoding=\"async\" class=\"gutenverse-image-box-filled\" src=\"http:\/\/website-dev.brabender-group.com\/wp-content\/uploads\/2025\/11\/978-3-658-14727-3.webp\" height=\"1246\" width=\"827\"\/><\/div><\/div>\n<\/div>\n\n\n\n<div class=\"wp-block-uagb-container uagb-block-d66bbf2e\">\n<div class=\"wp-block-buttons is-content-justification-center is-nowrap is-layout-flex wp-container-core-buttons-is-layout-12a27398 wp-block-buttons-is-layout-flex\">\n<div class=\"wp-block-button has-custom-width wp-block-button__width-100\"><a class=\"wp-block-button__link has-bra-orange-background-color has-background has-small-font-size has-custom-font-size wp-element-button\">Jetzt lesen<\/a><\/div>\n<\/div>\n<\/div>\n<\/div><\/div>\n<\/div>\n<\/div><\/div>\n\n\n\n<div class=\"wp-block-uagb-container uagb-block-74ce4e84 alignfull uagb-is-root-container\"><div class=\"uagb-container-inner-blocks-wrap\">\n<div class=\"wp-block-uagb-container uagb-block-965dc14d\">\n<div class=\"wp-block-uagb-advanced-heading uagb-block-da5d7142\"><h3 class=\"uagb-heading-text\">Die Welt ist ein Dorf &#8230;<\/h3><\/div>\n\n\n\n<p class=\"has-text-align-center\"><strong>&#8230; und wir arbeiten im gleichen Dorf.<\/strong><\/p>\n\n\n\n<p class=\"has-text-align-center\">Durch den Einsatz moderner Kommunikations- und Konferenztechnologien schonen wir die Umwelt und reduzieren Reisekosten f\u00fcr Sie. Unter diesem Vorsatz werden beispielsweise Trainings online und Besprechungen vom Arbeitsplatz aus gef\u00fchrt.<\/p>\n\n\n\n<p class=\"has-text-align-center\"><strong>&#8230; ohne Vorort Termine geht es nicht immer.<\/strong><\/p>\n\n\n\n<p class=\"has-text-align-center\">Da unsere Mitarbeitenden in unterschiedlichen Regionen zuhause sind, k\u00f6nnen wir ihnen jederzeit auch Vororttermine anbieten.<\/p>\n<\/div>\n<\/div><\/div>\n\n\n\n<div class=\"wp-block-uagb-container uagb-block-f14f8c07 alignfull uagb-is-root-container\"><div class=\"uagb-container-inner-blocks-wrap\">\n<div class=\"wp-block-uagb-container uagb-block-a6f48392\">\n<figure class=\"wp-block-image size-full\"><img decoding=\"async\" width=\"1288\" height=\"123\" src=\"http:\/\/website-dev.brabender-group.com\/wp-content\/uploads\/2025\/11\/brabender_solutions-the_logistic_software_people.png\" alt=\"\" class=\"wp-image-270\" srcset=\"https:\/\/website-dev.brabender-group.com\/wp-content\/uploads\/2025\/11\/brabender_solutions-the_logistic_software_people.png 1288w, https:\/\/website-dev.brabender-group.com\/wp-content\/uploads\/2025\/11\/brabender_solutions-the_logistic_software_people-300x29.png 300w, https:\/\/website-dev.brabender-group.com\/wp-content\/uploads\/2025\/11\/brabender_solutions-the_logistic_software_people-1024x98.png 1024w, https:\/\/website-dev.brabender-group.com\/wp-content\/uploads\/2025\/11\/brabender_solutions-the_logistic_software_people-768x73.png 768w\" sizes=\"(max-width: 1288px) 100vw, 1288px\" \/><\/figure>\n<\/div>\n\n\n\n<p class=\"has-text-align-center has-bra-blue-color has-text-color has-link-color wp-elements-116d6cdcf5a74da46c136cf11eb0a3ab\"><strong>Ihr Vertragspartner f\u00fcr innovative Softwarel\u00f6sungen und professionellen Support rund um die Produkte.<\/strong><\/p>\n\n\n\n<p class=\"has-text-align-center\"><\/p>\n<\/div><\/div>\n\n\n\n<div class=\"wp-block-uagb-container uagb-block-95f7ca32 alignfull uagb-is-root-container\"><div class=\"uagb-container-inner-blocks-wrap\">\n<div class=\"wp-block-uagb-container uagb-layout-flex uagb-block-414f2ab8\">\n<div class=\"wp-block-uagb-info-box uagb-block-e4c7e789 uagb-infobox__content-wrap  uagb-infobox-icon-above-title uagb-infobox-image-valign-top\"><div class=\"uagb-ifb-content\"><div class=\"uagb-ifb-title-wrap\"><h3 class=\"uagb-ifb-title\">Standort Schweiz<\/h3><\/div><p class=\"uagb-ifb-desc\"><strong>+41 41 7545800<\/strong><br>mail.brabender-group.com<br><br><strong>Unternehmenszentrale<\/strong><br>BRABENDER Solutions GmbH<br>Gewerbestrasse 5a<br>CH-6314 Unter\u00e4geri (Zug)<\/p><\/div><\/div>\n<\/div>\n\n\n\n<div class=\"wp-block-uagb-container uagb-block-474ea38b\">\n<div class=\"wp-block-uagb-info-box uagb-block-c5d33acf uagb-infobox__content-wrap  uagb-infobox-icon-above-title uagb-infobox-image-valign-top\"><div class=\"uagb-ifb-content\"><div class=\"uagb-ifb-title-wrap\"><h3 class=\"uagb-ifb-title\">Standorte Deutschland<\/h3><\/div><p class=\"uagb-ifb-desc\"><strong>+49 211 4174100<\/strong><br>mail.brabender-group.com<br><br><strong>Deutschland Mitte<\/strong><br>BRABENDER Solutions GmbH<br>Ringstrasse 5c<br><br>D-41747 Viersen<br><strong>Deutschland S\u00fcd<\/strong><br>BRABENDER Solutions GmbH<br>Br\u00fcckengasse 1b<br>D-78462 Konstanz<\/p><\/div><\/div>\n<\/div>\n\n\n\n<div class=\"wp-block-uagb-container uagb-block-9bf70d98\">\n<div class=\"wp-block-uagb-info-box uagb-block-952579bd uagb-infobox__content-wrap  uagb-infobox-icon-above-title uagb-infobox-image-valign-top\"><div class=\"uagb-ifb-content\"><div class=\"uagb-ifb-title-wrap\"><h3 class=\"uagb-ifb-title\">Standort Finnland<\/h3><\/div><p class=\"uagb-ifb-desc\"><strong>+358 94 2726910<\/strong><br>mail.brabender-group.com<br><br>BRABENDER Solutions Oy<br>Tulikukankuja 4<br>FI-50600 Mikkeli<\/p><\/div><\/div>\n<\/div>\n<\/div><\/div>\n\n\n\n<div class=\"wp-block-uagb-container uagb-block-877e6e69 alignfull uagb-is-root-container\"><div class=\"uagb-container-inner-blocks-wrap\">\n<p class=\"has-text-align-center has-bra-blue-color has-text-color has-link-color wp-elements-5b83907d4e6e6d9fdb0242b368e24b94\"><strong>Weitere Firmen der BRABENDER Unternehmensgruppe &#8230;<\/strong><\/p>\n\n\n\n<p class=\"has-text-align-center\"><\/p>\n\n\n\n<div class=\"wp-block-uagb-container uagb-block-c0ad8d18 alignfull uagb-is-root-container\"><div class=\"uagb-container-inner-blocks-wrap\">\n<div class=\"wp-block-uagb-container uagb-layout-flex uagb-block-939cd636\">\n<div class=\"wp-block-uagb-info-box uagb-block-5ec03dcb uagb-infobox__content-wrap  uagb-infobox-icon-above-title uagb-infobox-image-valign-top\"><div class=\"uagb-ifb-content\"><div class=\"uagb-ifb-image-content\"><img decoding=\"async\" src=\"http:\/\/website-dev.brabender-group.com\/wp-content\/uploads\/2025\/11\/brabender_systems_h40.png\" alt=\"\" width=\"\" height=\"0\" loading=\"lazy\"\/><\/div><div class=\"uagb-ifb-title-wrap\"><\/div><p class=\"uagb-ifb-desc\">Ihr Vertragspartner f\u00fcr leistungsf\u00e4hige Telematikl\u00f6sungen und fachgerechten Support, um Ihre mobilen Ressourcen optimal zu \u00fcberwachen und die Betriebsdaten zu erfassen.<br><br>BRABENDER Systems GmbH<br>Gewerbestrasse 5a<br>CH-6314 Unter\u00e4geri (Zug)<\/p><\/div><\/div>\n<\/div>\n\n\n\n<div class=\"wp-block-uagb-container uagb-block-fcc75600\">\n<div class=\"wp-block-uagb-info-box uagb-block-1e00d890 uagb-infobox__content-wrap  uagb-infobox-icon-above-title uagb-infobox-image-valign-top\"><div class=\"uagb-ifb-content\"><div class=\"uagb-ifb-image-content\"><img decoding=\"async\" src=\"http:\/\/website-dev.brabender-group.com\/wp-content\/uploads\/2025\/11\/brabender-partners-h40.png\" alt=\"\" width=\"\" height=\"0\" loading=\"lazy\"\/><\/div><div class=\"uagb-ifb-title-wrap\"><\/div><p class=\"uagb-ifb-desc\">Ihr Unternehmensberater. Unser kompetentes und praxisorientiertes Team setzt sich aus berufserfahrenen Logistikern, Betriebswirten und Softwareentwicklern zusammen. So wird auf eine besondere Weise das Wissen \u00fcber Zukunftstrends mit Praxiserfahrung vereinigt.<br><br>BRABENDER &amp; Partners GmbH<br>Gewerbestrasse 5a<br>CH-6314 Unter\u00e4geri (Zug)<\/p><\/div><\/div>\n<\/div>\n\n\n\n<div class=\"wp-block-uagb-container uagb-block-b0165689\">\n<div class=\"wp-block-uagb-info-box uagb-block-a6e3e95e uagb-infobox__content-wrap  uagb-infobox-icon-above-title uagb-infobox-image-valign-top\"><div class=\"uagb-ifb-content\"><div class=\"uagb-ifb-image-content\"><img decoding=\"async\" src=\"http:\/\/website-dev.brabender-group.com\/wp-content\/uploads\/2025\/11\/brabender_finance-h40.png\" alt=\"\" width=\"\" height=\"0\" loading=\"lazy\"\/><\/div><div class=\"uagb-ifb-title-wrap\"><\/div><p class=\"uagb-ifb-desc\">Mit der eigenen Finanzierungsgesellschaft sorgen wir f\u00fcr die Vermietung der Hardware und Softwaresysteme.<br>BRABENDER Finance GmbH<br><br>Gewerbestrasse 5a<br>CH-6314 Unter\u00e4geri (Zug)<\/p><\/div><\/div>\n<\/div>\n\n\n\n<div class=\"wp-block-uagb-container uagb-block-0b1766b9\">\n<div class=\"wp-block-uagb-info-box uagb-block-fd81dfaa uagb-infobox__content-wrap  uagb-infobox-icon-above-title uagb-infobox-image-valign-top\"><div class=\"uagb-ifb-content\"><div class=\"uagb-ifb-image-content\"><img decoding=\"async\" src=\"http:\/\/website-dev.brabender-group.com\/wp-content\/uploads\/2025\/11\/brabendersoftware.png\" alt=\"\" width=\"\" height=\"0\" loading=\"lazy\"\/><\/div><div class=\"uagb-ifb-title-wrap\"><\/div><p class=\"uagb-ifb-desc\">Hersteller der BRABENDER Standardprodukte und Entwicklungszentrum f\u00fcr individuelle L\u00f6sungen auf Basis der BRABENDER framework Technologien.&nbsp;<br><br>BRABENDER Software GmbH<br>Gewerbestrasse 5a<br>CH-6314 Unter\u00e4geri (Zug)<\/p><\/div><\/div>\n\n\n\n<div class=\"wp-block-uagb-info-box uagb-block-84d7000e uagb-infobox__content-wrap  uagb-infobox-icon-above-title uagb-infobox-image-valign-top\"><div class=\"uagb-ifb-content\"><div class=\"uagb-ifb-image-content\"><img decoding=\"async\" src=\"http:\/\/website-dev.brabender-group.com\/wp-content\/uploads\/2025\/11\/brabender_holding-h40.png\" alt=\"\" width=\"\" height=\"0\" loading=\"lazy\"\/><\/div><div class=\"uagb-ifb-title-wrap\"><\/div><p class=\"uagb-ifb-desc\">Als Beteiligungsgesellschaft investieren wir in neue Unternehmensbereiche und innovative Technologien.<br>BRABENDER Holding AG<br><br>Gewerbestrasse 5a<br>CH-6314 Unter\u00e4geri (Zug)<\/p><\/div><\/div>\n<\/div>\n<\/div><\/div>\n\n\n\n<p class=\"has-text-align-center\"><\/p>\n<\/div><\/div>\n\n\n\n<div class=\"wp-block-group alignfull has-very-light-gray-color has-text-color has-link-color wp-elements-508247fc3dd546a4d6b4d1cf4699b7a0 is-layout-constrained wp-container-core-group-is-layout-13c0cbc6 wp-block-group-is-layout-constrained has-background\" style=\"min-height:0vh;margin-top:0;margin-bottom:0;padding-top:var(--wp--preset--spacing--30);padding-right:0;padding-bottom:var(--wp--preset--spacing--30);padding-left:0;background-image:url(&apos;https:\/\/website-dev.brabender-group.com\/wp-content\/uploads\/2025\/11\/020_background_netz.png&apos;);background-size:cover;background-attachment:scroll;\">\n<div class=\"wp-block-group is-layout-constrained wp-container-core-group-is-layout-346627ba wp-block-group-is-layout-constrained\">\n<div class=\"wp-block-buttons is-content-justification-center is-layout-flex wp-container-core-buttons-is-layout-a89b3969 wp-block-buttons-is-layout-flex\">\n<div class=\"wp-block-button is-style-fill\"><a class=\"wp-block-button__link has-bra-orange-background-color has-background wp-element-button\" href=\"https:\/\/website-dev.brabender-group.com\/en\/kontakt\/\">Experten kontaktieren<\/a><\/div>\n<\/div>\n<\/div>\n<\/div>\n\n\n\n<p><\/p>","protected":false},"excerpt":{"rendered":"<p>Die Brabender Group Wir lieben es, wenn ein Prozess l\u00e4uft Jedes Detail z\u00e4hlt. Das ist richtig. Aber wir wissen auch, welche Daten, Funktionen und Abl\u00e4ufe wirklich auf den Erfolg einzahlen. Warum? Weil unsere Wurzeln bis in die Speditionswelt reichen und langj\u00e4hrige Erfahrung unseren Blick f\u00fcr den ganzen Prozess gesch\u00e4rft hat. Die Brabender Group ist ein [&hellip;]<\/p>\n","protected":false},"author":1,"featured_media":0,"parent":0,"menu_order":0,"comment_status":"closed","ping_status":"closed","template":"","meta":{"_uag_custom_page_level_css":"","footnotes":""},"class_list":["post-264","page","type-page","status-publish","hentry"],"blocksy_meta":[],"featured_image_src":null,"yoast_head":"<!-- This site is optimized with the Yoast SEO plugin v27.0 - https:\/\/yoast.com\/product\/yoast-seo-wordpress\/ -->\n<title>\u00dcber uns -<\/title>\n<meta name=\"robots\" content=\"index, follow, max-snippet:-1, max-image-preview:large, max-video-preview:-1\" \/>\n<link rel=\"canonical\" href=\"https:\/\/website-dev.brabender-group.com\/en\/ueber-uns\/\" \/>\n<meta property=\"og:locale\" content=\"en_US\" \/>\n<meta property=\"og:type\" content=\"article\" \/>\n<meta property=\"og:title\" content=\"\u00dcber uns -\" \/>\n<meta property=\"og:description\" content=\"Die Brabender Group Wir lieben es, wenn ein Prozess l\u00e4uft Jedes Detail z\u00e4hlt. Das ist richtig. Aber wir wissen auch, welche Daten, Funktionen und Abl\u00e4ufe wirklich auf den Erfolg einzahlen. Warum? Weil unsere Wurzeln bis in die Speditionswelt reichen und langj\u00e4hrige Erfahrung unseren Blick f\u00fcr den ganzen Prozess gesch\u00e4rft hat. Die Brabender Group ist ein [&hellip;]\" \/>\n<meta property=\"og:url\" content=\"https:\/\/website-dev.brabender-group.com\/en\/ueber-uns\/\" \/>\n<meta property=\"article:modified_time\" content=\"2025-11-07T10:21:35+00:00\" \/>\n<meta property=\"og:image\" content=\"http:\/\/website-dev.brabender-group.com\/wp-content\/uploads\/2025\/11\/978-3-658-14727-3.webp\" \/>\n<meta name=\"twitter:card\" content=\"summary_large_image\" \/>\n<meta name=\"twitter:label1\" content=\"Est. reading time\" \/>\n\t<meta name=\"twitter:data1\" content=\"3 minutes\" \/>\n<script type=\"application\/ld+json\" class=\"yoast-schema-graph\">{\"@context\":\"https:\/\/schema.org\",\"@graph\":[{\"@type\":\"WebPage\",\"@id\":\"https:\/\/website-dev.brabender-group.com\/ueber-uns\/\",\"url\":\"https:\/\/website-dev.brabender-group.com\/ueber-uns\/\",\"name\":\"\u00dcber uns -\",\"isPartOf\":{\"@id\":\"https:\/\/website-dev.brabender-group.com\/#website\"},\"primaryImageOfPage\":{\"@id\":\"https:\/\/website-dev.brabender-group.com\/ueber-uns\/#primaryimage\"},\"image\":{\"@id\":\"https:\/\/website-dev.brabender-group.com\/ueber-uns\/#primaryimage\"},\"thumbnailUrl\":\"http:\/\/website-dev.brabender-group.com\/wp-content\/uploads\/2025\/11\/978-3-658-14727-3.webp\",\"datePublished\":\"2025-11-06T09:15:55+00:00\",\"dateModified\":\"2025-11-07T10:21:35+00:00\",\"breadcrumb\":{\"@id\":\"https:\/\/website-dev.brabender-group.com\/ueber-uns\/#breadcrumb\"},\"inLanguage\":\"en-US\",\"potentialAction\":[{\"@type\":\"ReadAction\",\"target\":[\"https:\/\/website-dev.brabender-group.com\/ueber-uns\/\"]}]},{\"@type\":\"ImageObject\",\"inLanguage\":\"en-US\",\"@id\":\"https:\/\/website-dev.brabender-group.com\/ueber-uns\/#primaryimage\",\"url\":\"http:\/\/website-dev.brabender-group.com\/wp-content\/uploads\/2025\/11\/978-3-658-14727-3.webp\",\"contentUrl\":\"http:\/\/website-dev.brabender-group.com\/wp-content\/uploads\/2025\/11\/978-3-658-14727-3.webp\"},{\"@type\":\"BreadcrumbList\",\"@id\":\"https:\/\/website-dev.brabender-group.com\/ueber-uns\/#breadcrumb\",\"itemListElement\":[{\"@type\":\"ListItem\",\"position\":1,\"name\":\"Start\",\"item\":\"https:\/\/website-dev.brabender-group.com\/\"},{\"@type\":\"ListItem\",\"position\":2,\"name\":\"\u00dcber uns\"}]},{\"@type\":\"WebSite\",\"@id\":\"https:\/\/website-dev.brabender-group.com\/#website\",\"url\":\"https:\/\/website-dev.brabender-group.com\/\",\"name\":\"\",\"description\":\"\",\"potentialAction\":[{\"@type\":\"SearchAction\",\"target\":{\"@type\":\"EntryPoint\",\"urlTemplate\":\"https:\/\/website-dev.brabender-group.com\/?s={search_term_string}\"},\"query-input\":{\"@type\":\"PropertyValueSpecification\",\"valueRequired\":true,\"valueName\":\"search_term_string\"}}],\"inLanguage\":\"en-US\"}]}<\/script>\n<!-- \/ Yoast SEO plugin. -->","yoast_head_json":{"title":"\u00dcber uns -","robots":{"index":"index","follow":"follow","max-snippet":"max-snippet:-1","max-image-preview":"max-image-preview:large","max-video-preview":"max-video-preview:-1"},"canonical":"https:\/\/website-dev.brabender-group.com\/en\/ueber-uns\/","og_locale":"en_US","og_type":"article","og_title":"\u00dcber uns -","og_description":"Die Brabender Group Wir lieben es, wenn ein Prozess l\u00e4uft Jedes Detail z\u00e4hlt. Das ist richtig. Aber wir wissen auch, welche Daten, Funktionen und Abl\u00e4ufe wirklich auf den Erfolg einzahlen. Warum? Weil unsere Wurzeln bis in die Speditionswelt reichen und langj\u00e4hrige Erfahrung unseren Blick f\u00fcr den ganzen Prozess gesch\u00e4rft hat. Die Brabender Group ist ein [&hellip;]","og_url":"https:\/\/website-dev.brabender-group.com\/en\/ueber-uns\/","article_modified_time":"2025-11-07T10:21:35+00:00","og_image":[{"url":"http:\/\/website-dev.brabender-group.com\/wp-content\/uploads\/2025\/11\/978-3-658-14727-3.webp","type":"","width":"","height":""}],"twitter_card":"summary_large_image","twitter_misc":{"Est. reading time":"3 minutes"},"schema":{"@context":"https:\/\/schema.org","@graph":[{"@type":"WebPage","@id":"https:\/\/website-dev.brabender-group.com\/ueber-uns\/","url":"https:\/\/website-dev.brabender-group.com\/ueber-uns\/","name":"\u00dcber uns -","isPartOf":{"@id":"https:\/\/website-dev.brabender-group.com\/#website"},"primaryImageOfPage":{"@id":"https:\/\/website-dev.brabender-group.com\/ueber-uns\/#primaryimage"},"image":{"@id":"https:\/\/website-dev.brabender-group.com\/ueber-uns\/#primaryimage"},"thumbnailUrl":"http:\/\/website-dev.brabender-group.com\/wp-content\/uploads\/2025\/11\/978-3-658-14727-3.webp","datePublished":"2025-11-06T09:15:55+00:00","dateModified":"2025-11-07T10:21:35+00:00","breadcrumb":{"@id":"https:\/\/website-dev.brabender-group.com\/ueber-uns\/#breadcrumb"},"inLanguage":"en-US","potentialAction":[{"@type":"ReadAction","target":["https:\/\/website-dev.brabender-group.com\/ueber-uns\/"]}]},{"@type":"ImageObject","inLanguage":"en-US","@id":"https:\/\/website-dev.brabender-group.com\/ueber-uns\/#primaryimage","url":"http:\/\/website-dev.brabender-group.com\/wp-content\/uploads\/2025\/11\/978-3-658-14727-3.webp","contentUrl":"http:\/\/website-dev.brabender-group.com\/wp-content\/uploads\/2025\/11\/978-3-658-14727-3.webp"},{"@type":"BreadcrumbList","@id":"https:\/\/website-dev.brabender-group.com\/ueber-uns\/#breadcrumb","itemListElement":[{"@type":"ListItem","position":1,"name":"Start","item":"https:\/\/website-dev.brabender-group.com\/"},{"@type":"ListItem","position":2,"name":"\u00dcber uns"}]},{"@type":"WebSite","@id":"https:\/\/website-dev.brabender-group.com\/#website","url":"https:\/\/website-dev.brabender-group.com\/","name":"","description":"","potentialAction":[{"@type":"SearchAction","target":{"@type":"EntryPoint","urlTemplate":"https:\/\/website-dev.brabender-group.com\/?s={search_term_string}"},"query-input":{"@type":"PropertyValueSpecification","valueRequired":true,"valueName":"search_term_string"}}],"inLanguage":"en-US"}]}},"uagb_featured_image_src":{"full":false,"thumbnail":false,"medium":false,"medium_large":false,"large":false,"1536x1536":false,"2048x2048":false,"trp-custom-language-flag":false,"ultp_layout_landscape_large":false,"ultp_layout_landscape":false,"ultp_layout_portrait":false,"ultp_layout_square":false},"uagb_author_info":{"display_name":"admin","author_link":"https:\/\/website-dev.brabender-group.com\/en\/author\/admin\/"},"uagb_comment_info":0,"uagb_excerpt":"Die Brabender Group Wir lieben es, wenn ein Prozess l\u00e4uft Jedes Detail z\u00e4hlt. Das ist richtig. Aber wir wissen auch, welche Daten, Funktionen und Abl\u00e4ufe wirklich auf den Erfolg einzahlen. Warum? Weil unsere Wurzeln bis in die Speditionswelt reichen und langj\u00e4hrige Erfahrung unseren Blick f\u00fcr den ganzen Prozess gesch\u00e4rft hat. Die Brabender Group ist ein&hellip;","_links":{"self":[{"href":"https:\/\/website-dev.brabender-group.com\/en\/wp-json\/wp\/v2\/pages\/264","targetHints":{"allow":["GET"]}}],"collection":[{"href":"https:\/\/website-dev.brabender-group.com\/en\/wp-json\/wp\/v2\/pages"}],"about":[{"href":"https:\/\/website-dev.brabender-group.com\/en\/wp-json\/wp\/v2\/types\/page"}],"author":[{"embeddable":true,"href":"https:\/\/website-dev.brabender-group.com\/en\/wp-json\/wp\/v2\/users\/1"}],"replies":[{"embeddable":true,"href":"https:\/\/website-dev.brabender-group.com\/en\/wp-json\/wp\/v2\/comments?post=264"}],"version-history":[{"count":13,"href":"https:\/\/website-dev.brabender-group.com\/en\/wp-json\/wp\/v2\/pages\/264\/revisions"}],"predecessor-version":[{"id":466,"href":"https:\/\/website-dev.brabender-group.com\/en\/wp-json\/wp\/v2\/pages\/264\/revisions\/466"}],"wp:attachment":[{"href":"https:\/\/website-dev.brabender-group.com\/en\/wp-json\/wp\/v2\/media?parent=264"}],"curies":[{"name":"wp","href":"https:\/\/api.w.org\/{rel}","templated":true}]}}