{"id":368,"date":"2025-11-06T14:10:38","date_gmt":"2025-11-06T14:10:38","guid":{"rendered":"https:\/\/website-dev.brabender-group.com\/?page_id=368"},"modified":"2025-12-22T11:47:06","modified_gmt":"2025-12-22T11:47:06","slug":"kontakt","status":"publish","type":"page","link":"https:\/\/website-dev.brabender-group.com\/en\/kontakt\/","title":{"rendered":"Kontakt"},"content":{"rendered":"<div style=\"height:55px\" aria-hidden=\"true\" class=\"wp-block-spacer\"><\/div>\n\n\n\n<h2 class=\"wp-block-gutenverse-heading guten-element guten-gWh1v5\">Fragen? Wir sind f\u00fcr Sie da.<\/h2>\n\n\n\n<h5 class=\"wp-block-gutenverse-heading guten-element guten-DFuNB6\">Rufen Sie an und schildern Sie Ihr Problem oder Anliegen bei einem unserer Berater.<\/h5>\n\n\n\n<div class=\"guten-element gutenverse-text-editor guten-49K7g0\"><div class=\"text-content-inner\">\n<p>Vielleicht k\u00f6nnen Sie so die eine oder andere Anregung mitnehmen &#8211; selbstverst\u00e4ndlich als kostenlosen Service. Wenn Ihnen der elektronische Weg lieber ist oder Sie w\u00fcnschen einen R\u00fcckruf, k\u00f6nnen Sie uns \u00fcber das Formular weiter unten eine Nachricht zukommen lassen.<\/p>\n<\/div><\/div>\n\n\n\n<div style=\"height:55px\" aria-hidden=\"true\" class=\"wp-block-spacer\"><\/div>\n\n\n\n<div class=\"wp-block-ultimate-post-row ultp-block-211c80\"><div class=\"ultp-row-wrapper\"><div class=\"ultp-row-content\">\n<div class=\"wp-block-ultimate-post-column ultp-block-f1ddca\"><div class=\"ultp-column-wrapper\">\n<div class=\"wp-block-uagb-info-box uagb-block-49074ee0 uagb-infobox__content-wrap  uagb-infobox-icon-above-title uagb-infobox-image-valign-top\"><div class=\"uagb-ifb-content\"><div class=\"uagb-ifb-title-wrap\"><h3 class=\"uagb-ifb-title\">Schweiz<\/h3><\/div><p class=\"uagb-ifb-desc\"><img decoding=\"async\" width=\"16\" height=\"16\" src=\"https:\/\/www.brabender-group.com\/media\/vlhkrgjm\/telephone.svg?rmode=max&amp;width=16&amp;height=16\" alt=\"\"> <a href=\"tel:+41417545800\">+41 41 7545800<\/a><br>BRABENDER Solutions&nbsp;GmbH<br><img decoding=\"async\" width=\"16\" height=\"16\" src=\"https:\/\/www.brabender-group.com\/media\/nn5bddca\/geo-alt-fill.svg?rmode=max&amp;width=16&amp;height=16\" alt=\"\"> Gewerbestr. 5a,&nbsp;CH-6314<br>Unter\u00e4geri (Zug)<br><img decoding=\"async\" width=\"16\" height=\"16\" src=\"https:\/\/www.brabender-group.com\/media\/ppwhsg41\/envelope.svg?rmode=max&amp;width=16&amp;height=16\" alt=\"\">&nbsp;<a href=\"mailto:mail@brabender-group.com\">&nbsp;mail@brabender-group.com<\/a><\/p><\/div><\/div>\n<\/div><\/div>\n\n\n\n<div class=\"wp-block-ultimate-post-column ultp-block-a6af42\"><div class=\"ultp-column-wrapper\">\n<div class=\"guten-element gutenverse-maps guten-maps guten-aLjXbE\" data-src=\"https:\/\/maps.google.com\/maps?q=Gewerbestr.%205a%206314%20Unter%C3%A4geri&amp;z=8&amp;t=m&amp;output=embed&amp;iwloc=near\"><iframe frameborder=\"0\" scrolling=\"no\" marginheight=\"0\" marginwidth=\"0\" src=\"\" title=\"Gewerbestr. 5a 6314 Unter\u00e4geri\"><\/iframe><\/div>\n<\/div><\/div>\n\n\n\n<div class=\"wp-block-ultimate-post-column ultp-block-270d3e\"><div class=\"ultp-column-wrapper\">\n<div class=\"wp-block-uagb-info-box uagb-block-b55705ec uagb-infobox__content-wrap  uagb-infobox-icon-above-title uagb-infobox-image-valign-top\"><div class=\"uagb-ifb-content\"><div class=\"uagb-ifb-title-wrap\"><h3 class=\"uagb-ifb-title\">Deutschland S\u00fcd<\/h3><\/div><p class=\"uagb-ifb-desc\"><img decoding=\"async\" width=\"16\" height=\"16\" src=\"https:\/\/www.brabender-group.com\/media\/vlhkrgjm\/telephone.svg?rmode=max&amp;width=16&amp;height=16\" alt=\"\"> <a href=\"tel:+492114174100\">+49 211 4174100<\/a><br>BRABENDER Solutions&nbsp;GmbH<br><img decoding=\"async\" width=\"16\" height=\"16\" src=\"https:\/\/www.brabender-group.com\/media\/nn5bddca\/geo-alt-fill.svg?rmode=max&amp;width=16&amp;height=16\" alt=\"\"> Br\u00fcckengasse 1b, <br>D-78462 Konstanz<br><img decoding=\"async\" width=\"16\" height=\"16\" src=\"https:\/\/www.brabender-group.com\/media\/ppwhsg41\/envelope.svg?rmode=max&amp;width=16&amp;height=16\" alt=\"\"><a href=\"mailto:mail@brabender-group.com\">&nbsp;mail@brabender-group.com<\/a><\/p><\/div><\/div>\n<\/div><\/div>\n\n\n\n<div class=\"wp-block-ultimate-post-column ultp-block-cd0d12\"><div class=\"ultp-column-wrapper\">\n<div class=\"guten-element gutenverse-maps guten-maps guten-gMaGjC\" data-src=\"https:\/\/maps.google.com\/maps?q=Br%C3%BCckengasse%201b%2078462%20Konstanz&amp;z=8&amp;t=m&amp;output=embed&amp;iwloc=near\"><iframe frameborder=\"0\" scrolling=\"no\" marginheight=\"0\" marginwidth=\"0\" src=\"\" title=\"Br\u00fcckengasse 1b 78462 Konstanz\"><\/iframe><\/div>\n<\/div><\/div>\n<\/div><\/div><\/div>\n\n\n\n<div class=\"wp-block-ultimate-post-row ultp-block-8ee5fe\"><div class=\"ultp-row-wrapper\"><div class=\"ultp-row-content\">\n<div class=\"wp-block-ultimate-post-column ultp-block-e4106b\"><div class=\"ultp-column-wrapper\">\n<div class=\"wp-block-uagb-info-box uagb-block-9019e8e8 uagb-infobox__content-wrap  uagb-infobox-icon-above-title uagb-infobox-image-valign-top\"><div class=\"uagb-ifb-content\"><div class=\"uagb-ifb-title-wrap\"><h3 class=\"uagb-ifb-title\">Deutschland Mitte<\/h3><\/div><p class=\"uagb-ifb-desc\"><img decoding=\"async\" width=\"16\" height=\"16\" src=\"https:\/\/www.brabender-group.com\/media\/vlhkrgjm\/telephone.svg?rmode=max&amp;width=16&amp;height=16\" alt=\"\"> <a href=\"tel:+492114174100\">+49 211 4174100<\/a><br>BRABENDER Solutions&nbsp;GmbH<br><img decoding=\"async\" width=\"16\" height=\"16\" src=\"https:\/\/www.brabender-group.com\/media\/nn5bddca\/geo-alt-fill.svg?rmode=max&amp;width=16&amp;height=16\" alt=\"\"> Ringstr. 5c,&nbsp;D-41747 Viersen<br><img decoding=\"async\" width=\"16\" height=\"16\" src=\"https:\/\/www.brabender-group.com\/media\/ppwhsg41\/envelope.svg?rmode=max&amp;width=16&amp;height=16\" alt=\"\"><a href=\"mailto:mail@brabender-group.com\">&nbsp;mail@brabender-group.com<\/a><\/p><\/div><\/div>\n<\/div><\/div>\n\n\n\n<div class=\"wp-block-ultimate-post-column ultp-block-ab4f89\"><div class=\"ultp-column-wrapper\">\n<div class=\"guten-element gutenverse-maps guten-maps guten-K5PCxX\" data-src=\"https:\/\/maps.google.com\/maps?q=Ringstr.%205c%2041747%20Viersen&amp;z=8&amp;t=m&amp;output=embed&amp;iwloc=near\"><iframe frameborder=\"0\" scrolling=\"no\" marginheight=\"0\" marginwidth=\"0\" src=\"\" title=\"Ringstr. 5c 41747 Viersen\"><\/iframe><\/div>\n<\/div><\/div>\n\n\n\n<div class=\"wp-block-ultimate-post-column ultp-block-0ef8b2\"><div class=\"ultp-column-wrapper\">\n<div class=\"wp-block-uagb-info-box uagb-block-69dfd32f uagb-infobox__content-wrap  uagb-infobox-icon-above-title uagb-infobox-image-valign-top\"><div class=\"uagb-ifb-content\"><div class=\"uagb-ifb-title-wrap\"><h3 class=\"uagb-ifb-title\">Finnland<\/h3><\/div><p class=\"uagb-ifb-desc\"><img decoding=\"async\" width=\"16\" height=\"16\" src=\"https:\/\/www.brabender-group.com\/media\/vlhkrgjm\/telephone.svg?rmode=max&amp;width=16&amp;height=16\" alt=\"\"> <a href=\"tel:+358942726910\">+358 942726910<\/a><br>BRABENDER Solutions&nbsp;Oy<br><img decoding=\"async\" width=\"16\" height=\"16\" src=\"https:\/\/www.brabender-group.com\/media\/nn5bddca\/geo-alt-fill.svg?rmode=max&amp;width=16&amp;height=16\" alt=\"\"> Tulikukankuja 4,&nbsp;FI-50600 Mikkeli<br><img decoding=\"async\" width=\"16\" height=\"16\" src=\"https:\/\/www.brabender-group.com\/media\/ppwhsg41\/envelope.svg?rmode=max&amp;width=16&amp;height=16\" alt=\"\"> <a href=\"mailto:mail@brabender-group.com\">&nbsp;mail@brabender-group.com<\/a><\/p><\/div><\/div>\n<\/div><\/div>\n\n\n\n<div class=\"wp-block-ultimate-post-column ultp-block-d544e2\"><div class=\"ultp-column-wrapper\">\n<div class=\"guten-element gutenverse-maps guten-maps guten-4xcwsm\" data-src=\"https:\/\/maps.google.com\/maps?q=Tulikukankuja%204%2C%2050600%20Mikkeli&amp;z=11&amp;t=m&amp;output=embed&amp;iwloc=near\"><iframe frameborder=\"0\" scrolling=\"no\" marginheight=\"0\" marginwidth=\"0\" src=\"\" title=\"Tulikukankuja 4, 50600 Mikkeli\"><\/iframe><\/div>\n<\/div><\/div>\n<\/div><\/div><\/div>\n\n\n\n<div class=\"guten-element gutenverse-text-editor guten-Bd6jKa\"><div class=\"text-content-inner\">\n<p class=\"has-text-align-center\" style=\"font-size:clamp(16.293px, 1.018rem + ((1vw - 3.2px) * 0.68), 25px);\">Keine Frage ist zu klein &#8211; wir h\u00f6ren zu!<\/p>\n<\/div><\/div>\n\n\n\n<div class=\"guten-element gutenverse-text-editor guten-Cnrk0t\"><div class=\"text-content-inner\">\n<p class=\"has-text-align-center\" style=\"font-size:clamp(16.834px, 1.052rem + ((1vw - 3.2px) * 0.716), 26px);\"><\/p>\n\n\n\n<p><\/p>\n\n\n\n<p class=\"has-text-align-center\"><strong>\u00d6ffnungszeiten Telefonzentrale<\/strong><\/p>\n\n\n\n<p class=\"has-text-align-center\">MO &#8211; FR von 08.00-12.00 Uhr und 13.00-17.00 Uhr<\/p>\n\n\n\n<p class=\"has-text-align-center\"><em>(evtl. bis 18.00 Uhr erreichbar)<\/em><\/p>\n<\/div><\/div>\n\n\n\n<div class=\"wp-block-uagb-container uagb-block-3ad1a88e alignfull uagb-is-root-container\"><div class=\"uagb-container-inner-blocks-wrap\">\n<div style=\"height:52px\" aria-hidden=\"true\" class=\"wp-block-spacer\"><\/div>\n\n\n\n<h2 class=\"wp-block-gutenverse-heading guten-element guten-YLOdqn\"><strong>Alles, was Sie bewegt<\/strong> <strong>&#8211; wir sind f\u00fcr Sie da<\/strong><\/h2>\n\n\n\n<div class=\"wp-block-uagb-container uagb-block-d27c3277\">\n<p class=\"has-text-align-center\">Haben Sie Fragen oder ein konkretes Anliegen? <a href=\"https:\/\/website-dev.brabender-group.com\/en\/?page_id=752\" data-type=\"page\" data-id=\"752\">Rufen Sie direkt an<\/a> \u2013 unsere Experten beraten Sie pers\u00f6nlich. Kostenlos und unverbindlich erhalten Sie erste Einsch\u00e4tzungen und Ideen. Oder schreiben Sie uns \u00fcber das Kontaktformular \u2013 wir melden uns schnellstm\u00f6glich.<\/p>\n<\/div>\n\n\n\n<div class=\"wp-block-contact-form-7-contact-form-selector\">\n<div class=\"wpcf7 no-js\" id=\"wpcf7-f6-o1\" lang=\"en-US\" dir=\"ltr\" data-wpcf7-id=\"6\">\n<div class=\"screen-reader-response\"><p role=\"status\" aria-live=\"polite\" aria-atomic=\"true\"><\/p> <ul><\/ul><\/div>\n<form action=\"\/en\/wp-json\/wp\/v2\/pages\/368#wpcf7-f6-o1\" method=\"post\" class=\"wpcf7-form init\" aria-label=\"Contact form\" novalidate=\"novalidate\" data-status=\"init\" data-trp-original-action=\"\/en\/wp-json\/wp\/v2\/pages\/368#wpcf7-f6-o1\">\n<fieldset class=\"hidden-fields-container\"><input type=\"hidden\" name=\"_wpcf7\" value=\"6\" \/><input type=\"hidden\" name=\"_wpcf7_version\" value=\"6.1.5\" \/><input type=\"hidden\" name=\"_wpcf7_locale\" value=\"en_US\" \/><input type=\"hidden\" name=\"_wpcf7_unit_tag\" value=\"wpcf7-f6-o1\" \/><input type=\"hidden\" name=\"_wpcf7_container_post\" value=\"0\" \/><input type=\"hidden\" name=\"_wpcf7_posted_data_hash\" value=\"\" \/>\n<\/fieldset>\n<div class=\"form-row-three\">\n\t<div class=\"form-field\">\n\t\t<p><label>Ihr Name*<br \/>\n<span class=\"wpcf7-form-control-wrap\" data-name=\"your-name\"><input size=\"40\" maxlength=\"400\" class=\"wpcf7-form-control wpcf7-text wpcf7-validates-as-required form-control\" autocomplete=\"name\" aria-required=\"true\" aria-invalid=\"false\" placeholder=\"\" value=\"\" type=\"text\" name=\"your-name\" \/><\/span><br \/>\n<\/label>\n\t\t<\/p>\n\t<\/div>\n\t<div class=\"form-field\">\n\t\t<p><label>Ihr Unternehmen<br \/>\n<span class=\"wpcf7-form-control-wrap\" data-name=\"your-company\"><input size=\"40\" maxlength=\"400\" class=\"wpcf7-form-control wpcf7-text form-control\" aria-invalid=\"false\" placeholder=\"\" value=\"\" type=\"text\" name=\"your-company\" \/><\/span><br \/>\n<\/label>\n\t\t<\/p>\n\t<\/div>\n\t<div class=\"form-field\">\n\t\t<p><label>Ihr Betreff*<br \/>\n<span class=\"wpcf7-form-control-wrap\" data-name=\"your-subject\"><input size=\"40\" maxlength=\"400\" class=\"wpcf7-form-control wpcf7-text wpcf7-validates-as-required form-control\" aria-required=\"true\" aria-invalid=\"false\" placeholder=\"\" value=\"\" type=\"text\" name=\"your-subject\" \/><\/span><br \/>\n<\/label>\n\t\t<\/p>\n\t<\/div>\n<\/div>\n<div class=\"form-row-two\">\n\t<div class=\"form-field\">\n\t\t<p><label>Ihre E-Mail-Adresse*<br \/>\n<span class=\"wpcf7-form-control-wrap\" data-name=\"your-email\"><input size=\"40\" maxlength=\"400\" class=\"wpcf7-form-control wpcf7-email wpcf7-validates-as-required wpcf7-text wpcf7-validates-as-email form-control\" autocomplete=\"email\" aria-required=\"true\" aria-invalid=\"false\" placeholder=\"\" value=\"\" type=\"email\" name=\"your-email\" \/><\/span><br \/>\n<\/label>\n\t\t<\/p>\n\t<\/div>\n\t<div class=\"form-field\">\n\t\t<p><label>Ihre Telefonnummer<br \/>\n<span class=\"wpcf7-form-control-wrap\" data-name=\"your-phone\"><input size=\"40\" maxlength=\"400\" class=\"wpcf7-form-control wpcf7-tel wpcf7-text wpcf7-validates-as-tel form-control\" autocomplete=\"tel\" aria-invalid=\"false\" placeholder=\"\" value=\"\" type=\"tel\" name=\"your-phone\" \/><\/span><br \/>\n<\/label>\n\t\t<\/p>\n\t<\/div>\n<\/div>\n<div class=\"form-row-full\">\n\t<p><label>Ihre Nachricht<br \/>\n<span class=\"wpcf7-form-control-wrap\" data-name=\"your-message\"><textarea cols=\"40\" rows=\"10\" maxlength=\"2000\" class=\"wpcf7-form-control wpcf7-textarea form-control\" aria-invalid=\"false\" placeholder=\"\" name=\"your-message\"><\/textarea><\/span><br \/>\n<\/label>\n\t<\/p>\n<\/div>\n<p><input class=\"wpcf7-form-control wpcf7-submit has-spinner submit-btn\" type=\"submit\" value=\"Nachricht senden\" \/>\n<\/p><div class=\"wpcf7-response-output\" aria-hidden=\"true\"><\/div>\n<input type=\"hidden\" name=\"trp-form-language\" value=\"en\"\/><\/form>\n<\/div>\n<\/div>\n<\/div><\/div>\n\n\n\n<p><\/p>","protected":false},"excerpt":{"rendered":"<p>Haben Sie Fragen oder ein konkretes Anliegen? Rufen Sie direkt an \u2013 unsere Experten beraten Sie pers\u00f6nlich. Kostenlos und unverbindlich erhalten Sie erste Einsch\u00e4tzungen und Ideen. Oder schreiben Sie uns \u00fcber das Kontaktformular \u2013 wir melden uns schnellstm\u00f6glich.<\/p>","protected":false},"author":1,"featured_media":0,"parent":0,"menu_order":0,"comment_status":"closed","ping_status":"closed","template":"","meta":{"_uag_custom_page_level_css":"","footnotes":""},"class_list":["post-368","page","type-page","status-publish","hentry"],"blocksy_meta":[],"featured_image_src":null,"yoast_head":"<!-- This site is optimized with the Yoast SEO plugin v27.0 - https:\/\/yoast.com\/product\/yoast-seo-wordpress\/ -->\n<title>Kontakt -<\/title>\n<meta name=\"robots\" content=\"index, follow, max-snippet:-1, max-image-preview:large, max-video-preview:-1\" \/>\n<link rel=\"canonical\" href=\"https:\/\/website-dev.brabender-group.com\/en\/kontakt\/\" \/>\n<meta property=\"og:locale\" content=\"en_US\" \/>\n<meta property=\"og:type\" content=\"article\" \/>\n<meta property=\"og:title\" content=\"Kontakt -\" \/>\n<meta property=\"og:description\" content=\"Haben Sie Fragen oder ein konkretes Anliegen? Rufen Sie direkt an \u2013 unsere Experten beraten Sie pers\u00f6nlich. Kostenlos und unverbindlich erhalten Sie erste Einsch\u00e4tzungen und Ideen. Oder schreiben Sie uns \u00fcber das Kontaktformular \u2013 wir melden uns schnellstm\u00f6glich.\" \/>\n<meta property=\"og:url\" content=\"https:\/\/website-dev.brabender-group.com\/en\/kontakt\/\" \/>\n<meta property=\"article:modified_time\" content=\"2025-12-22T11:47:06+00:00\" \/>\n<meta property=\"og:image\" content=\"https:\/\/www.brabender-group.com\/media\/vlhkrgjm\/telephone.svg?rmode=max&amp;width=16&amp;height=16\" \/>\n<meta name=\"twitter:card\" content=\"summary_large_image\" \/>\n<meta name=\"twitter:label1\" content=\"Est. reading time\" \/>\n\t<meta name=\"twitter:data1\" content=\"1 minute\" \/>\n<script type=\"application\/ld+json\" class=\"yoast-schema-graph\">{\"@context\":\"https:\/\/schema.org\",\"@graph\":[{\"@type\":\"WebPage\",\"@id\":\"https:\/\/website-dev.brabender-group.com\/kontakt\/\",\"url\":\"https:\/\/website-dev.brabender-group.com\/kontakt\/\",\"name\":\"Kontakt -\",\"isPartOf\":{\"@id\":\"https:\/\/website-dev.brabender-group.com\/#website\"},\"primaryImageOfPage\":{\"@id\":\"https:\/\/website-dev.brabender-group.com\/kontakt\/#primaryimage\"},\"image\":{\"@id\":\"https:\/\/website-dev.brabender-group.com\/kontakt\/#primaryimage\"},\"thumbnailUrl\":\"https:\/\/www.brabender-group.com\/media\/vlhkrgjm\/telephone.svg?rmode=max&amp;width=16&amp;height=16\",\"datePublished\":\"2025-11-06T14:10:38+00:00\",\"dateModified\":\"2025-12-22T11:47:06+00:00\",\"breadcrumb\":{\"@id\":\"https:\/\/website-dev.brabender-group.com\/kontakt\/#breadcrumb\"},\"inLanguage\":\"en-US\",\"potentialAction\":[{\"@type\":\"ReadAction\",\"target\":[\"https:\/\/website-dev.brabender-group.com\/kontakt\/\"]}]},{\"@type\":\"ImageObject\",\"inLanguage\":\"en-US\",\"@id\":\"https:\/\/website-dev.brabender-group.com\/kontakt\/#primaryimage\",\"url\":\"https:\/\/www.brabender-group.com\/media\/vlhkrgjm\/telephone.svg?rmode=max&amp;width=16&amp;height=16\",\"contentUrl\":\"https:\/\/www.brabender-group.com\/media\/vlhkrgjm\/telephone.svg?rmode=max&amp;width=16&amp;height=16\"},{\"@type\":\"BreadcrumbList\",\"@id\":\"https:\/\/website-dev.brabender-group.com\/kontakt\/#breadcrumb\",\"itemListElement\":[{\"@type\":\"ListItem\",\"position\":1,\"name\":\"Start\",\"item\":\"https:\/\/website-dev.brabender-group.com\/\"},{\"@type\":\"ListItem\",\"position\":2,\"name\":\"Kontakt\"}]},{\"@type\":\"WebSite\",\"@id\":\"https:\/\/website-dev.brabender-group.com\/#website\",\"url\":\"https:\/\/website-dev.brabender-group.com\/\",\"name\":\"\",\"description\":\"\",\"potentialAction\":[{\"@type\":\"SearchAction\",\"target\":{\"@type\":\"EntryPoint\",\"urlTemplate\":\"https:\/\/website-dev.brabender-group.com\/?s={search_term_string}\"},\"query-input\":{\"@type\":\"PropertyValueSpecification\",\"valueRequired\":true,\"valueName\":\"search_term_string\"}}],\"inLanguage\":\"en-US\"}]}<\/script>\n<!-- \/ Yoast SEO plugin. -->","yoast_head_json":{"title":"Kontakt -","robots":{"index":"index","follow":"follow","max-snippet":"max-snippet:-1","max-image-preview":"max-image-preview:large","max-video-preview":"max-video-preview:-1"},"canonical":"https:\/\/website-dev.brabender-group.com\/en\/kontakt\/","og_locale":"en_US","og_type":"article","og_title":"Kontakt -","og_description":"Haben Sie Fragen oder ein konkretes Anliegen? Rufen Sie direkt an \u2013 unsere Experten beraten Sie pers\u00f6nlich. Kostenlos und unverbindlich erhalten Sie erste Einsch\u00e4tzungen und Ideen. Oder schreiben Sie uns \u00fcber das Kontaktformular \u2013 wir melden uns schnellstm\u00f6glich.","og_url":"https:\/\/website-dev.brabender-group.com\/en\/kontakt\/","article_modified_time":"2025-12-22T11:47:06+00:00","og_image":[{"url":"https:\/\/www.brabender-group.com\/media\/vlhkrgjm\/telephone.svg?rmode=max&amp;width=16&amp;height=16","type":"","width":"","height":""}],"twitter_card":"summary_large_image","twitter_misc":{"Est. reading time":"1 minute"},"schema":{"@context":"https:\/\/schema.org","@graph":[{"@type":"WebPage","@id":"https:\/\/website-dev.brabender-group.com\/kontakt\/","url":"https:\/\/website-dev.brabender-group.com\/kontakt\/","name":"Kontakt -","isPartOf":{"@id":"https:\/\/website-dev.brabender-group.com\/#website"},"primaryImageOfPage":{"@id":"https:\/\/website-dev.brabender-group.com\/kontakt\/#primaryimage"},"image":{"@id":"https:\/\/website-dev.brabender-group.com\/kontakt\/#primaryimage"},"thumbnailUrl":"https:\/\/www.brabender-group.com\/media\/vlhkrgjm\/telephone.svg?rmode=max&amp;width=16&amp;height=16","datePublished":"2025-11-06T14:10:38+00:00","dateModified":"2025-12-22T11:47:06+00:00","breadcrumb":{"@id":"https:\/\/website-dev.brabender-group.com\/kontakt\/#breadcrumb"},"inLanguage":"en-US","potentialAction":[{"@type":"ReadAction","target":["https:\/\/website-dev.brabender-group.com\/kontakt\/"]}]},{"@type":"ImageObject","inLanguage":"en-US","@id":"https:\/\/website-dev.brabender-group.com\/kontakt\/#primaryimage","url":"https:\/\/www.brabender-group.com\/media\/vlhkrgjm\/telephone.svg?rmode=max&amp;width=16&amp;height=16","contentUrl":"https:\/\/www.brabender-group.com\/media\/vlhkrgjm\/telephone.svg?rmode=max&amp;width=16&amp;height=16"},{"@type":"BreadcrumbList","@id":"https:\/\/website-dev.brabender-group.com\/kontakt\/#breadcrumb","itemListElement":[{"@type":"ListItem","position":1,"name":"Start","item":"https:\/\/website-dev.brabender-group.com\/"},{"@type":"ListItem","position":2,"name":"Kontakt"}]},{"@type":"WebSite","@id":"https:\/\/website-dev.brabender-group.com\/#website","url":"https:\/\/website-dev.brabender-group.com\/","name":"","description":"","potentialAction":[{"@type":"SearchAction","target":{"@type":"EntryPoint","urlTemplate":"https:\/\/website-dev.brabender-group.com\/?s={search_term_string}"},"query-input":{"@type":"PropertyValueSpecification","valueRequired":true,"valueName":"search_term_string"}}],"inLanguage":"en-US"}]}},"uagb_featured_image_src":{"full":false,"thumbnail":false,"medium":false,"medium_large":false,"large":false,"1536x1536":false,"2048x2048":false,"trp-custom-language-flag":false,"ultp_layout_landscape_large":false,"ultp_layout_landscape":false,"ultp_layout_portrait":false,"ultp_layout_square":false},"uagb_author_info":{"display_name":"admin","author_link":"https:\/\/website-dev.brabender-group.com\/en\/author\/admin\/"},"uagb_comment_info":0,"uagb_excerpt":"Haben Sie Fragen oder ein konkretes Anliegen? Rufen Sie direkt an \u2013 unsere Experten beraten Sie pers\u00f6nlich. Kostenlos und unverbindlich erhalten Sie erste Einsch\u00e4tzungen und Ideen. Oder schreiben Sie uns \u00fcber das Kontaktformular \u2013 wir melden uns schnellstm\u00f6glich.","_links":{"self":[{"href":"https:\/\/website-dev.brabender-group.com\/en\/wp-json\/wp\/v2\/pages\/368","targetHints":{"allow":["GET"]}}],"collection":[{"href":"https:\/\/website-dev.brabender-group.com\/en\/wp-json\/wp\/v2\/pages"}],"about":[{"href":"https:\/\/website-dev.brabender-group.com\/en\/wp-json\/wp\/v2\/types\/page"}],"author":[{"embeddable":true,"href":"https:\/\/website-dev.brabender-group.com\/en\/wp-json\/wp\/v2\/users\/1"}],"replies":[{"embeddable":true,"href":"https:\/\/website-dev.brabender-group.com\/en\/wp-json\/wp\/v2\/comments?post=368"}],"version-history":[{"count":36,"href":"https:\/\/website-dev.brabender-group.com\/en\/wp-json\/wp\/v2\/pages\/368\/revisions"}],"predecessor-version":[{"id":871,"href":"https:\/\/website-dev.brabender-group.com\/en\/wp-json\/wp\/v2\/pages\/368\/revisions\/871"}],"wp:attachment":[{"href":"https:\/\/website-dev.brabender-group.com\/en\/wp-json\/wp\/v2\/media?parent=368"}],"curies":[{"name":"wp","href":"https:\/\/api.w.org\/{rel}","templated":true}]}}