{"id":439,"date":"2025-11-07T10:02:57","date_gmt":"2025-11-07T10:02:57","guid":{"rendered":"https:\/\/website-dev.brabender-group.com\/?page_id=439"},"modified":"2025-12-22T13:55:00","modified_gmt":"2025-12-22T13:55:00","slug":"karriere","status":"publish","type":"page","link":"https:\/\/website-dev.brabender-group.com\/en\/karriere\/","title":{"rendered":"Career"},"content":{"rendered":"<div class=\"wp-block-uagb-container uagb-block-f8124da0 alignfull uagb-is-root-container\"><div class=\"uagb-container-inner-blocks-wrap\">\n<h1 class=\"wp-block-gutenverse-heading guten-element guten-NtaR5c\">Deine Karriere. Unsere Mission.<\/h1>\n\n\n\n<div class=\"guten-element gutenverse-text-editor guten-zZuGe3\"><div class=\"text-content-inner\">\n<p class=\"has-text-align-center has-palette-color-8-color has-text-color has-link-color has-medium-font-size wp-elements-033fb348d9d351d1ec162c82bfc919a1\">Innovative L\u00f6sungen f\u00fcr die Logistik von morgen.<\/p>\n<\/div><\/div>\n\n\n\n<div class=\"guten-element gutenverse-text-editor guten-9qHyGB\"><div class=\"text-content-inner\"><\/div><\/div>\n<\/div><\/div>\n\n\n\n<div class=\"wp-block-uagb-container uagb-block-ae5ccc28 alignfull uagb-is-root-container\"><div class=\"uagb-container-inner-blocks-wrap\">\n<h2 class=\"wp-block-gutenverse-heading guten-element guten-K8x7IN\">Du erkennst dich wieder?<\/h2>\n<\/div><\/div>\n\n\n\n<div class=\"wp-block-uagb-container uagb-layout-flex uagb-block-e0576d0f alignfull uagb-is-root-container\"><div class=\"uagb-container-inner-blocks-wrap\">\n<div class=\"wp-block-uagb-container uagb-block-bce20e47\">\n<div class=\"guten-element guten-BL74nN guten-icon-box icon-position-undefined\"><div class=\"guten-icon-box-wrapper hover-from-left\"><div class=\"icon-box icon-box-header\"><div class=\"icon bg-style-color type-image\"><img decoding=\"async\" src=\"http:\/\/website-dev.brabender-group.com\/wp-content\/uploads\/2025\/12\/wrench.svg\"\/><\/div><\/div><div class=\"icon-box icon-box-body\"><h2 class=\"title\">Praxisnah statt abgehoben<\/h2><p class=\"icon-box-description\">Unsere L\u00f6sungen entstehen nicht im Elfenbeinturm. Wir denken aus Sicht der Speditionen und Logistikdienstleister \u2013 bodenst\u00e4ndig und realistisch.<\/p><\/div><\/div><\/div>\n<\/div>\n\n\n\n<div class=\"wp-block-uagb-container uagb-block-6be24ed0\">\n<div class=\"guten-element guten-Y0xXvb guten-icon-box icon-position-undefined\"><div class=\"guten-icon-box-wrapper hover-from-left\"><div class=\"icon-box icon-box-header\"><div class=\"icon bg-style-color type-image\"><img decoding=\"async\" src=\"http:\/\/website-dev.brabender-group.com\/wp-content\/uploads\/2025\/12\/lightbulb.svg\"\/><\/div><\/div><div class=\"icon-box icon-box-body\"><h2 class=\"title\">Kreativ &#038; schnell im Kopf<\/h2><p class=\"icon-box-description\">Viele von uns ticken schnell, springen zwischen Ideen und denken quer. Genau das macht unsere L\u00f6sungen besser.<\/p><\/div><\/div><\/div>\n<\/div>\n\n\n\n<div class=\"wp-block-uagb-container uagb-block-be8b6f45\">\n<div class=\"guten-element guten-Alf6Q3 guten-icon-box icon-position-undefined\"><div class=\"guten-icon-box-wrapper hover-from-left\"><div class=\"icon-box icon-box-header\"><div class=\"icon bg-style-color type-image\"><img decoding=\"async\" src=\"http:\/\/website-dev.brabender-group.com\/wp-content\/uploads\/2025\/12\/brain-circuit.svg\"\/><\/div><\/div><div class=\"icon-box icon-box-body\"><h2 class=\"title\">Eigenst\u00e4ndig denken<\/h2><p class=\"icon-box-description\">Wir brauchen keine Abarbeiter. Wir brauchen Menschen, die Verantwortung \u00fcbernehmen, Entscheidungen treffen und ihren Bereich selbst vorantreiben.<\/p><\/div><\/div><\/div>\n<\/div>\n\n\n\n<div class=\"guten-element guten-EAZwMl guten-icon-box icon-position-undefined\"><div class=\"guten-icon-box-wrapper hover-from-left\"><div class=\"icon-box icon-box-header\"><div class=\"icon bg-style-color type-image\"><img decoding=\"async\" src=\"http:\/\/website-dev.brabender-group.com\/wp-content\/uploads\/2025\/12\/rocket.svg\"\/><\/div><\/div><div class=\"icon-box icon-box-body\"><h2 class=\"title\">Mut, Dinge anders zu machen<\/h2><p class=\"icon-box-description\">Wir hinterfragen Standards, probieren Neues aus und haben keine Angst vor unkonventionellen Wegen \u2013 auch wenn es mal unbequem wird.<\/p><\/div><\/div><\/div>\n<\/div><\/div>\n\n\n\n<div style=\"height:100px\" aria-hidden=\"true\" class=\"wp-block-spacer\"><\/div>\n\n\n\n<div class=\"wp-block-columns is-layout-flex wp-container-core-columns-is-layout-28f84493 wp-block-columns-is-layout-flex\">\n<div class=\"wp-block-column is-layout-flow wp-block-column-is-layout-flow\"><\/div>\n<\/div>\n\n\n\n<div class=\"wp-block-uagb-container uagb-block-3773f144 alignfull uagb-is-root-container\"><div class=\"uagb-container-inner-blocks-wrap\">\n<div class=\"wp-block-uagb-container uagb-block-e666dc6c\">\n<h2 class=\"wp-block-gutenverse-heading guten-element guten-AEqArF\">Ein System, das ineinandergreift<\/h2>\n\n\n\n<div class=\"guten-element gutenverse-text-editor guten-ZI7Y4C\"><div class=\"text-content-inner\">\n<p>Bei der BRABENDER group treiben wir die Revolution in der Transport- und Logistikbranche voran. Als Hersteller von Software und Telematik-Hardware arbeiten wir eng mit Speditionen und Logistikdienstleistern in ganz Europa zusammen.<\/p>\n<\/div><\/div>\n\n\n\n<div class=\"guten-element gutenverse-text-editor guten-qoj7cI\"><div class=\"text-content-inner\">\n<p><strong>Unsere Mission:<\/strong>&nbsp;Wir bieten innovative L\u00f6sungen, die den Unterschied machen \u2013 f\u00fcr effizientere Prozesse, smartere KI-Technologien und eine zukunftsweisende Logistik.<\/p>\n<\/div><\/div>\n<\/div>\n\n\n\n<div class=\"wp-block-uagb-container uagb-block-74b9f147\">\n<figure class=\"wp-block-image size-full has-custom-border is-style-rounded\"><img decoding=\"async\" width=\"768\" height=\"1024\" src=\"https:\/\/website-dev.brabender-group.com\/wp-content\/uploads\/2025\/12\/Neska-dormagen-vorort.jpg\" alt=\"\" class=\"wp-image-811\" style=\"border-style:none;border-width:0px;border-top-left-radius:10px;border-top-right-radius:10px;border-bottom-left-radius:10px;border-bottom-right-radius:10px\" srcset=\"https:\/\/website-dev.brabender-group.com\/wp-content\/uploads\/2025\/12\/Neska-dormagen-vorort.jpg 768w, https:\/\/website-dev.brabender-group.com\/wp-content\/uploads\/2025\/12\/Neska-dormagen-vorort-225x300.jpg 225w, https:\/\/website-dev.brabender-group.com\/wp-content\/uploads\/2025\/12\/Neska-dormagen-vorort-9x12.jpg 9w\" sizes=\"(max-width: 768px) 100vw, 768px\" \/><\/figure>\n<\/div>\n<\/div><\/div>\n\n\n\n<div style=\"height:100px\" aria-hidden=\"true\" class=\"wp-block-spacer\"><\/div>\n\n\n\n<div class=\"wp-block-uagb-container uagb-layout-flex uagb-block-0c0df3b4 alignfull uagb-is-root-container\"><div class=\"uagb-container-inner-blocks-wrap\">\n<div class=\"wp-block-uagb-container uagb-block-9df698c8\">\n<div class=\"wp-block-uagb-info-box uagb-block-8cde3c91 uagb-infobox__content-wrap  uagb-infobox-icon-above-title uagb-infobox-image-valign-top\"><div class=\"uagb-ifb-content\"><div class=\"uagb-ifb-image-content\"><img decoding=\"async\" src=\"http:\/\/website-dev.brabender-group.com\/wp-content\/uploads\/2025\/12\/target.svg\" alt=\"\" width=\"84\" height=\"84\" loading=\"lazy\"\/><\/div><div class=\"uagb-ifb-title-wrap\"><h3 class=\"uagb-ifb-title\">Was dich erwartet<\/h3><\/div><p class=\"uagb-ifb-desc\">Bei uns erwarten dich anspruchsvolle Aufgaben, die deine Karriere voranbringen und die Branche ver\u00e4ndern. Du wirst Teil eines dynamischen Teams aus vision\u00e4ren Logistikern, kreativen Produktmanagern, talentierten Hardwareentwicklern und erfahrenen Softwarearchitekten. Gemeinsam arbeiten wir nach agilen Konzepten und flachen Hierarchien \u2013 hier z\u00e4hlt dein Beitrag wirklich.<br><br><strong>Selbstverantwortung<br>Teamgeist<br>Weiterentwicklung<\/strong><\/p><\/div><\/div>\n<\/div>\n\n\n\n<div class=\"wp-block-uagb-container uagb-block-190d9c5e\">\n<div class=\"wp-block-uagb-info-box uagb-block-41a75fd9 uagb-infobox__content-wrap  uagb-infobox-icon-above-title uagb-infobox-image-valign-top\"><div class=\"uagb-ifb-content\"><div class=\"uagb-ifb-image-content\"><img decoding=\"async\" src=\"http:\/\/website-dev.brabender-group.com\/wp-content\/uploads\/2025\/12\/search-check.svg\" alt=\"\" width=\"84\" height=\"84\" loading=\"lazy\"\/><\/div><div class=\"uagb-ifb-title-wrap\"><h3 class=\"uagb-ifb-title\">Wen wir suchen<\/h3><\/div><p class=\"uagb-ifb-desc\">Wir suchen Teammitglieder, die bereit sind, \u00fcber das Gew\u00f6hnliche hinauszugehen. Du identifizierst dich mit unseren Produkten und unserer Vision, handelst und denkst im Sinne unserer Kunden und bist bereit, dich voll einzubringen, dann bist du bei uns genau richtig. Bei uns gestaltest du deine eigene Zukunft &#8211; und eine ganze Branche.<br><br><strong>Leidenschaft<\/strong><br><strong>Engagiert<\/strong><br><strong>Zukunftsgestalter<\/strong><\/p><\/div><\/div>\n<\/div>\n\n\n\n<div class=\"wp-block-uagb-container uagb-block-66b661ad\">\n<div class=\"wp-block-uagb-info-box uagb-block-8f7149b4 uagb-infobox__content-wrap  uagb-infobox-icon-above-title uagb-infobox-image-valign-top\"><div class=\"uagb-ifb-content\"><div class=\"uagb-ifb-image-content\"><img decoding=\"async\" src=\"http:\/\/website-dev.brabender-group.com\/wp-content\/uploads\/2025\/12\/gem.svg\" alt=\"\" width=\"84\" height=\"84\" loading=\"lazy\"\/><\/div><div class=\"uagb-ifb-title-wrap\"><h3 class=\"uagb-ifb-title\">Was wir bieten<\/h3><\/div><p class=\"uagb-ifb-desc\">Wir bieten dir ein internationales und mobiles Arbeitsumfeld, in dem Flexibilit\u00e4t und pers\u00f6nliche Entwicklung grossgeschrieben werden. Egal, ob du von unserem Hauptsitz, von zu Hause oder unterwegs arbeitest \u2013&nbsp;bei uns findest du die Freiheit, deine Ideen zu verwirklichen und Grosses zu leisten.<br><br><strong>International<br>Flexibilit\u00e4t<\/strong><br><strong>Impact<\/strong><\/p><\/div><\/div>\n<\/div>\n<\/div><\/div>\n\n\n\n<div style=\"height:128px\" aria-hidden=\"true\" class=\"wp-block-spacer\"><\/div>\n\n\n\n<div class=\"wp-block-uagb-container uagb-block-5b1b9d61 alignfull uagb-is-root-container\"><div class=\"uagb-container-inner-blocks-wrap\">\n<div class=\"wp-block-uagb-container uagb-block-59a6f8a7\">\n<div class=\"guten-element guten-button-wrapper guten-VDshOp\"><a class=\"guten-button guten-button-sm\" href=\"https:\/\/website-dev.brabender-group.com\/en\/karriere\/webentwickler\/\"><span><strong>Webentwickler<\/strong><\/span><\/a><\/div>\n\n\n\n<div class=\"guten-element guten-button-wrapper guten-Wy8cMZ\"><a class=\"guten-button guten-button-sm\" href=\"https:\/\/website-dev.brabender-group.com\/en\/karriere\/business-intelligence-entwickler\/\"><span>Business Intelligence Entwickler<\/span><\/a><\/div>\n\n\n\n<div class=\"guten-element guten-button-wrapper guten-bLFog9\"><a class=\"guten-button guten-button-sm\" href=\"https:\/\/website-dev.brabender-group.com\/en\/karriere\/ki-entwickler\/\"><span>KI &#8211; Entwickler<\/span><\/a><\/div>\n\n\n\n<div class=\"guten-element guten-button-wrapper guten-0XGKjD\"><a class=\"guten-button guten-button-sm\" href=\"https:\/\/website-dev.brabender-group.com\/en\/karriere\/schnittstellen-entwickler\/\"><span>Schnittstellen &#8211; Entwickler<\/span><\/a><\/div>\n<\/div>\n\n\n\n<div class=\"wp-block-uagb-container uagb-block-161e8794\">\n<div class=\"wp-block-uagb-info-box uagb-block-49074ee0 uagb-infobox__content-wrap  uagb-infobox-icon-above-title uagb-infobox-image-valign-top\"><div class=\"uagb-ifb-content\"><div class=\"uagb-ifb-title-wrap\"><h3 class=\"uagb-ifb-title\">Entwicklung<\/h3><\/div><p class=\"uagb-ifb-desc\">Tauche ein in die Welt unserer innovativen Produkte und Projekte und hinterlasse deinen Fu\u00dfabdruck. Ob im .Net-Umfeld, in der hardware-nahen Programmierung oder bei der Entwicklung der n\u00e4chsten Generationen unserer bahnbrechenden Produkte \u2013 bei uns gestaltest du aktiv die Zukunft.&nbsp;<br><br><strong>Wir bieten dir abwechslungsreiche und spannende Aufgaben in einem internationalen Team, das jeden Tag daran arbeitet, das Unm\u00f6gliche m\u00f6glich zu machen.<\/strong><\/p><\/div><\/div>\n<\/div>\n\n\n\n<div class=\"wp-block-uagb-container uagb-block-1996a95a\">\n<div class=\"guten-element guten-button-wrapper guten-yQyuVY\"><a class=\"guten-button guten-button-sm\" href=\"https:\/\/website-dev.brabender-group.com\/en\/karriere\/embedded-entwickler-c\/\"><span>Embedded-Entwickler C++<\/span><\/a><\/div>\n\n\n\n<div class=\"guten-element guten-button-wrapper guten-4ha7bw\"><a class=\"guten-button guten-button-sm\" href=\"https:\/\/website-dev.brabender-group.com\/en\/karriere\/software-entwickler-c\/\"><span>Softwareentwickler C#<\/span><\/a><\/div>\n\n\n\n<div class=\"guten-element guten-button-wrapper guten-IqnjnG\"><a class=\"guten-button guten-button-sm\" href=\"https:\/\/website-dev.brabender-group.com\/en\/karriere\/software-entwickler-net-maui\/\"><span>Softwareentwickler .NET MAUI<\/span><\/a><\/div>\n<\/div>\n<\/div><\/div>\n\n\n\n<div style=\"height:70px\" aria-hidden=\"true\" class=\"wp-block-spacer\"><\/div>\n\n\n\n<div class=\"wp-block-uagb-container uagb-block-95d9b5ed alignfull uagb-is-root-container\"><div class=\"uagb-container-inner-blocks-wrap\">\n<div class=\"wp-block-uagb-container uagb-block-9d4ef08b\">\n<div class=\"guten-element guten-button-wrapper guten-6Z1OSQ\"><a class=\"guten-button guten-button-sm\" href=\"https:\/\/website-dev.brabender-group.com\/en\/karriere\/consultant-transport-management-system\/\"><span>Consultant TMS<\/span><\/a><\/div>\n\n\n\n<div class=\"guten-element guten-button-wrapper guten-6GzOop\"><a class=\"guten-button guten-button-sm\" href=\"https:\/\/website-dev.brabender-group.com\/en\/karriere\/consultant-warehouse-management-system\/\"><span>Consultant WMS<\/span><\/a><\/div>\n<\/div>\n\n\n\n<div class=\"wp-block-uagb-container uagb-block-9aa91170\">\n<div class=\"wp-block-uagb-container uagb-block-113f4ca5\">\n<div class=\"wp-block-uagb-info-box uagb-block-b55705ec uagb-infobox__content-wrap  uagb-infobox-icon-above-title uagb-infobox-image-valign-top\"><div class=\"uagb-ifb-content\"><div class=\"uagb-ifb-title-wrap\"><h3 class=\"uagb-ifb-title\">Consulting und Projektmanagement<\/h3><\/div><p class=\"uagb-ifb-desc\">Du bist ein leidenschaftlicher Logistiker mit einem Talent f\u00fcr Kommunikation und einem hohen Ma\u00df an Sozialkompetenz? Dann nutze deine Erfahrung in der Ablauforganisation von logistischen Prozessen, um bei uns Gro\u00dfes zu bewegen. In deiner Rolle treibst du die Einf\u00fchrung unserer innovativen Softwaresysteme bei Kunden voran und betreust unsere Bestandskunden.&nbsp;<br><br><strong>Dich erwarten spannende Herausforderungen in einem internationalen Team, das jeden Tag daran arbeitet, die Zukunft der Logistik neu zu definieren.<\/strong><\/p><\/div><\/div>\n<\/div>\n<\/div>\n\n\n\n<div class=\"wp-block-uagb-container uagb-block-7b6b035f\">\n<div class=\"guten-element guten-button-wrapper guten-tMHWIB\"><a class=\"guten-button guten-button-sm\" href=\"https:\/\/website-dev.brabender-group.com\/en\/karriere\/informatiker\/\"><span>Informatiker<\/span><\/a><\/div>\n<\/div>\n<\/div><\/div>\n\n\n\n<div style=\"height:70px\" aria-hidden=\"true\" class=\"wp-block-spacer\"><\/div>\n\n\n\n<div class=\"wp-block-uagb-container uagb-block-40145ea0 alignfull uagb-is-root-container\"><div class=\"uagb-container-inner-blocks-wrap\">\n<div class=\"wp-block-uagb-container uagb-block-35f25dad\"><\/div>\n\n\n\n<div class=\"wp-block-uagb-container uagb-block-263af2d2\">\n<div class=\"wp-block-uagb-container uagb-block-560a004f\">\n<div class=\"wp-block-uagb-info-box uagb-block-3d49feec uagb-infobox__content-wrap  uagb-infobox-icon-above-title uagb-infobox-image-valign-top\"><div class=\"uagb-ifb-content\"><div class=\"uagb-ifb-title-wrap\"><h3 class=\"uagb-ifb-title\"><br>Business Operations<\/h3><\/div><p class=\"uagb-ifb-desc\">Du bist ein Organisationstalent mit einem Gesp\u00fcr f\u00fcr Zahlen, Kommunikation und effiziente Abl\u00e4ufe? Dann nutze deine F\u00e4higkeiten in Finanzen, Marketing oder Back Office, um bei uns Gro\u00dfes zu bewegen. In deiner Rolle unterst\u00fctzt du die strategische Ausrichtung und den reibungslosen Ablauf unseres Unternehmens.&nbsp;<br>Dich erwarten abwechslungsreiche Herausforderungen in einem dynamischen, internationalen Team, das jeden Tag daran arbeitet, innovative L\u00f6sungen voranzutreiben und die Zukunft unseres Unternehmens mitzugestalten.<br><br><strong>Aktuell haben wir in diesem Bereich keine offenen Stellen.<\/strong><\/p><\/div><\/div>\n<\/div>\n<\/div>\n\n\n\n<div class=\"wp-block-uagb-container uagb-block-29bc2aa0\"><\/div>\n<\/div><\/div>\n\n\n\n<div style=\"height:71px\" aria-hidden=\"true\" class=\"wp-block-spacer\"><\/div>\n\n\n\n<h2 class=\"wp-block-gutenverse-heading guten-element guten-OY7QuC\">Du passt zu uns aber keine Stelle passt zu dir? Schreib uns.<\/h2>\n\n\n\n<div class=\"guten-element guten-button-wrapper guten-dnhD6E\"><a class=\"guten-button guten-button-sm\" href=\"mailto:job@brabender-group.com\"><span><strong>Initiativ bewerben<\/strong><\/span><\/a><\/div>\n\n\n\n<div style=\"height:100px\" aria-hidden=\"true\" class=\"wp-block-spacer\"><\/div>\n\n\n\n<p><\/p>","protected":false},"excerpt":{"rendered":"","protected":false},"author":1,"featured_media":0,"parent":0,"menu_order":0,"comment_status":"closed","ping_status":"closed","template":"","meta":{"_uag_custom_page_level_css":"","footnotes":""},"class_list":["post-439","page","type-page","status-publish","hentry"],"blocksy_meta":[],"featured_image_src":null,"yoast_head":"<!-- This site is optimized with the Yoast SEO plugin v27.0 - https:\/\/yoast.com\/product\/yoast-seo-wordpress\/ -->\n<title>Karriere -<\/title>\n<meta name=\"robots\" content=\"index, follow, max-snippet:-1, max-image-preview:large, max-video-preview:-1\" \/>\n<link rel=\"canonical\" href=\"https:\/\/website-dev.brabender-group.com\/en\/karriere\/\" \/>\n<meta property=\"og:locale\" content=\"en_US\" \/>\n<meta property=\"og:type\" content=\"article\" \/>\n<meta property=\"og:title\" content=\"Karriere -\" \/>\n<meta property=\"og:url\" content=\"https:\/\/website-dev.brabender-group.com\/en\/karriere\/\" \/>\n<meta property=\"article:modified_time\" content=\"2025-12-22T13:55:00+00:00\" \/>\n<meta property=\"og:image\" content=\"http:\/\/website-dev.brabender-group.com\/wp-content\/uploads\/2025\/12\/wrench.svg\" \/>\n<meta name=\"twitter:card\" content=\"summary_large_image\" \/>\n<meta name=\"twitter:label1\" content=\"Est. reading time\" \/>\n\t<meta name=\"twitter:data1\" content=\"3 minutes\" \/>\n<script type=\"application\/ld+json\" class=\"yoast-schema-graph\">{\"@context\":\"https:\/\/schema.org\",\"@graph\":[{\"@type\":\"WebPage\",\"@id\":\"https:\/\/website-dev.brabender-group.com\/karriere\/\",\"url\":\"https:\/\/website-dev.brabender-group.com\/karriere\/\",\"name\":\"Karriere -\",\"isPartOf\":{\"@id\":\"https:\/\/website-dev.brabender-group.com\/#website\"},\"primaryImageOfPage\":{\"@id\":\"https:\/\/website-dev.brabender-group.com\/karriere\/#primaryimage\"},\"image\":{\"@id\":\"https:\/\/website-dev.brabender-group.com\/karriere\/#primaryimage\"},\"thumbnailUrl\":\"http:\/\/website-dev.brabender-group.com\/wp-content\/uploads\/2025\/12\/wrench.svg\",\"datePublished\":\"2025-11-07T10:02:57+00:00\",\"dateModified\":\"2025-12-22T13:55:00+00:00\",\"breadcrumb\":{\"@id\":\"https:\/\/website-dev.brabender-group.com\/karriere\/#breadcrumb\"},\"inLanguage\":\"en-US\",\"potentialAction\":[{\"@type\":\"ReadAction\",\"target\":[\"https:\/\/website-dev.brabender-group.com\/karriere\/\"]}]},{\"@type\":\"ImageObject\",\"inLanguage\":\"en-US\",\"@id\":\"https:\/\/website-dev.brabender-group.com\/karriere\/#primaryimage\",\"url\":\"http:\/\/website-dev.brabender-group.com\/wp-content\/uploads\/2025\/12\/wrench.svg\",\"contentUrl\":\"http:\/\/website-dev.brabender-group.com\/wp-content\/uploads\/2025\/12\/wrench.svg\"},{\"@type\":\"BreadcrumbList\",\"@id\":\"https:\/\/website-dev.brabender-group.com\/karriere\/#breadcrumb\",\"itemListElement\":[{\"@type\":\"ListItem\",\"position\":1,\"name\":\"Start\",\"item\":\"https:\/\/website-dev.brabender-group.com\/\"},{\"@type\":\"ListItem\",\"position\":2,\"name\":\"Karriere\"}]},{\"@type\":\"WebSite\",\"@id\":\"https:\/\/website-dev.brabender-group.com\/#website\",\"url\":\"https:\/\/website-dev.brabender-group.com\/\",\"name\":\"\",\"description\":\"\",\"potentialAction\":[{\"@type\":\"SearchAction\",\"target\":{\"@type\":\"EntryPoint\",\"urlTemplate\":\"https:\/\/website-dev.brabender-group.com\/?s={search_term_string}\"},\"query-input\":{\"@type\":\"PropertyValueSpecification\",\"valueRequired\":true,\"valueName\":\"search_term_string\"}}],\"inLanguage\":\"en-US\"}]}<\/script>\n<!-- \/ Yoast SEO plugin. -->","yoast_head_json":{"title":"Karriere -","robots":{"index":"index","follow":"follow","max-snippet":"max-snippet:-1","max-image-preview":"max-image-preview:large","max-video-preview":"max-video-preview:-1"},"canonical":"https:\/\/website-dev.brabender-group.com\/en\/karriere\/","og_locale":"en_US","og_type":"article","og_title":"Karriere -","og_url":"https:\/\/website-dev.brabender-group.com\/en\/karriere\/","article_modified_time":"2025-12-22T13:55:00+00:00","og_image":[{"url":"http:\/\/website-dev.brabender-group.com\/wp-content\/uploads\/2025\/12\/wrench.svg","type":"","width":"","height":""}],"twitter_card":"summary_large_image","twitter_misc":{"Est. reading time":"3 minutes"},"schema":{"@context":"https:\/\/schema.org","@graph":[{"@type":"WebPage","@id":"https:\/\/website-dev.brabender-group.com\/karriere\/","url":"https:\/\/website-dev.brabender-group.com\/karriere\/","name":"Karriere -","isPartOf":{"@id":"https:\/\/website-dev.brabender-group.com\/#website"},"primaryImageOfPage":{"@id":"https:\/\/website-dev.brabender-group.com\/karriere\/#primaryimage"},"image":{"@id":"https:\/\/website-dev.brabender-group.com\/karriere\/#primaryimage"},"thumbnailUrl":"http:\/\/website-dev.brabender-group.com\/wp-content\/uploads\/2025\/12\/wrench.svg","datePublished":"2025-11-07T10:02:57+00:00","dateModified":"2025-12-22T13:55:00+00:00","breadcrumb":{"@id":"https:\/\/website-dev.brabender-group.com\/karriere\/#breadcrumb"},"inLanguage":"en-US","potentialAction":[{"@type":"ReadAction","target":["https:\/\/website-dev.brabender-group.com\/karriere\/"]}]},{"@type":"ImageObject","inLanguage":"en-US","@id":"https:\/\/website-dev.brabender-group.com\/karriere\/#primaryimage","url":"http:\/\/website-dev.brabender-group.com\/wp-content\/uploads\/2025\/12\/wrench.svg","contentUrl":"http:\/\/website-dev.brabender-group.com\/wp-content\/uploads\/2025\/12\/wrench.svg"},{"@type":"BreadcrumbList","@id":"https:\/\/website-dev.brabender-group.com\/karriere\/#breadcrumb","itemListElement":[{"@type":"ListItem","position":1,"name":"Start","item":"https:\/\/website-dev.brabender-group.com\/"},{"@type":"ListItem","position":2,"name":"Karriere"}]},{"@type":"WebSite","@id":"https:\/\/website-dev.brabender-group.com\/#website","url":"https:\/\/website-dev.brabender-group.com\/","name":"","description":"","potentialAction":[{"@type":"SearchAction","target":{"@type":"EntryPoint","urlTemplate":"https:\/\/website-dev.brabender-group.com\/?s={search_term_string}"},"query-input":{"@type":"PropertyValueSpecification","valueRequired":true,"valueName":"search_term_string"}}],"inLanguage":"en-US"}]}},"uagb_featured_image_src":{"full":false,"thumbnail":false,"medium":false,"medium_large":false,"large":false,"1536x1536":false,"2048x2048":false,"trp-custom-language-flag":false,"ultp_layout_landscape_large":false,"ultp_layout_landscape":false,"ultp_layout_portrait":false,"ultp_layout_square":false},"uagb_author_info":{"display_name":"admin","author_link":"https:\/\/website-dev.brabender-group.com\/en\/author\/admin\/"},"uagb_comment_info":0,"uagb_excerpt":null,"_links":{"self":[{"href":"https:\/\/website-dev.brabender-group.com\/en\/wp-json\/wp\/v2\/pages\/439","targetHints":{"allow":["GET"]}}],"collection":[{"href":"https:\/\/website-dev.brabender-group.com\/en\/wp-json\/wp\/v2\/pages"}],"about":[{"href":"https:\/\/website-dev.brabender-group.com\/en\/wp-json\/wp\/v2\/types\/page"}],"author":[{"embeddable":true,"href":"https:\/\/website-dev.brabender-group.com\/en\/wp-json\/wp\/v2\/users\/1"}],"replies":[{"embeddable":true,"href":"https:\/\/website-dev.brabender-group.com\/en\/wp-json\/wp\/v2\/comments?post=439"}],"version-history":[{"count":44,"href":"https:\/\/website-dev.brabender-group.com\/en\/wp-json\/wp\/v2\/pages\/439\/revisions"}],"predecessor-version":[{"id":920,"href":"https:\/\/website-dev.brabender-group.com\/en\/wp-json\/wp\/v2\/pages\/439\/revisions\/920"}],"wp:attachment":[{"href":"https:\/\/website-dev.brabender-group.com\/en\/wp-json\/wp\/v2\/media?parent=439"}],"curies":[{"name":"wp","href":"https:\/\/api.w.org\/{rel}","templated":true}]}}