{"id":468,"date":"2025-11-07T10:25:04","date_gmt":"2025-11-07T10:25:04","guid":{"rendered":"https:\/\/website-dev.brabender-group.com\/?page_id=468"},"modified":"2025-11-07T10:39:09","modified_gmt":"2025-11-07T10:39:09","slug":"embedded-entwickler-c","status":"publish","type":"page","link":"https:\/\/website-dev.brabender-group.com\/en\/karriere\/embedded-entwickler-c\/","title":{"rendered":"Embedded-Entwickler C++"},"content":{"rendered":"<div class=\"wp-block-group alignfull has-very-light-gray-color has-text-color has-link-color wp-elements-2cb145da03f6fbdff6508d67e85de8a2 is-layout-constrained wp-container-core-group-is-layout-13c0cbc6 wp-block-group-is-layout-constrained has-background\" style=\"min-height:0vh;margin-top:0;margin-bottom:0;padding-top:var(--wp--preset--spacing--30);padding-right:0;padding-bottom:var(--wp--preset--spacing--30);padding-left:0;background-image:url(&apos;https:\/\/website-dev.brabender-group.com\/wp-content\/uploads\/2025\/11\/020_background_netz.png&apos;);background-size:cover;background-attachment:scroll;\">\n<div class=\"wp-block-group is-layout-constrained wp-container-core-group-is-layout-346627ba wp-block-group-is-layout-constrained\">\n<h2 class=\"wp-block-heading has-text-align-center has-white-color has-text-color has-link-color has-x-large-font-size wp-elements-86ef767b1b3aedb2cfa3524aac2e9809\" style=\"margin-right:0;margin-left:0;padding-top:0;padding-right:0;padding-bottom:0;padding-left:0\">Embedded-Entwickler C++ (w\/m\/d)<\/h2>\n<\/div>\n<\/div>\n\n\n\n<div class=\"wp-block-uagb-container uagb-block-3ce0488c alignfull uagb-is-root-container\"><div class=\"uagb-container-inner-blocks-wrap\">\n<div class=\"wp-block-uagb-container uagb-block-bf32c1f4\">\n<p><strong>Bist du bereit, die n\u00e4chste Generation von Softwarel\u00f6sungen f\u00fcr die Logistikbranche zu entwickeln?<\/strong><\/p>\n\n\n\n<p>Dann werde unser Embedded-Entwickler C\/C++ und trage dazu bei, die digitale Zukunft der Speditionswelt voranzutreiben! Bei Brabender glauben wir daran, dass echte Innovation entsteht, wenn technisches Know-how auf Leidenschaft trifft.<\/p>\n\n\n\n<p><strong>Deine Mission<\/strong>: Als Embedded-Entwickler C\/C++ arbeitest du an der Entwicklung unserer hochmodernen Telematikhardware f\u00fcr die Nutzfahrzeuge und PKW-Flotten. Du setzt die Anforderungen aus unserer Produkt-Roadmap um und gestaltest die n\u00e4chste Generation unserer Telematiksysteme, die die Flottenmanagement- und Logistikprozesse unserer Kunden optimieren und transparent machen. Mit deiner Expertise in der Softwareentwicklung und deinem fundierten Wissen in der Programmierung treibst du unsere Produkte weiter voran.<\/p>\n\n\n\n<h3 class=\"wp-block-heading\">Was du bewegst:<\/h3>\n\n\n\n<ul class=\"wp-block-list\">\n<li><strong>Technologie vorantreiben<\/strong>:&nbsp;<br>Du entwickelst, optimierst und wartest unsere Firmwareplattformen, die das R\u00fcckgrat unserer modernen Telematikl\u00f6sungen sind.<\/li>\n\n\n\n<li><strong>Verantwortung \u00fcbernehmen<\/strong>:&nbsp;<br>Du \u00fcbernimmst Verantwortung f\u00fcr definierte Module und bist aktiv in der Analyse, dem Design und der Implementierung neuer Softwarekomponenten beteiligt.<\/li>\n\n\n\n<li><strong>Innovation gestalten<\/strong>:&nbsp;<br>Du arbeitest mit an Telematikl\u00f6sungen von morgen, die den Fahrzeugeinsatz transparenter und \u00f6konomischer machen. Insbesondere die Integration in eFahrzeuge ist ein spannendes Umfeld.<\/li>\n<\/ul>\n\n\n\n<h3 class=\"wp-block-heading\">Was du mitbringst:<\/h3>\n\n\n\n<ul class=\"wp-block-list\">\n<li><strong>Fachliches Know-how<\/strong>:&nbsp;<br>Du hast eine abgeschlossene Ausbildung oder ein Studium in Informatik oder einer \u00e4hnlichen Fachrichtung und bringst mehr als 2 Jahre Erfahrung in der Programmierung in C\/C++ mit.<\/li>\n\n\n\n<li><strong>Technische Expertise<\/strong>:&nbsp;<br>Erfahrung in der Entwicklung von Firmware auf ARM Prozessor Plattformen. Das Inbetriebnehmen von Prototypen mit dem Hardwareteam sollte dir bekannt sein.<\/li>\n\n\n\n<li><strong>Analytisches Denken<\/strong>:&nbsp;<br>Du denkst vernetzt, arbeitest strukturiert und liebst es, komplexe technische Herausforderungen zu meistern.<\/li>\n\n\n\n<li><strong>Sprachkenntnisse<\/strong>:&nbsp;<br>Gute Englischkenntnisse in Wort und Schrift helfen dir, im internationalen Umfeld sicher zu agieren.<\/li>\n\n\n\n<li><strong>Leidenschaft f\u00fcr Technologie<\/strong>:&nbsp;<br>Deine Neugierde und dein Interesse an neuen Technologien treiben dich an, innovative L\u00f6sungen zu entwickeln und mit dem Hardware-Team leistungsf\u00e4hige Systeme zu konzipieren.<\/li>\n<\/ul>\n\n\n\n<h3 class=\"wp-block-heading\">Was wir bieten:<\/h3>\n\n\n\n<ul class=\"wp-block-list\">\n<li><strong>Abwechslung pur!<\/strong><br>Spannende Aufgaben in einer dynamischen Unternehmenskultur.<\/li>\n\n\n\n<li><strong>Freiraum f\u00fcr Ideen!<\/strong><br>Flache Hierarchien und kurze Entscheidungswege.<\/li>\n\n\n\n<li><strong>High-Tech-Arbeitsplatz!<\/strong><br>Moderne IT-Infrastruktur und flexible Home Office Optionen.<\/li>\n<\/ul>\n\n\n\n<p><strong>Standort<\/strong>:&nbsp;Hybrid m\u00f6glich \u2013 Unter\u00e4geri (CH), Deutschland oder Home Office<br><strong>Startdatum<\/strong>: Ab sofort<\/p>\n\n\n\n<h3 class=\"wp-block-heading\">Interessiert?<\/h3>\n\n\n\n<p><strong>Gestalte mit uns die Zukunft und sende deine Bewerbung an:<\/strong><\/p>\n\n\n\n<p>Herr Berdan D\u00fcndar<br>BRABENDER group<br>Gewerbestrasse 5a, CH-6314 Unter\u00e4geri\/Zug<br><a href=\"mailto:job@brabender-group.com\">job@brabender-group.com<\/a><\/p>\n\n\n\n<p>Mehr Informationen findest du auch auf&nbsp;<a rel=\"noreferrer noopener\" href=\"http:\/\/www.brabender-group.com\/\" target=\"_blank\">www.brabender-group.com<\/a>&nbsp;oder finde uns auf&nbsp;<a rel=\"noreferrer noopener\" href=\"https:\/\/www.linkedin.com\/company\/30126216\/\" target=\"_blank\">LinkedIn<\/a><\/p>\n<\/div>\n<\/div><\/div>\n\n\n\n<p><\/p>","protected":false},"excerpt":{"rendered":"<p>Embedded-Entwickler C++ (w\/m\/d) Bist du bereit, die n\u00e4chste Generation von Softwarel\u00f6sungen f\u00fcr die Logistikbranche zu entwickeln? Dann werde unser Embedded-Entwickler C\/C++ und trage dazu bei, die digitale Zukunft der Speditionswelt voranzutreiben! Bei Brabender glauben wir daran, dass echte Innovation entsteht, wenn technisches Know-how auf Leidenschaft trifft. Deine Mission: Als Embedded-Entwickler C\/C++ arbeitest du an der [&hellip;]<\/p>\n","protected":false},"author":1,"featured_media":0,"parent":439,"menu_order":0,"comment_status":"closed","ping_status":"closed","template":"","meta":{"_uag_custom_page_level_css":"","footnotes":""},"class_list":["post-468","page","type-page","status-publish","hentry"],"blocksy_meta":[],"featured_image_src":null,"yoast_head":"<!-- This site is optimized with the Yoast SEO plugin v27.0 - https:\/\/yoast.com\/product\/yoast-seo-wordpress\/ -->\n<title>Embedded-Entwickler C++ -<\/title>\n<meta name=\"robots\" content=\"index, follow, max-snippet:-1, max-image-preview:large, max-video-preview:-1\" \/>\n<link rel=\"canonical\" href=\"https:\/\/website-dev.brabender-group.com\/en\/karriere\/embedded-entwickler-c\/\" \/>\n<meta property=\"og:locale\" content=\"en_US\" \/>\n<meta property=\"og:type\" content=\"article\" \/>\n<meta property=\"og:title\" content=\"Embedded-Entwickler C++ -\" \/>\n<meta property=\"og:description\" content=\"Embedded-Entwickler C++ (w\/m\/d) Bist du bereit, die n\u00e4chste Generation von Softwarel\u00f6sungen f\u00fcr die Logistikbranche zu entwickeln? Dann werde unser Embedded-Entwickler C\/C++ und trage dazu bei, die digitale Zukunft der Speditionswelt voranzutreiben! Bei Brabender glauben wir daran, dass echte Innovation entsteht, wenn technisches Know-how auf Leidenschaft trifft. Deine Mission: Als Embedded-Entwickler C\/C++ arbeitest du an der [&hellip;]\" \/>\n<meta property=\"og:url\" content=\"https:\/\/website-dev.brabender-group.com\/en\/karriere\/embedded-entwickler-c\/\" \/>\n<meta property=\"article:modified_time\" content=\"2025-11-07T10:39:09+00:00\" \/>\n<meta name=\"twitter:card\" content=\"summary_large_image\" \/>\n<meta name=\"twitter:label1\" content=\"Est. reading time\" \/>\n\t<meta name=\"twitter:data1\" content=\"2 minutes\" \/>\n<script type=\"application\/ld+json\" class=\"yoast-schema-graph\">{\"@context\":\"https:\/\/schema.org\",\"@graph\":[{\"@type\":\"WebPage\",\"@id\":\"https:\/\/website-dev.brabender-group.com\/karriere\/embedded-entwickler-c\/\",\"url\":\"https:\/\/website-dev.brabender-group.com\/karriere\/embedded-entwickler-c\/\",\"name\":\"Embedded-Entwickler C++ -\",\"isPartOf\":{\"@id\":\"https:\/\/website-dev.brabender-group.com\/#website\"},\"datePublished\":\"2025-11-07T10:25:04+00:00\",\"dateModified\":\"2025-11-07T10:39:09+00:00\",\"breadcrumb\":{\"@id\":\"https:\/\/website-dev.brabender-group.com\/karriere\/embedded-entwickler-c\/#breadcrumb\"},\"inLanguage\":\"en-US\",\"potentialAction\":[{\"@type\":\"ReadAction\",\"target\":[\"https:\/\/website-dev.brabender-group.com\/karriere\/embedded-entwickler-c\/\"]}]},{\"@type\":\"BreadcrumbList\",\"@id\":\"https:\/\/website-dev.brabender-group.com\/karriere\/embedded-entwickler-c\/#breadcrumb\",\"itemListElement\":[{\"@type\":\"ListItem\",\"position\":1,\"name\":\"Start\",\"item\":\"https:\/\/website-dev.brabender-group.com\/\"},{\"@type\":\"ListItem\",\"position\":2,\"name\":\"Karriere\",\"item\":\"https:\/\/website-dev.brabender-group.com\/karriere\/\"},{\"@type\":\"ListItem\",\"position\":3,\"name\":\"Embedded-Entwickler C++\"}]},{\"@type\":\"WebSite\",\"@id\":\"https:\/\/website-dev.brabender-group.com\/#website\",\"url\":\"https:\/\/website-dev.brabender-group.com\/\",\"name\":\"\",\"description\":\"\",\"potentialAction\":[{\"@type\":\"SearchAction\",\"target\":{\"@type\":\"EntryPoint\",\"urlTemplate\":\"https:\/\/website-dev.brabender-group.com\/?s={search_term_string}\"},\"query-input\":{\"@type\":\"PropertyValueSpecification\",\"valueRequired\":true,\"valueName\":\"search_term_string\"}}],\"inLanguage\":\"en-US\"}]}<\/script>\n<!-- \/ Yoast SEO plugin. -->","yoast_head_json":{"title":"Embedded-Entwickler C++ -","robots":{"index":"index","follow":"follow","max-snippet":"max-snippet:-1","max-image-preview":"max-image-preview:large","max-video-preview":"max-video-preview:-1"},"canonical":"https:\/\/website-dev.brabender-group.com\/en\/karriere\/embedded-entwickler-c\/","og_locale":"en_US","og_type":"article","og_title":"Embedded-Entwickler C++ -","og_description":"Embedded-Entwickler C++ (w\/m\/d) Bist du bereit, die n\u00e4chste Generation von Softwarel\u00f6sungen f\u00fcr die Logistikbranche zu entwickeln? Dann werde unser Embedded-Entwickler C\/C++ und trage dazu bei, die digitale Zukunft der Speditionswelt voranzutreiben! Bei Brabender glauben wir daran, dass echte Innovation entsteht, wenn technisches Know-how auf Leidenschaft trifft. Deine Mission: Als Embedded-Entwickler C\/C++ arbeitest du an der [&hellip;]","og_url":"https:\/\/website-dev.brabender-group.com\/en\/karriere\/embedded-entwickler-c\/","article_modified_time":"2025-11-07T10:39:09+00:00","twitter_card":"summary_large_image","twitter_misc":{"Est. reading time":"2 minutes"},"schema":{"@context":"https:\/\/schema.org","@graph":[{"@type":"WebPage","@id":"https:\/\/website-dev.brabender-group.com\/karriere\/embedded-entwickler-c\/","url":"https:\/\/website-dev.brabender-group.com\/karriere\/embedded-entwickler-c\/","name":"Embedded-Entwickler C++ -","isPartOf":{"@id":"https:\/\/website-dev.brabender-group.com\/#website"},"datePublished":"2025-11-07T10:25:04+00:00","dateModified":"2025-11-07T10:39:09+00:00","breadcrumb":{"@id":"https:\/\/website-dev.brabender-group.com\/karriere\/embedded-entwickler-c\/#breadcrumb"},"inLanguage":"en-US","potentialAction":[{"@type":"ReadAction","target":["https:\/\/website-dev.brabender-group.com\/karriere\/embedded-entwickler-c\/"]}]},{"@type":"BreadcrumbList","@id":"https:\/\/website-dev.brabender-group.com\/karriere\/embedded-entwickler-c\/#breadcrumb","itemListElement":[{"@type":"ListItem","position":1,"name":"Start","item":"https:\/\/website-dev.brabender-group.com\/"},{"@type":"ListItem","position":2,"name":"Karriere","item":"https:\/\/website-dev.brabender-group.com\/karriere\/"},{"@type":"ListItem","position":3,"name":"Embedded-Entwickler C++"}]},{"@type":"WebSite","@id":"https:\/\/website-dev.brabender-group.com\/#website","url":"https:\/\/website-dev.brabender-group.com\/","name":"","description":"","potentialAction":[{"@type":"SearchAction","target":{"@type":"EntryPoint","urlTemplate":"https:\/\/website-dev.brabender-group.com\/?s={search_term_string}"},"query-input":{"@type":"PropertyValueSpecification","valueRequired":true,"valueName":"search_term_string"}}],"inLanguage":"en-US"}]}},"uagb_featured_image_src":{"full":false,"thumbnail":false,"medium":false,"medium_large":false,"large":false,"1536x1536":false,"2048x2048":false,"trp-custom-language-flag":false,"ultp_layout_landscape_large":false,"ultp_layout_landscape":false,"ultp_layout_portrait":false,"ultp_layout_square":false},"uagb_author_info":{"display_name":"admin","author_link":"https:\/\/website-dev.brabender-group.com\/en\/author\/admin\/"},"uagb_comment_info":0,"uagb_excerpt":"Embedded-Entwickler C++ (w\/m\/d) Bist du bereit, die n\u00e4chste Generation von Softwarel\u00f6sungen f\u00fcr die Logistikbranche zu entwickeln? Dann werde unser Embedded-Entwickler C\/C++ und trage dazu bei, die digitale Zukunft der Speditionswelt voranzutreiben! Bei Brabender glauben wir daran, dass echte Innovation entsteht, wenn technisches Know-how auf Leidenschaft trifft. Deine Mission: Als Embedded-Entwickler C\/C++ arbeitest du an der&hellip;","_links":{"self":[{"href":"https:\/\/website-dev.brabender-group.com\/en\/wp-json\/wp\/v2\/pages\/468","targetHints":{"allow":["GET"]}}],"collection":[{"href":"https:\/\/website-dev.brabender-group.com\/en\/wp-json\/wp\/v2\/pages"}],"about":[{"href":"https:\/\/website-dev.brabender-group.com\/en\/wp-json\/wp\/v2\/types\/page"}],"author":[{"embeddable":true,"href":"https:\/\/website-dev.brabender-group.com\/en\/wp-json\/wp\/v2\/users\/1"}],"replies":[{"embeddable":true,"href":"https:\/\/website-dev.brabender-group.com\/en\/wp-json\/wp\/v2\/comments?post=468"}],"version-history":[{"count":2,"href":"https:\/\/website-dev.brabender-group.com\/en\/wp-json\/wp\/v2\/pages\/468\/revisions"}],"predecessor-version":[{"id":474,"href":"https:\/\/website-dev.brabender-group.com\/en\/wp-json\/wp\/v2\/pages\/468\/revisions\/474"}],"up":[{"embeddable":true,"href":"https:\/\/website-dev.brabender-group.com\/en\/wp-json\/wp\/v2\/pages\/439"}],"wp:attachment":[{"href":"https:\/\/website-dev.brabender-group.com\/en\/wp-json\/wp\/v2\/media?parent=468"}],"curies":[{"name":"wp","href":"https:\/\/api.w.org\/{rel}","templated":true}]}}