{"id":476,"date":"2025-11-07T10:28:58","date_gmt":"2025-11-07T10:28:58","guid":{"rendered":"https:\/\/website-dev.brabender-group.com\/?page_id=476"},"modified":"2025-12-22T15:03:36","modified_gmt":"2025-12-22T15:03:36","slug":"webentwickler","status":"publish","type":"page","link":"https:\/\/website-dev.brabender-group.com\/en\/karriere\/webentwickler\/","title":{"rendered":"Webentwickler"},"content":{"rendered":"<div class=\"wp-block-uagb-container uagb-block-7cdd6fd1 alignfull uagb-is-root-container\"><div class=\"uagb-container-inner-blocks-wrap\">\n<h1 class=\"wp-block-gutenverse-heading guten-element guten-D6F9dB\">Webentwickler<\/h1>\n<\/div><\/div>\n\n\n\n<p class=\"has-text-align-center has-large-font-size\"><strong>Deine Mission<\/strong><\/p>\n\n\n\n<p class=\"has-text-align-center\">Als Webentwickler arbeitest du an der <strong>Entwicklung und Optimierung<\/strong> unserer Webapplikationen auf Basis von <strong>Microsoft-Technologien<\/strong>. Du setzt die Anforderungen aus unserer Produkt-Roadmap um und gestaltest die n\u00e4chste Generation unserer Softwareprodukte mit. Mit deinem fundierten Wissen in der <strong>Front- und Backendentwicklung<\/strong> treibst du unsere Produkte weiter voran und sorgst daf\u00fcr, dass sie noch praxisn\u00e4her und leistungsf\u00e4higer werden.<\/p>\n\n\n\n<div style=\"height:40px\" aria-hidden=\"true\" class=\"wp-block-spacer\"><\/div>\n\n\n\n<div class=\"wp-block-uagb-container uagb-block-218a8284 alignfull uagb-is-root-container\"><div class=\"uagb-container-inner-blocks-wrap\">\n<div class=\"wp-block-uagb-container uagb-block-d26bb6d5\">\n<div class=\"wp-block-uagb-info-box uagb-block-af8b939c uagb-infobox__content-wrap  uagb-infobox-icon-above-title uagb-infobox-image-valign-top\"><div class=\"uagb-ifb-content\"><div class=\"uagb-ifb-image-content\"><img decoding=\"async\" src=\"http:\/\/website-dev.brabender-group.com\/wp-content\/uploads\/2025\/12\/map-pin.svg\" alt=\"\" width=\"84\" height=\"84\" loading=\"lazy\"\/><\/div><div class=\"uagb-ifb-title-wrap\"><h3 class=\"uagb-ifb-title\">Standort<\/h3><\/div><p class=\"uagb-ifb-desc\">Hybrid m\u00f6glich \u2013 Unter\u00e4geri (CH), Deutschland oder Home Office<\/p><\/div><\/div>\n<\/div>\n\n\n\n<div class=\"wp-block-uagb-container uagb-block-e85d16d6\">\n<div class=\"wp-block-uagb-info-box uagb-block-909d0f11 uagb-infobox__content-wrap  uagb-infobox-icon-above-title uagb-infobox-image-valign-top\"><div class=\"uagb-ifb-content\"><div class=\"uagb-ifb-image-content\"><img decoding=\"async\" src=\"http:\/\/website-dev.brabender-group.com\/wp-content\/uploads\/2025\/12\/code-xml.svg\" alt=\"\" width=\"84\" height=\"84\" loading=\"lazy\"\/><\/div><div class=\"uagb-ifb-title-wrap\"><h3 class=\"uagb-ifb-title\">Team<\/h3><\/div><p class=\"uagb-ifb-desc\">Entwicklung<\/p><\/div><\/div>\n<\/div>\n\n\n\n<div class=\"wp-block-uagb-container uagb-block-0a86e0b3\">\n<div class=\"wp-block-uagb-info-box uagb-block-72b314e8 uagb-infobox__content-wrap  uagb-infobox-icon-above-title uagb-infobox-image-valign-top\"><div class=\"uagb-ifb-content\"><div class=\"uagb-ifb-image-content\"><img decoding=\"async\" src=\"http:\/\/website-dev.brabender-group.com\/wp-content\/uploads\/2025\/12\/play.svg\" alt=\"\" width=\"84\" height=\"84\" loading=\"lazy\"\/><\/div><div class=\"uagb-ifb-title-wrap\"><h3 class=\"uagb-ifb-title\">Startdatum<\/h3><\/div><p class=\"uagb-ifb-desc\">Ab sofort<\/p><\/div><\/div>\n<\/div>\n\n\n\n<div class=\"wp-block-uagb-container uagb-block-49a6f51e\">\n<div class=\"wp-block-uagb-info-box uagb-block-91627635 uagb-infobox__content-wrap  uagb-infobox-icon-above-title uagb-infobox-image-valign-top\"><div class=\"uagb-ifb-content\"><div class=\"uagb-ifb-image-content\"><img decoding=\"async\" src=\"http:\/\/website-dev.brabender-group.com\/wp-content\/uploads\/2025\/12\/biceps-flexed.svg\" alt=\"\" width=\"84\" height=\"84\" loading=\"lazy\"\/><\/div><div class=\"uagb-ifb-title-wrap\"><h3 class=\"uagb-ifb-title\">Pensum<\/h3><\/div><p class=\"uagb-ifb-desc\">Voll- und Teilzeit m\u00f6glich<\/p><\/div><\/div>\n<\/div>\n<\/div><\/div>\n\n\n\n<div style=\"height:100px\" aria-hidden=\"true\" class=\"wp-block-spacer\"><\/div>\n\n\n\n<div class=\"wp-block-uagb-container uagb-block-ccbeedf4 alignfull uagb-is-root-container\"><div class=\"uagb-container-inner-blocks-wrap\">\n<h2 class=\"wp-block-heading\">Was du bewegst<\/h2>\n<\/div><\/div>\n\n\n\n<div class=\"wp-block-uagb-container uagb-block-556fc460 alignfull uagb-is-root-container\"><div class=\"uagb-container-inner-blocks-wrap\">\n<div class=\"wp-block-uagb-container uagb-block-58a88c5f\">\n<div class=\"guten-element guten-nLrV7J guten-icon-box icon-position-undefined\"><div class=\"guten-icon-box-wrapper hover-from-left\"><div class=\"icon-box icon-box-body\"><h2 class=\"title\">Technologie vorantreiben<\/h2><p class=\"icon-box-description\">Du <strong>entwickelst<\/strong>, <strong>optimierst <\/strong>und <strong>wartest <\/strong>unsere Webapplikationen auf Basis von .NET Core, Blazor und WebAssembly.<\/p><\/div><\/div><\/div>\n<\/div>\n\n\n\n<div class=\"wp-block-uagb-container uagb-block-c3592c5d\">\n<div class=\"guten-element guten-AWjKJO guten-icon-box icon-position-undefined\"><div class=\"guten-icon-box-wrapper hover-from-left\"><div class=\"icon-box icon-box-body\"><h2 class=\"title\">Front- und Backend entwickeln<\/h2><p class=\"icon-box-description\">Du arbeitest an der <strong>Entwicklung <\/strong>und <strong>Optimierung <\/strong>von Front- und Backend-Systemen und nutzt dein Wissen in Microsoft-Technologien.<\/p><\/div><\/div><\/div>\n<\/div>\n\n\n\n<div class=\"wp-block-uagb-container uagb-block-72aaf156\">\n<div class=\"guten-element guten-jBBT14 guten-icon-box icon-position-undefined\"><div class=\"guten-icon-box-wrapper hover-from-left\"><div class=\"icon-box icon-box-body\"><h2 class=\"title\">Analyse und Design<\/h2><p class=\"icon-box-description\">Du bist aktiv in die <strong>Analyse<\/strong>, das <strong>Design <\/strong>und die <strong>Implementierung<\/strong> neuer Portale involviert und bringst deine kreativen Ideen ein.<\/p><\/div><\/div><\/div>\n<\/div>\n\n\n\n<div class=\"wp-block-uagb-container uagb-block-022cc5ab\">\n<div class=\"guten-element guten-17JMCP guten-icon-box icon-position-undefined\"><div class=\"guten-icon-box-wrapper hover-from-left\"><div class=\"icon-box icon-box-body\"><h2 class=\"title\">Verantwortung \u00fcbernehmen<\/h2><p class=\"icon-box-description\">Du \u00fcbernimmst die Verantwortung f\u00fcr <strong>definierte Module<\/strong> und sorgst daf\u00fcr, dass unsere L\u00f6sungen den h\u00f6chsten <strong>Standards entsprechen<\/strong>.<\/p><\/div><\/div><\/div>\n<\/div>\n<\/div><\/div>\n\n\n\n<div style=\"height:100px\" aria-hidden=\"true\" class=\"wp-block-spacer\"><\/div>\n\n\n\n<div class=\"wp-block-uagb-container uagb-block-bcd850d9 alignfull uagb-is-root-container\"><div class=\"uagb-container-inner-blocks-wrap\">\n<h2 class=\"wp-block-heading\">Was du mitbringst<\/h2>\n<\/div><\/div>\n\n\n\n<div class=\"wp-block-uagb-container uagb-block-e6fe1416 alignfull uagb-is-root-container\"><div class=\"uagb-container-inner-blocks-wrap\">\n<div class=\"wp-block-uagb-container uagb-block-a5fdef7c\">\n<h4 class=\"wp-block-gutenverse-heading guten-element guten-zDzlm1\">Must Have<\/h4>\n\n\n\n<div class=\"wp-block-ultimate-post-advanced-list ultp-block-8a51da\"><ul class=\"ultp-list-wrapper ultp-list-layout1\">\n<li class=\"wp-block-ultimate-post-list ultp-block-024e32\"><div class=\"ultp-list-content\"><div class=\"ultp-listicon-bg\"><svg xmlns=\"http:\/\/www.w3.org\/2000\/svg\" fill=\"currentColor\" viewbox=\"0 0 24 24\">\n  <path fill-rule=\"evenodd\" d=\"M12 1.25C6.063 1.25 1.25 6.063 1.25 12S6.063 22.75 12 22.75 22.75 17.937 22.75 12 17.937 1.25 12 1.25Zm4.737 8.426a1 1 0 0 0-1.474-1.352l-4.794 5.23-1.762-1.761a1 1 0 0 0-1.414 1.414l2.5 2.5a1 1 0 0 0 1.444-.031l5.5-6Z\" clip-rule=\"evenodd\"\/>\n<\/svg>\n<\/div><div class=\"ultp-list-title\"><strong>Fachliches Know-How<\/strong><br>Du hast eine abgeschlossene Ausbildung oder ein Studium in Informatik oder einer \u00e4hnlichen technischen Fachrichtung und mehr als 2 Jahre Praxiserfahrung in der Webentwicklung.<\/div><\/div><\/li>\n\n\n\n<li class=\"wp-block-ultimate-post-list ultp-block-d3d0e9\"><div class=\"ultp-list-content\"><div class=\"ultp-listicon-bg\"><svg xmlns=\"http:\/\/www.w3.org\/2000\/svg\" fill=\"currentColor\" viewbox=\"0 0 24 24\">\n  <path fill-rule=\"evenodd\" d=\"M12 1.25C6.063 1.25 1.25 6.063 1.25 12S6.063 22.75 12 22.75 22.75 17.937 22.75 12 17.937 1.25 12 1.25Zm4.737 8.426a1 1 0 0 0-1.474-1.352l-4.794 5.23-1.762-1.761a1 1 0 0 0-1.414 1.414l2.5 2.5a1 1 0 0 0 1.444-.031l5.5-6Z\" clip-rule=\"evenodd\"\/>\n<\/svg>\n<\/div><div class=\"ultp-list-title\"><strong>Technische Expertise<\/strong><br>Du bist erfahren in der Programmierung von Webanwendungen mit .NET\/C#, hast fundierte Kenntnisse in .NET Core, Blazor, WebAssembly und ein gutes Fachwissen im Bereich Datenbanken. Erfahrung mit REST APIs ist von Vorteil.<\/div><\/div><\/li>\n\n\n\n<li class=\"wp-block-ultimate-post-list ultp-block-9995c7\"><div class=\"ultp-list-content\"><div class=\"ultp-listicon-bg\"><svg xmlns=\"http:\/\/www.w3.org\/2000\/svg\" fill=\"currentColor\" viewbox=\"0 0 24 24\">\n  <path fill-rule=\"evenodd\" d=\"M12 1.25C6.063 1.25 1.25 6.063 1.25 12S6.063 22.75 12 22.75 22.75 17.937 22.75 12 17.937 1.25 12 1.25Zm4.737 8.426a1 1 0 0 0-1.474-1.352l-4.794 5.23-1.762-1.761a1 1 0 0 0-1.414 1.414l2.5 2.5a1 1 0 0 0 1.444-.031l5.5-6Z\" clip-rule=\"evenodd\"\/>\n<\/svg>\n<\/div><div class=\"ultp-list-title\"><strong>Analytisches Denken<\/strong><br>Du denkst vernetzt, arbeitest strukturiert und liebst es, technische Herausforderungen zu meistern.<\/div><\/div><\/li>\n<\/ul><\/div>\n<\/div>\n\n\n\n<div class=\"wp-block-uagb-container uagb-block-2886b2c9\">\n<h4 class=\"wp-block-gutenverse-heading guten-element guten-61MaTs\">Nice to have<\/h4>\n\n\n\n<div class=\"wp-block-ultimate-post-advanced-list ultp-block-47a3ed\"><ul class=\"ultp-list-wrapper ultp-list-layout1\">\n<li class=\"wp-block-ultimate-post-list ultp-block-1fbbb8\"><div class=\"ultp-list-content\"><div class=\"ultp-listicon-bg\"><svg xmlns=\"http:\/\/www.w3.org\/2000\/svg\" fill=\"none\" viewbox=\"0 0 24 24\">\n  <path stroke=\"currentColor\" stroke-linecap=\"round\" stroke-linejoin=\"round\" stroke-width=\"1.5\" d=\"M12 2C6.477 2 2 6.477 2 12s4.477 10 10 10 10-4.477 10-10S17.523 2 12 2Z\" clip-rule=\"evenodd\"\/>\n<\/svg>\n<\/div><div class=\"ultp-list-title\"><strong>Leidenschaft f\u00fcr Technologie<\/strong><br>Deine Neugier und dein Interesse an neuen Technologien treiben dich an, innovative L\u00f6sungen zu entwickeln.<\/div><\/div><\/li>\n\n\n\n<li class=\"wp-block-ultimate-post-list ultp-block-f70005\"><div class=\"ultp-list-content\"><div class=\"ultp-listicon-bg\"><svg xmlns=\"http:\/\/www.w3.org\/2000\/svg\" fill=\"none\" viewbox=\"0 0 24 24\">\n  <path stroke=\"currentColor\" stroke-linecap=\"round\" stroke-linejoin=\"round\" stroke-width=\"1.5\" d=\"M12 2C6.477 2 2 6.477 2 12s4.477 10 10 10 10-4.477 10-10S17.523 2 12 2Z\" clip-rule=\"evenodd\"\/>\n<\/svg>\n<\/div><div class=\"ultp-list-title\"><strong>Teamf\u00e4higkeit und Kommunikation<\/strong><br>Du arbeitest gerne im Team, bist kommunikationsstark und durchsetzungsf\u00e4hig.<\/div><\/div><\/li>\n\n\n\n<li class=\"wp-block-ultimate-post-list ultp-block-2dbf6d\"><div class=\"ultp-list-content\"><div class=\"ultp-listicon-bg\"><svg xmlns=\"http:\/\/www.w3.org\/2000\/svg\" fill=\"none\" viewbox=\"0 0 24 24\">\n  <path stroke=\"currentColor\" stroke-linecap=\"round\" stroke-linejoin=\"round\" stroke-width=\"1.5\" d=\"M12 2C6.477 2 2 6.477 2 12s4.477 10 10 10 10-4.477 10-10S17.523 2 12 2Z\" clip-rule=\"evenodd\"\/>\n<\/svg>\n<\/div><div class=\"ultp-list-title\"><strong>Sprachkenntnisse<\/strong><br>Gute Englischkenntnisse in Wort und Schrift erm\u00f6glichen dir, im internationalen Umfeld sicher zu agieren.<\/div><\/div><\/li>\n<\/ul><\/div>\n<\/div>\n<\/div><\/div>\n\n\n\n<div style=\"height:100px\" aria-hidden=\"true\" class=\"wp-block-spacer\"><\/div>\n\n\n\n<div class=\"wp-block-uagb-container uagb-block-a9eee5f6 alignfull uagb-is-root-container\"><div class=\"uagb-container-inner-blocks-wrap\">\n<h2 class=\"wp-block-heading\">Was wir bieten<\/h2>\n\n\n\n<div class=\"wp-block-ultimate-post-advanced-list ultp-block-184b40\"><ul class=\"ultp-list-wrapper ultp-list-layout1\">\n<li class=\"wp-block-ultimate-post-list ultp-block-41c9af\"><div class=\"ultp-list-content\"><div class=\"ultp-listicon-bg\"><svg xmlns=\"http:\/\/www.w3.org\/2000\/svg\" fill=\"currentColor\" viewbox=\"0 0 24 24\">\n  <path fill-rule=\"evenodd\" d=\"M12 1.25C6.063 1.25 1.25 6.063 1.25 12S6.063 22.75 12 22.75 22.75 17.937 22.75 12 17.937 1.25 12 1.25Zm4.737 8.426a1 1 0 0 0-1.474-1.352l-4.794 5.23-1.762-1.761a1 1 0 0 0-1.414 1.414l2.5 2.5a1 1 0 0 0 1.444-.031l5.5-6Z\" clip-rule=\"evenodd\"\/>\n<\/svg>\n<\/div><div class=\"ultp-list-title\"><strong>Abwechslung pur!<\/strong><br>Spannende Aufgaben in einer dynamischen Unternehmenskultur.<\/div><\/div><\/li>\n\n\n\n<li class=\"wp-block-ultimate-post-list ultp-block-f53322\"><div class=\"ultp-list-content\"><div class=\"ultp-listicon-bg\"><svg xmlns=\"http:\/\/www.w3.org\/2000\/svg\" fill=\"currentColor\" viewbox=\"0 0 24 24\">\n  <path fill-rule=\"evenodd\" d=\"M12 1.25C6.063 1.25 1.25 6.063 1.25 12S6.063 22.75 12 22.75 22.75 17.937 22.75 12 17.937 1.25 12 1.25Zm4.737 8.426a1 1 0 0 0-1.474-1.352l-4.794 5.23-1.762-1.761a1 1 0 0 0-1.414 1.414l2.5 2.5a1 1 0 0 0 1.444-.031l5.5-6Z\" clip-rule=\"evenodd\"\/>\n<\/svg>\n<\/div><div class=\"ultp-list-title\"><strong>Freiraum f\u00fcr Ideen!<\/strong><br>Flache Hierarchien und kurze Entscheidungswege.<\/div><\/div><\/li>\n\n\n\n<li class=\"wp-block-ultimate-post-list ultp-block-0d520f\"><div class=\"ultp-list-content\"><div class=\"ultp-listicon-bg\"><svg xmlns=\"http:\/\/www.w3.org\/2000\/svg\" fill=\"currentColor\" viewbox=\"0 0 24 24\">\n  <path fill-rule=\"evenodd\" d=\"M12 1.25C6.063 1.25 1.25 6.063 1.25 12S6.063 22.75 12 22.75 22.75 17.937 22.75 12 17.937 1.25 12 1.25Zm4.737 8.426a1 1 0 0 0-1.474-1.352l-4.794 5.23-1.762-1.761a1 1 0 0 0-1.414 1.414l2.5 2.5a1 1 0 0 0 1.444-.031l5.5-6Z\" clip-rule=\"evenodd\"\/>\n<\/svg>\n<\/div><div class=\"ultp-list-title\"><strong>High-Tech-Arbeitsplatz<\/strong><br>Moderne IT-Infrastruktur und flexible Home Office Optionen.<\/div><\/div><\/li>\n<\/ul><\/div>\n<\/div><\/div>\n\n\n\n<div style=\"height:100px\" aria-hidden=\"true\" class=\"wp-block-spacer\"><\/div>\n\n\n\n<div class=\"wp-block-uagb-container uagb-block-f38d77e0 alignfull uagb-is-root-container\"><div class=\"uagb-container-inner-blocks-wrap\">\n<h2 class=\"wp-block-heading\"><strong>Bist du bereit, die digitale Zukunft der Logistik mitzugestalten?<\/strong><\/h2>\n\n\n\n<p style=\"font-size:clamp(14px, 0.875rem + ((1vw - 3.2px) * 0.469), 20px);\">Dann werde unser Webentwickler und bringe deine Leidenschaft f\u00fcr innovative Technologien in unsere moderne Softwarel\u00f6sungen ein!&nbsp;Bei Brabender glauben wir daran, dass echte Innovation entsteht, wenn technisches Know-how <br>auf Leidenschaft trifft.<\/p>\n\n\n\n<p><\/p>\n\n\n\n<p><strong>Sende deine Bewerbung an:<\/strong><\/p>\n\n\n\n<p>Herr Berdan D\u00fcndar<br>BRABENDER group<br>Gewerbestrasse 5a, CH-6314 Unter\u00e4geri\/Zug<\/p>\n\n\n\n<div class=\"guten-element guten-button-wrapper guten-dnhD6E\"><a class=\"guten-button guten-button-md\" href=\"mailto:job@brabender-group.com\"><span><strong>Jetzt bewerben<\/strong><\/span><\/a><\/div>\n\n\n\n<p><br><br>Mehr Informationen findest du auch auf&nbsp;<a href=\"http:\/\/www.brabender-group.com\/\" target=\"_blank\" rel=\"noreferrer noopener\">www.brabender-group.com<\/a>&nbsp;oder finde uns auf&nbsp;<a href=\"https:\/\/www.linkedin.com\/company\/30126216\/\" target=\"_blank\" rel=\"noreferrer noopener\">LinkedIn<\/a><\/p>\n<\/div><\/div>\n\n\n\n<div style=\"height:100px\" aria-hidden=\"true\" class=\"wp-block-spacer\"><\/div>\n\n\n\n<p><\/p>","protected":false},"excerpt":{"rendered":"<p>Deine Mission Als Webentwickler arbeitest du an der Entwicklung und Optimierung unserer Webapplikationen auf Basis von Microsoft-Technologien. Du setzt die Anforderungen aus unserer Produkt-Roadmap um und gestaltest die n\u00e4chste Generation unserer Softwareprodukte mit. Mit deinem fundierten Wissen in der Front- und Backendentwicklung treibst du unsere Produkte weiter voran und sorgst daf\u00fcr, dass sie noch praxisn\u00e4her [&hellip;]<\/p>\n","protected":false},"author":1,"featured_media":0,"parent":439,"menu_order":0,"comment_status":"closed","ping_status":"closed","template":"","meta":{"_uag_custom_page_level_css":"","footnotes":""},"class_list":["post-476","page","type-page","status-publish","hentry"],"blocksy_meta":[],"featured_image_src":null,"yoast_head":"<!-- This site is optimized with the Yoast SEO plugin v27.0 - https:\/\/yoast.com\/product\/yoast-seo-wordpress\/ -->\n<title>Webentwickler -<\/title>\n<meta name=\"robots\" content=\"index, follow, max-snippet:-1, max-image-preview:large, max-video-preview:-1\" \/>\n<link rel=\"canonical\" href=\"https:\/\/website-dev.brabender-group.com\/en\/karriere\/webentwickler\/\" \/>\n<meta property=\"og:locale\" content=\"en_US\" \/>\n<meta property=\"og:type\" content=\"article\" \/>\n<meta property=\"og:title\" content=\"Webentwickler -\" \/>\n<meta property=\"og:description\" content=\"Deine Mission Als Webentwickler arbeitest du an der Entwicklung und Optimierung unserer Webapplikationen auf Basis von Microsoft-Technologien. Du setzt die Anforderungen aus unserer Produkt-Roadmap um und gestaltest die n\u00e4chste Generation unserer Softwareprodukte mit. Mit deinem fundierten Wissen in der Front- und Backendentwicklung treibst du unsere Produkte weiter voran und sorgst daf\u00fcr, dass sie noch praxisn\u00e4her [&hellip;]\" \/>\n<meta property=\"og:url\" content=\"https:\/\/website-dev.brabender-group.com\/en\/karriere\/webentwickler\/\" \/>\n<meta property=\"article:modified_time\" content=\"2025-12-22T15:03:36+00:00\" \/>\n<meta property=\"og:image\" content=\"http:\/\/website-dev.brabender-group.com\/wp-content\/uploads\/2025\/12\/map-pin.svg\" \/>\n<meta name=\"twitter:card\" content=\"summary_large_image\" \/>\n<meta name=\"twitter:label1\" content=\"Est. reading time\" \/>\n\t<meta name=\"twitter:data1\" content=\"2 minutes\" \/>\n<script type=\"application\/ld+json\" class=\"yoast-schema-graph\">{\"@context\":\"https:\/\/schema.org\",\"@graph\":[{\"@type\":\"WebPage\",\"@id\":\"https:\/\/website-dev.brabender-group.com\/karriere\/webentwickler\/\",\"url\":\"https:\/\/website-dev.brabender-group.com\/karriere\/webentwickler\/\",\"name\":\"Webentwickler -\",\"isPartOf\":{\"@id\":\"https:\/\/website-dev.brabender-group.com\/#website\"},\"primaryImageOfPage\":{\"@id\":\"https:\/\/website-dev.brabender-group.com\/karriere\/webentwickler\/#primaryimage\"},\"image\":{\"@id\":\"https:\/\/website-dev.brabender-group.com\/karriere\/webentwickler\/#primaryimage\"},\"thumbnailUrl\":\"http:\/\/website-dev.brabender-group.com\/wp-content\/uploads\/2025\/12\/map-pin.svg\",\"datePublished\":\"2025-11-07T10:28:58+00:00\",\"dateModified\":\"2025-12-22T15:03:36+00:00\",\"breadcrumb\":{\"@id\":\"https:\/\/website-dev.brabender-group.com\/karriere\/webentwickler\/#breadcrumb\"},\"inLanguage\":\"en-US\",\"potentialAction\":[{\"@type\":\"ReadAction\",\"target\":[\"https:\/\/website-dev.brabender-group.com\/karriere\/webentwickler\/\"]}]},{\"@type\":\"ImageObject\",\"inLanguage\":\"en-US\",\"@id\":\"https:\/\/website-dev.brabender-group.com\/karriere\/webentwickler\/#primaryimage\",\"url\":\"http:\/\/website-dev.brabender-group.com\/wp-content\/uploads\/2025\/12\/map-pin.svg\",\"contentUrl\":\"http:\/\/website-dev.brabender-group.com\/wp-content\/uploads\/2025\/12\/map-pin.svg\"},{\"@type\":\"BreadcrumbList\",\"@id\":\"https:\/\/website-dev.brabender-group.com\/karriere\/webentwickler\/#breadcrumb\",\"itemListElement\":[{\"@type\":\"ListItem\",\"position\":1,\"name\":\"Start\",\"item\":\"https:\/\/website-dev.brabender-group.com\/\"},{\"@type\":\"ListItem\",\"position\":2,\"name\":\"Karriere\",\"item\":\"https:\/\/website-dev.brabender-group.com\/karriere\/\"},{\"@type\":\"ListItem\",\"position\":3,\"name\":\"Webentwickler\"}]},{\"@type\":\"WebSite\",\"@id\":\"https:\/\/website-dev.brabender-group.com\/#website\",\"url\":\"https:\/\/website-dev.brabender-group.com\/\",\"name\":\"\",\"description\":\"\",\"potentialAction\":[{\"@type\":\"SearchAction\",\"target\":{\"@type\":\"EntryPoint\",\"urlTemplate\":\"https:\/\/website-dev.brabender-group.com\/?s={search_term_string}\"},\"query-input\":{\"@type\":\"PropertyValueSpecification\",\"valueRequired\":true,\"valueName\":\"search_term_string\"}}],\"inLanguage\":\"en-US\"}]}<\/script>\n<!-- \/ Yoast SEO plugin. -->","yoast_head_json":{"title":"Webentwickler -","robots":{"index":"index","follow":"follow","max-snippet":"max-snippet:-1","max-image-preview":"max-image-preview:large","max-video-preview":"max-video-preview:-1"},"canonical":"https:\/\/website-dev.brabender-group.com\/en\/karriere\/webentwickler\/","og_locale":"en_US","og_type":"article","og_title":"Webentwickler -","og_description":"Deine Mission Als Webentwickler arbeitest du an der Entwicklung und Optimierung unserer Webapplikationen auf Basis von Microsoft-Technologien. Du setzt die Anforderungen aus unserer Produkt-Roadmap um und gestaltest die n\u00e4chste Generation unserer Softwareprodukte mit. Mit deinem fundierten Wissen in der Front- und Backendentwicklung treibst du unsere Produkte weiter voran und sorgst daf\u00fcr, dass sie noch praxisn\u00e4her [&hellip;]","og_url":"https:\/\/website-dev.brabender-group.com\/en\/karriere\/webentwickler\/","article_modified_time":"2025-12-22T15:03:36+00:00","og_image":[{"url":"http:\/\/website-dev.brabender-group.com\/wp-content\/uploads\/2025\/12\/map-pin.svg","type":"","width":"","height":""}],"twitter_card":"summary_large_image","twitter_misc":{"Est. reading time":"2 minutes"},"schema":{"@context":"https:\/\/schema.org","@graph":[{"@type":"WebPage","@id":"https:\/\/website-dev.brabender-group.com\/karriere\/webentwickler\/","url":"https:\/\/website-dev.brabender-group.com\/karriere\/webentwickler\/","name":"Webentwickler -","isPartOf":{"@id":"https:\/\/website-dev.brabender-group.com\/#website"},"primaryImageOfPage":{"@id":"https:\/\/website-dev.brabender-group.com\/karriere\/webentwickler\/#primaryimage"},"image":{"@id":"https:\/\/website-dev.brabender-group.com\/karriere\/webentwickler\/#primaryimage"},"thumbnailUrl":"http:\/\/website-dev.brabender-group.com\/wp-content\/uploads\/2025\/12\/map-pin.svg","datePublished":"2025-11-07T10:28:58+00:00","dateModified":"2025-12-22T15:03:36+00:00","breadcrumb":{"@id":"https:\/\/website-dev.brabender-group.com\/karriere\/webentwickler\/#breadcrumb"},"inLanguage":"en-US","potentialAction":[{"@type":"ReadAction","target":["https:\/\/website-dev.brabender-group.com\/karriere\/webentwickler\/"]}]},{"@type":"ImageObject","inLanguage":"en-US","@id":"https:\/\/website-dev.brabender-group.com\/karriere\/webentwickler\/#primaryimage","url":"http:\/\/website-dev.brabender-group.com\/wp-content\/uploads\/2025\/12\/map-pin.svg","contentUrl":"http:\/\/website-dev.brabender-group.com\/wp-content\/uploads\/2025\/12\/map-pin.svg"},{"@type":"BreadcrumbList","@id":"https:\/\/website-dev.brabender-group.com\/karriere\/webentwickler\/#breadcrumb","itemListElement":[{"@type":"ListItem","position":1,"name":"Start","item":"https:\/\/website-dev.brabender-group.com\/"},{"@type":"ListItem","position":2,"name":"Karriere","item":"https:\/\/website-dev.brabender-group.com\/karriere\/"},{"@type":"ListItem","position":3,"name":"Webentwickler"}]},{"@type":"WebSite","@id":"https:\/\/website-dev.brabender-group.com\/#website","url":"https:\/\/website-dev.brabender-group.com\/","name":"","description":"","potentialAction":[{"@type":"SearchAction","target":{"@type":"EntryPoint","urlTemplate":"https:\/\/website-dev.brabender-group.com\/?s={search_term_string}"},"query-input":{"@type":"PropertyValueSpecification","valueRequired":true,"valueName":"search_term_string"}}],"inLanguage":"en-US"}]}},"uagb_featured_image_src":{"full":false,"thumbnail":false,"medium":false,"medium_large":false,"large":false,"1536x1536":false,"2048x2048":false,"trp-custom-language-flag":false,"ultp_layout_landscape_large":false,"ultp_layout_landscape":false,"ultp_layout_portrait":false,"ultp_layout_square":false},"uagb_author_info":{"display_name":"admin","author_link":"https:\/\/website-dev.brabender-group.com\/en\/author\/admin\/"},"uagb_comment_info":0,"uagb_excerpt":"Deine Mission Als Webentwickler arbeitest du an der Entwicklung und Optimierung unserer Webapplikationen auf Basis von Microsoft-Technologien. Du setzt die Anforderungen aus unserer Produkt-Roadmap um und gestaltest die n\u00e4chste Generation unserer Softwareprodukte mit. Mit deinem fundierten Wissen in der Front- und Backendentwicklung treibst du unsere Produkte weiter voran und sorgst daf\u00fcr, dass sie noch praxisn\u00e4her&hellip;","_links":{"self":[{"href":"https:\/\/website-dev.brabender-group.com\/en\/wp-json\/wp\/v2\/pages\/476","targetHints":{"allow":["GET"]}}],"collection":[{"href":"https:\/\/website-dev.brabender-group.com\/en\/wp-json\/wp\/v2\/pages"}],"about":[{"href":"https:\/\/website-dev.brabender-group.com\/en\/wp-json\/wp\/v2\/types\/page"}],"author":[{"embeddable":true,"href":"https:\/\/website-dev.brabender-group.com\/en\/wp-json\/wp\/v2\/users\/1"}],"replies":[{"embeddable":true,"href":"https:\/\/website-dev.brabender-group.com\/en\/wp-json\/wp\/v2\/comments?post=476"}],"version-history":[{"count":41,"href":"https:\/\/website-dev.brabender-group.com\/en\/wp-json\/wp\/v2\/pages\/476\/revisions"}],"predecessor-version":[{"id":985,"href":"https:\/\/website-dev.brabender-group.com\/en\/wp-json\/wp\/v2\/pages\/476\/revisions\/985"}],"up":[{"embeddable":true,"href":"https:\/\/website-dev.brabender-group.com\/en\/wp-json\/wp\/v2\/pages\/439"}],"wp:attachment":[{"href":"https:\/\/website-dev.brabender-group.com\/en\/wp-json\/wp\/v2\/media?parent=476"}],"curies":[{"name":"wp","href":"https:\/\/api.w.org\/{rel}","templated":true}]}}