{"id":480,"date":"2025-11-07T10:32:30","date_gmt":"2025-11-07T10:32:30","guid":{"rendered":"https:\/\/website-dev.brabender-group.com\/?page_id=480"},"modified":"2025-11-07T10:38:42","modified_gmt":"2025-11-07T10:38:42","slug":"ki-entwickler","status":"publish","type":"page","link":"https:\/\/website-dev.brabender-group.com\/en\/karriere\/ki-entwickler\/","title":{"rendered":"KI &#8211; Entwickler"},"content":{"rendered":"<div class=\"wp-block-group alignfull has-very-light-gray-color has-text-color has-link-color wp-elements-ec4d2b5a87271a132d766a46f94970c4 is-layout-constrained wp-container-core-group-is-layout-13c0cbc6 wp-block-group-is-layout-constrained has-background\" style=\"min-height:0vh;margin-top:0;margin-bottom:0;padding-top:var(--wp--preset--spacing--30);padding-right:0;padding-bottom:var(--wp--preset--spacing--30);padding-left:0;background-image:url(&apos;https:\/\/website-dev.brabender-group.com\/wp-content\/uploads\/2025\/11\/020_background_netz.png&apos;);background-size:cover;background-attachment:scroll;\">\n<div class=\"wp-block-group is-layout-constrained wp-container-core-group-is-layout-346627ba wp-block-group-is-layout-constrained\">\n<h2 class=\"wp-block-heading has-text-align-center has-white-color has-text-color has-link-color has-x-large-font-size wp-elements-58e932170b7d51dc137f2c051d8252a5\" style=\"margin-right:0;margin-left:0;padding-top:0;padding-right:0;padding-bottom:0;padding-left:0\">KI &#8211; Entwickler<\/h2>\n<\/div>\n<\/div>\n\n\n\n<div class=\"wp-block-uagb-container uagb-block-8bdbaf5f alignfull uagb-is-root-container\"><div class=\"uagb-container-inner-blocks-wrap\">\n<h4 class=\"wp-block-heading\">Bist du bereit, die digitale Zukunft der Logistik mit k\u00fcnstlicher Intelligenz zu revolutionieren?<\/h4>\n\n\n\n<p>Dann werde unser KI-Entwickler und bringe deine Leidenschaft f\u00fcr innovative Technologien und k\u00fcnstliche Intelligenz in unsere modernen Softwarel\u00f6sungen ein! Bei Brabender glauben wir daran, dass echte Innovation entsteht, wenn technisches Know-how auf Leidenschaft trifft.<\/p>\n\n\n\n<p><strong>Deine Mission:<\/strong>&nbsp;Als KI-Entwickler arbeitest du an der Entwicklung und Integration intelligenter L\u00f6sungen in unsere Produkte. Du nutzt deine Expertise in Machine Learning und k\u00fcnstlicher Intelligenz, um datenbasierte Entscheidungen zu automatisieren und Prozesse in der Logistikbranche effizienter und smarter zu gestalten. Gemeinsam mit unseren Teams schaffst du die n\u00e4chste Generation unserer Softwarel\u00f6sungen, die sich auf innovative Technologien st\u00fctzt.<\/p>\n\n\n\n<h3 class=\"wp-block-heading\">Was du bewegst:<\/h3>\n\n\n\n<ul class=\"wp-block-list\">\n<li><strong>KI vorantreiben:<\/strong><br>Du entwickelst und implementierst KI-gest\u00fctzte L\u00f6sungen zur Optimierung von Logistikprozessen und Gesch\u00e4ftsentscheidungen.<\/li>\n\n\n\n<li><strong>Algorithmen entwickeln:<\/strong><br>Du entwirfst und trainierst Machine-Learning-Modelle zur Analyse und Vorhersage von Daten und integrierst sie in unsere Systeme.<\/li>\n\n\n\n<li><strong>Innovation gestalten:<\/strong><br>Du arbeitest eng mit anderen Entwicklungsteams zusammen, um k\u00fcnstliche Intelligenz in bestehende Anwendungen zu integrieren und innovative Features zu entwickeln.<\/li>\n\n\n\n<li><strong>Verantwortung \u00fcbernehmen:<\/strong><br>Du \u00fcbernimmst die Verantwortung f\u00fcr die Konzeption, Entwicklung und Optimierung von KI-basierten Modulen.<\/li>\n<\/ul>\n\n\n\n<h3 class=\"wp-block-heading\">Was du mitbringst:<\/h3>\n\n\n\n<ul class=\"wp-block-list\">\n<li><strong>Fachliches Know-how:<\/strong><br>Du hast eine abgeschlossene Ausbildung oder ein Studium in Informatik, Mathematik, Data Science oder einer \u00e4hnlichen Fachrichtung und fundierte Kenntnisse in Machine Learning, k\u00fcnstlicher Intelligenz und datenbasierten Technologien.<\/li>\n\n\n\n<li><strong>Technische Expertise:<\/strong><br>Du bist erfahren im Einsatz von ML-Frameworks wie TensorFlow, PyTorch oder scikit-learn sowie in Programmiersprachen wie Python oder R.<\/li>\n\n\n\n<li><strong>Erfahrung mit Daten:<\/strong><br>Du hast fundierte Kenntnisse im Umgang mit gro\u00dfen Datenmengen, Data Mining und Datenanalyse, vorzugsweise im Bereich der Logistik.<\/li>\n\n\n\n<li><strong>Analytisches Denken:<\/strong><br>Du arbeitest strukturiert, analysierst gerne komplexe Datenmengen und liebst es, technische Herausforderungen zu l\u00f6sen.<\/li>\n\n\n\n<li><strong>Leidenschaft f\u00fcr KI:<\/strong><br>Deine Neugierde und dein Interesse an neuen KI-Technologien treiben dich an, innovative und kreative L\u00f6sungen zu entwickeln.<\/li>\n\n\n\n<li><strong>Sprachkenntnisse:<\/strong><br>Gute Englischkenntnisse in Wort und Schrift erm\u00f6glichen dir, sicher in einem internationalen Umfeld zu agieren.<\/li>\n<\/ul>\n\n\n\n<h3 class=\"wp-block-heading\">Was wir bieten:<\/h3>\n\n\n\n<ul class=\"wp-block-list\">\n<li><strong>Abwechslung pur!<\/strong><br>Spannende Aufgaben in einer dynamischen Unternehmenskultur.<\/li>\n\n\n\n<li><strong>Freiraum f\u00fcr Ideen!<\/strong><br>Flache Hierarchien und kurze Entscheidungswege.<\/li>\n\n\n\n<li><strong>High-Tech-Arbeitsplatz!<\/strong><br>Moderne IT-Infrastruktur und flexible Home Office Optionen.<\/li>\n<\/ul>\n\n\n\n<p><strong>Standort:<\/strong>&nbsp;Hybrid m\u00f6glich \u2013 Unter\u00e4geri (CH), Deutschland oder Home Office<br><strong>Startdatum:<\/strong>&nbsp;Ab sofort<\/p>\n\n\n\n<h3 class=\"wp-block-heading\">Interessiert?<\/h3>\n\n\n\n<p><strong>Gestalte mit uns die Zukunft und sende deine Bewerbung an:<\/strong><\/p>\n\n\n\n<p>Herr Berdan D\u00fcndar<br>BRABENDER group<br>Gewerbestrasse 5a, CH-6314 Unter\u00e4geri\/Zug<br><a href=\"mailto:job@brabender-group.com\">job@brabender-group.com<\/a><\/p>\n\n\n\n<p>Mehr Informationen findest du auch auf&nbsp;<a rel=\"noreferrer noopener\" href=\"http:\/\/www.brabender-group.com\/\" target=\"_blank\">www.brabender-group.com<\/a>&nbsp;oder finde uns auf&nbsp;<a rel=\"noreferrer noopener\" href=\"https:\/\/www.linkedin.com\/company\/30126216\/\" target=\"_blank\">LinkedIn<\/a>.<\/p>\n<\/div><\/div>","protected":false},"excerpt":{"rendered":"<p>KI &#8211; Entwickler Bist du bereit, die digitale Zukunft der Logistik mit k\u00fcnstlicher Intelligenz zu revolutionieren? Dann werde unser KI-Entwickler und bringe deine Leidenschaft f\u00fcr innovative Technologien und k\u00fcnstliche Intelligenz in unsere modernen Softwarel\u00f6sungen ein! Bei Brabender glauben wir daran, dass echte Innovation entsteht, wenn technisches Know-how auf Leidenschaft trifft. Deine Mission:&nbsp;Als KI-Entwickler arbeitest du [&hellip;]<\/p>\n","protected":false},"author":1,"featured_media":0,"parent":439,"menu_order":0,"comment_status":"closed","ping_status":"closed","template":"","meta":{"_uag_custom_page_level_css":"","footnotes":""},"class_list":["post-480","page","type-page","status-publish","hentry"],"blocksy_meta":[],"featured_image_src":null,"yoast_head":"<!-- This site is optimized with the Yoast SEO plugin v27.0 - https:\/\/yoast.com\/product\/yoast-seo-wordpress\/ -->\n<title>KI - Entwickler -<\/title>\n<meta name=\"robots\" content=\"index, follow, max-snippet:-1, max-image-preview:large, max-video-preview:-1\" \/>\n<link rel=\"canonical\" href=\"https:\/\/website-dev.brabender-group.com\/en\/karriere\/ki-entwickler\/\" \/>\n<meta property=\"og:locale\" content=\"en_US\" \/>\n<meta property=\"og:type\" content=\"article\" \/>\n<meta property=\"og:title\" content=\"KI - Entwickler -\" \/>\n<meta property=\"og:description\" content=\"KI &#8211; Entwickler Bist du bereit, die digitale Zukunft der Logistik mit k\u00fcnstlicher Intelligenz zu revolutionieren? Dann werde unser KI-Entwickler und bringe deine Leidenschaft f\u00fcr innovative Technologien und k\u00fcnstliche Intelligenz in unsere modernen Softwarel\u00f6sungen ein! Bei Brabender glauben wir daran, dass echte Innovation entsteht, wenn technisches Know-how auf Leidenschaft trifft. Deine Mission:&nbsp;Als KI-Entwickler arbeitest du [&hellip;]\" \/>\n<meta property=\"og:url\" content=\"https:\/\/website-dev.brabender-group.com\/en\/karriere\/ki-entwickler\/\" \/>\n<meta property=\"article:modified_time\" content=\"2025-11-07T10:38:42+00:00\" \/>\n<meta name=\"twitter:card\" content=\"summary_large_image\" \/>\n<meta name=\"twitter:label1\" content=\"Est. reading time\" \/>\n\t<meta name=\"twitter:data1\" content=\"2 minutes\" \/>\n<script type=\"application\/ld+json\" class=\"yoast-schema-graph\">{\"@context\":\"https:\/\/schema.org\",\"@graph\":[{\"@type\":\"WebPage\",\"@id\":\"https:\/\/website-dev.brabender-group.com\/karriere\/ki-entwickler\/\",\"url\":\"https:\/\/website-dev.brabender-group.com\/karriere\/ki-entwickler\/\",\"name\":\"KI - Entwickler -\",\"isPartOf\":{\"@id\":\"https:\/\/website-dev.brabender-group.com\/#website\"},\"datePublished\":\"2025-11-07T10:32:30+00:00\",\"dateModified\":\"2025-11-07T10:38:42+00:00\",\"breadcrumb\":{\"@id\":\"https:\/\/website-dev.brabender-group.com\/karriere\/ki-entwickler\/#breadcrumb\"},\"inLanguage\":\"en-US\",\"potentialAction\":[{\"@type\":\"ReadAction\",\"target\":[\"https:\/\/website-dev.brabender-group.com\/karriere\/ki-entwickler\/\"]}]},{\"@type\":\"BreadcrumbList\",\"@id\":\"https:\/\/website-dev.brabender-group.com\/karriere\/ki-entwickler\/#breadcrumb\",\"itemListElement\":[{\"@type\":\"ListItem\",\"position\":1,\"name\":\"Start\",\"item\":\"https:\/\/website-dev.brabender-group.com\/\"},{\"@type\":\"ListItem\",\"position\":2,\"name\":\"Karriere\",\"item\":\"https:\/\/website-dev.brabender-group.com\/karriere\/\"},{\"@type\":\"ListItem\",\"position\":3,\"name\":\"KI &#8211; Entwickler\"}]},{\"@type\":\"WebSite\",\"@id\":\"https:\/\/website-dev.brabender-group.com\/#website\",\"url\":\"https:\/\/website-dev.brabender-group.com\/\",\"name\":\"\",\"description\":\"\",\"potentialAction\":[{\"@type\":\"SearchAction\",\"target\":{\"@type\":\"EntryPoint\",\"urlTemplate\":\"https:\/\/website-dev.brabender-group.com\/?s={search_term_string}\"},\"query-input\":{\"@type\":\"PropertyValueSpecification\",\"valueRequired\":true,\"valueName\":\"search_term_string\"}}],\"inLanguage\":\"en-US\"}]}<\/script>\n<!-- \/ Yoast SEO plugin. -->","yoast_head_json":{"title":"KI - Entwickler -","robots":{"index":"index","follow":"follow","max-snippet":"max-snippet:-1","max-image-preview":"max-image-preview:large","max-video-preview":"max-video-preview:-1"},"canonical":"https:\/\/website-dev.brabender-group.com\/en\/karriere\/ki-entwickler\/","og_locale":"en_US","og_type":"article","og_title":"KI - Entwickler -","og_description":"KI &#8211; Entwickler Bist du bereit, die digitale Zukunft der Logistik mit k\u00fcnstlicher Intelligenz zu revolutionieren? Dann werde unser KI-Entwickler und bringe deine Leidenschaft f\u00fcr innovative Technologien und k\u00fcnstliche Intelligenz in unsere modernen Softwarel\u00f6sungen ein! Bei Brabender glauben wir daran, dass echte Innovation entsteht, wenn technisches Know-how auf Leidenschaft trifft. Deine Mission:&nbsp;Als KI-Entwickler arbeitest du [&hellip;]","og_url":"https:\/\/website-dev.brabender-group.com\/en\/karriere\/ki-entwickler\/","article_modified_time":"2025-11-07T10:38:42+00:00","twitter_card":"summary_large_image","twitter_misc":{"Est. reading time":"2 minutes"},"schema":{"@context":"https:\/\/schema.org","@graph":[{"@type":"WebPage","@id":"https:\/\/website-dev.brabender-group.com\/karriere\/ki-entwickler\/","url":"https:\/\/website-dev.brabender-group.com\/karriere\/ki-entwickler\/","name":"KI - Entwickler -","isPartOf":{"@id":"https:\/\/website-dev.brabender-group.com\/#website"},"datePublished":"2025-11-07T10:32:30+00:00","dateModified":"2025-11-07T10:38:42+00:00","breadcrumb":{"@id":"https:\/\/website-dev.brabender-group.com\/karriere\/ki-entwickler\/#breadcrumb"},"inLanguage":"en-US","potentialAction":[{"@type":"ReadAction","target":["https:\/\/website-dev.brabender-group.com\/karriere\/ki-entwickler\/"]}]},{"@type":"BreadcrumbList","@id":"https:\/\/website-dev.brabender-group.com\/karriere\/ki-entwickler\/#breadcrumb","itemListElement":[{"@type":"ListItem","position":1,"name":"Start","item":"https:\/\/website-dev.brabender-group.com\/"},{"@type":"ListItem","position":2,"name":"Karriere","item":"https:\/\/website-dev.brabender-group.com\/karriere\/"},{"@type":"ListItem","position":3,"name":"KI &#8211; Entwickler"}]},{"@type":"WebSite","@id":"https:\/\/website-dev.brabender-group.com\/#website","url":"https:\/\/website-dev.brabender-group.com\/","name":"","description":"","potentialAction":[{"@type":"SearchAction","target":{"@type":"EntryPoint","urlTemplate":"https:\/\/website-dev.brabender-group.com\/?s={search_term_string}"},"query-input":{"@type":"PropertyValueSpecification","valueRequired":true,"valueName":"search_term_string"}}],"inLanguage":"en-US"}]}},"uagb_featured_image_src":{"full":false,"thumbnail":false,"medium":false,"medium_large":false,"large":false,"1536x1536":false,"2048x2048":false,"trp-custom-language-flag":false,"ultp_layout_landscape_large":false,"ultp_layout_landscape":false,"ultp_layout_portrait":false,"ultp_layout_square":false},"uagb_author_info":{"display_name":"admin","author_link":"https:\/\/website-dev.brabender-group.com\/en\/author\/admin\/"},"uagb_comment_info":0,"uagb_excerpt":"KI &#8211; Entwickler Bist du bereit, die digitale Zukunft der Logistik mit k\u00fcnstlicher Intelligenz zu revolutionieren? Dann werde unser KI-Entwickler und bringe deine Leidenschaft f\u00fcr innovative Technologien und k\u00fcnstliche Intelligenz in unsere modernen Softwarel\u00f6sungen ein! Bei Brabender glauben wir daran, dass echte Innovation entsteht, wenn technisches Know-how auf Leidenschaft trifft. Deine Mission:&nbsp;Als KI-Entwickler arbeitest du&hellip;","_links":{"self":[{"href":"https:\/\/website-dev.brabender-group.com\/en\/wp-json\/wp\/v2\/pages\/480","targetHints":{"allow":["GET"]}}],"collection":[{"href":"https:\/\/website-dev.brabender-group.com\/en\/wp-json\/wp\/v2\/pages"}],"about":[{"href":"https:\/\/website-dev.brabender-group.com\/en\/wp-json\/wp\/v2\/types\/page"}],"author":[{"embeddable":true,"href":"https:\/\/website-dev.brabender-group.com\/en\/wp-json\/wp\/v2\/users\/1"}],"replies":[{"embeddable":true,"href":"https:\/\/website-dev.brabender-group.com\/en\/wp-json\/wp\/v2\/comments?post=480"}],"version-history":[{"count":1,"href":"https:\/\/website-dev.brabender-group.com\/en\/wp-json\/wp\/v2\/pages\/480\/revisions"}],"predecessor-version":[{"id":481,"href":"https:\/\/website-dev.brabender-group.com\/en\/wp-json\/wp\/v2\/pages\/480\/revisions\/481"}],"up":[{"embeddable":true,"href":"https:\/\/website-dev.brabender-group.com\/en\/wp-json\/wp\/v2\/pages\/439"}],"wp:attachment":[{"href":"https:\/\/website-dev.brabender-group.com\/en\/wp-json\/wp\/v2\/media?parent=480"}],"curies":[{"name":"wp","href":"https:\/\/api.w.org\/{rel}","templated":true}]}}