{"id":482,"date":"2025-11-07T10:34:09","date_gmt":"2025-11-07T10:34:09","guid":{"rendered":"https:\/\/website-dev.brabender-group.com\/?page_id=482"},"modified":"2025-11-07T10:36:21","modified_gmt":"2025-11-07T10:36:21","slug":"schnittstellen-entwickler","status":"publish","type":"page","link":"https:\/\/website-dev.brabender-group.com\/en\/karriere\/schnittstellen-entwickler\/","title":{"rendered":"Schnittstellen-Entwickler"},"content":{"rendered":"<div class=\"wp-block-group alignfull has-very-light-gray-color has-text-color has-link-color wp-elements-79755c22506ab35bda845e7c2c2598b2 is-layout-constrained wp-container-core-group-is-layout-13c0cbc6 wp-block-group-is-layout-constrained has-background\" style=\"min-height:0vh;margin-top:0;margin-bottom:0;padding-top:var(--wp--preset--spacing--30);padding-right:0;padding-bottom:var(--wp--preset--spacing--30);padding-left:0;background-image:url(&apos;https:\/\/website-dev.brabender-group.com\/wp-content\/uploads\/2025\/11\/020_background_netz.png&apos;);background-size:cover;background-attachment:scroll;\">\n<div class=\"wp-block-group is-layout-constrained wp-container-core-group-is-layout-346627ba wp-block-group-is-layout-constrained\">\n<h2 class=\"wp-block-heading has-text-align-center has-white-color has-text-color has-link-color has-x-large-font-size wp-elements-6c5df00af62284f85ebf454d654f6476\" style=\"margin-right:0;margin-left:0;padding-top:0;padding-right:0;padding-bottom:0;padding-left:0\">Schnittstellen-Entwickler<\/h2>\n<\/div>\n<\/div>\n\n\n\n<p><\/p>\n\n\n\n<div class=\"wp-block-uagb-container uagb-block-ebb005a2 alignfull uagb-is-root-container\"><div class=\"uagb-container-inner-blocks-wrap\">\n<h4 class=\"wp-block-heading\">Bist du bereit, die digitale Zukunft der Logistik durch effiziente und smarte Verbindungen voranzutreiben?<\/h4>\n\n\n\n<p>Dann werde unser Schnittstellen-Entwickler und bringe deine Leidenschaft f\u00fcr innovative Technologien in unsere modernen Softwarel\u00f6sungen ein! Bei Brabender glauben wir daran, dass echte Innovation entsteht, wenn technisches Know-how auf Leidenschaft trifft.<\/p>\n\n\n\n<p><strong>Deine Mission:&nbsp;<\/strong>Als Schnittstellen-Entwickler arbeitest du an der Entwicklung, Implementierung und Wartung von Schnittstellen, die unsere Softwareprodukte mit externen Systemen verbinden. Du gew\u00e4hrleistest, dass unsere Anwendungen nahtlos in komplexe IT-Umgebungen integriert werden, und optimierst den Datenaustausch zwischen verschiedenen Systemen. Mit deinem Know-how in der API-Entwicklung tr\u00e4gst du ma\u00dfgeblich zur Effizienz unserer Logistikl\u00f6sungen bei.<\/p>\n\n\n\n<h3 class=\"wp-block-heading\">Was du bewegst:<\/h3>\n\n\n\n<ul class=\"wp-block-list\">\n<li><strong>Schnittstellen entwickeln:<\/strong><br>Du entwickelst, implementierst und wartest APIs und Schnittstellen, die die Kommunikation zwischen unseren Softwareprodukten und externen Systemen erm\u00f6glichen.<\/li>\n\n\n\n<li><strong>Integration vorantreiben:<\/strong><br>Du arbeitest an der nahtlosen Integration von Drittanbietersystemen und sorgst f\u00fcr einen reibungslosen Datenfluss in Echtzeit.<\/li>\n\n\n\n<li><strong>Verantwortung \u00fcbernehmen:<\/strong><br>Du \u00fcbernimmst die Verantwortung f\u00fcr die Entwicklung und Dokumentation von Schnittstellenmodulen und sicherst deren optimale Performance.<\/li>\n\n\n\n<li><strong>Kundenspezifische L\u00f6sungen:<\/strong><br>Du arbeitest eng mit unseren Kunden und internen Teams zusammen, um individuelle Integrationsl\u00f6sungen zu entwickeln und erfolgreich zu implementieren.<\/li>\n<\/ul>\n\n\n\n<h3 class=\"wp-block-heading\">Was du mitbringst:<\/h3>\n\n\n\n<ul class=\"wp-block-list\">\n<li><strong>Fachliches Know-how:<\/strong><br>Du hast eine abgeschlossene Ausbildung oder ein Studium in Informatik oder einer \u00e4hnlichen Fachrichtung und fundierte Kenntnisse in der Entwicklung von Schnittstellen und APIs.<\/li>\n\n\n\n<li><strong>Technische Expertise:<\/strong><br>Du bist erfahren in der Arbeit mit REST, SOAP und anderen API-Technologien und hast fundierte Kenntnisse in Programmiersprachen wie C#.<\/li>\n\n\n\n<li><strong>Erfahrung mit Datenbanken:<\/strong><br>Du hast Erfahrung im Umgang mit relationalen Datenbanken und Datenbankdesign, insbesondere MS SQL-Server.<\/li>\n\n\n\n<li><strong>Analytisches Denken:<\/strong><br>Du denkst vernetzt, arbeitest strukturiert und liebst es, komplexe technische Herausforderungen zu l\u00f6sen.<\/li>\n\n\n\n<li><strong>Leidenschaft f\u00fcr Integration:<\/strong><br>Deine Neugier und dein Interesse an neuen Technologien treiben dich an, innovative L\u00f6sungen zu entwickeln, die Systeme effizient vernetzen.<\/li>\n\n\n\n<li><strong>Sprachkenntnisse:<\/strong><br>Gute Englischkenntnisse in Wort und Schrift erm\u00f6glichen es dir, sicher im internationalen Umfeld zu agieren.<\/li>\n<\/ul>\n\n\n\n<h3 class=\"wp-block-heading\">Was wir bieten:<\/h3>\n\n\n\n<ul class=\"wp-block-list\">\n<li><strong>Abwechslung pur!<\/strong><br>Spannende Aufgaben in einer dynamischen Unternehmenskultur.<\/li>\n\n\n\n<li><strong>Freiraum f\u00fcr Ideen!<\/strong><br>Flache Hierarchien und kurze Entscheidungswege.<\/li>\n\n\n\n<li><strong>High-Tech-Arbeitsplatz!<\/strong><br>Moderne IT-Infrastruktur und flexible Home Office Optionen.<\/li>\n<\/ul>\n\n\n\n<p><strong>Standort:<\/strong>&nbsp;Hybrid m\u00f6glich \u2013 Unter\u00e4geri (CH), Deutschland oder Home Office<br><strong>Startdatum:<\/strong>&nbsp;Ab sofort<\/p>\n\n\n\n<h3 class=\"wp-block-heading\">Interessiert?<\/h3>\n\n\n\n<p><strong>Gestalte mit uns die Zukunft und sende deine Bewerbung an:<\/strong><\/p>\n\n\n\n<p>Herr Berdan D\u00fcndar<br>BRABENDER group<br>Gewerbestrasse 5a, CH-6314 Unter\u00e4geri\/Zug<br><a href=\"mailto:job@brabender-group.com\">job@brabender-group.com<\/a><\/p>\n\n\n\n<p>Mehr Informationen findest du auch auf&nbsp;<a rel=\"noreferrer noopener\" href=\"http:\/\/www.brabender-group.com\/\" target=\"_blank\">www.brabender-group.com<\/a>&nbsp;oder finde uns auf&nbsp;<a rel=\"noreferrer noopener\" href=\"https:\/\/www.linkedin.com\/company\/30126216\/\" target=\"_blank\">LinkedIn<\/a>.<\/p>\n<\/div><\/div>\n\n\n\n<p><\/p>","protected":false},"excerpt":{"rendered":"<p>Schnittstellen-Entwickler Bist du bereit, die digitale Zukunft der Logistik durch effiziente und smarte Verbindungen voranzutreiben? Dann werde unser Schnittstellen-Entwickler und bringe deine Leidenschaft f\u00fcr innovative Technologien in unsere modernen Softwarel\u00f6sungen ein! Bei Brabender glauben wir daran, dass echte Innovation entsteht, wenn technisches Know-how auf Leidenschaft trifft. Deine Mission:&nbsp;Als Schnittstellen-Entwickler arbeitest du an der Entwicklung, Implementierung [&hellip;]<\/p>\n","protected":false},"author":1,"featured_media":0,"parent":439,"menu_order":0,"comment_status":"closed","ping_status":"closed","template":"","meta":{"_uag_custom_page_level_css":"","footnotes":""},"class_list":["post-482","page","type-page","status-publish","hentry"],"blocksy_meta":[],"featured_image_src":null,"yoast_head":"<!-- This site is optimized with the Yoast SEO plugin v27.0 - https:\/\/yoast.com\/product\/yoast-seo-wordpress\/ -->\n<title>Schnittstellen-Entwickler -<\/title>\n<meta name=\"robots\" content=\"index, follow, max-snippet:-1, max-image-preview:large, max-video-preview:-1\" \/>\n<link rel=\"canonical\" href=\"https:\/\/website-dev.brabender-group.com\/en\/karriere\/schnittstellen-entwickler\/\" \/>\n<meta property=\"og:locale\" content=\"en_US\" \/>\n<meta property=\"og:type\" content=\"article\" \/>\n<meta property=\"og:title\" content=\"Schnittstellen-Entwickler -\" \/>\n<meta property=\"og:description\" content=\"Schnittstellen-Entwickler Bist du bereit, die digitale Zukunft der Logistik durch effiziente und smarte Verbindungen voranzutreiben? Dann werde unser Schnittstellen-Entwickler und bringe deine Leidenschaft f\u00fcr innovative Technologien in unsere modernen Softwarel\u00f6sungen ein! Bei Brabender glauben wir daran, dass echte Innovation entsteht, wenn technisches Know-how auf Leidenschaft trifft. Deine Mission:&nbsp;Als Schnittstellen-Entwickler arbeitest du an der Entwicklung, Implementierung [&hellip;]\" \/>\n<meta property=\"og:url\" content=\"https:\/\/website-dev.brabender-group.com\/en\/karriere\/schnittstellen-entwickler\/\" \/>\n<meta property=\"article:modified_time\" content=\"2025-11-07T10:36:21+00:00\" \/>\n<meta name=\"twitter:card\" content=\"summary_large_image\" \/>\n<meta name=\"twitter:label1\" content=\"Est. reading time\" \/>\n\t<meta name=\"twitter:data1\" content=\"2 minutes\" \/>\n<script type=\"application\/ld+json\" class=\"yoast-schema-graph\">{\"@context\":\"https:\/\/schema.org\",\"@graph\":[{\"@type\":\"WebPage\",\"@id\":\"https:\/\/website-dev.brabender-group.com\/karriere\/schnittstellen-entwickler\/\",\"url\":\"https:\/\/website-dev.brabender-group.com\/karriere\/schnittstellen-entwickler\/\",\"name\":\"Schnittstellen-Entwickler -\",\"isPartOf\":{\"@id\":\"https:\/\/website-dev.brabender-group.com\/#website\"},\"datePublished\":\"2025-11-07T10:34:09+00:00\",\"dateModified\":\"2025-11-07T10:36:21+00:00\",\"breadcrumb\":{\"@id\":\"https:\/\/website-dev.brabender-group.com\/karriere\/schnittstellen-entwickler\/#breadcrumb\"},\"inLanguage\":\"en-US\",\"potentialAction\":[{\"@type\":\"ReadAction\",\"target\":[\"https:\/\/website-dev.brabender-group.com\/karriere\/schnittstellen-entwickler\/\"]}]},{\"@type\":\"BreadcrumbList\",\"@id\":\"https:\/\/website-dev.brabender-group.com\/karriere\/schnittstellen-entwickler\/#breadcrumb\",\"itemListElement\":[{\"@type\":\"ListItem\",\"position\":1,\"name\":\"Start\",\"item\":\"https:\/\/website-dev.brabender-group.com\/\"},{\"@type\":\"ListItem\",\"position\":2,\"name\":\"Karriere\",\"item\":\"https:\/\/website-dev.brabender-group.com\/karriere\/\"},{\"@type\":\"ListItem\",\"position\":3,\"name\":\"Schnittstellen-Entwickler\"}]},{\"@type\":\"WebSite\",\"@id\":\"https:\/\/website-dev.brabender-group.com\/#website\",\"url\":\"https:\/\/website-dev.brabender-group.com\/\",\"name\":\"\",\"description\":\"\",\"potentialAction\":[{\"@type\":\"SearchAction\",\"target\":{\"@type\":\"EntryPoint\",\"urlTemplate\":\"https:\/\/website-dev.brabender-group.com\/?s={search_term_string}\"},\"query-input\":{\"@type\":\"PropertyValueSpecification\",\"valueRequired\":true,\"valueName\":\"search_term_string\"}}],\"inLanguage\":\"en-US\"}]}<\/script>\n<!-- \/ Yoast SEO plugin. -->","yoast_head_json":{"title":"Schnittstellen-Entwickler -","robots":{"index":"index","follow":"follow","max-snippet":"max-snippet:-1","max-image-preview":"max-image-preview:large","max-video-preview":"max-video-preview:-1"},"canonical":"https:\/\/website-dev.brabender-group.com\/en\/karriere\/schnittstellen-entwickler\/","og_locale":"en_US","og_type":"article","og_title":"Schnittstellen-Entwickler -","og_description":"Schnittstellen-Entwickler Bist du bereit, die digitale Zukunft der Logistik durch effiziente und smarte Verbindungen voranzutreiben? Dann werde unser Schnittstellen-Entwickler und bringe deine Leidenschaft f\u00fcr innovative Technologien in unsere modernen Softwarel\u00f6sungen ein! Bei Brabender glauben wir daran, dass echte Innovation entsteht, wenn technisches Know-how auf Leidenschaft trifft. Deine Mission:&nbsp;Als Schnittstellen-Entwickler arbeitest du an der Entwicklung, Implementierung [&hellip;]","og_url":"https:\/\/website-dev.brabender-group.com\/en\/karriere\/schnittstellen-entwickler\/","article_modified_time":"2025-11-07T10:36:21+00:00","twitter_card":"summary_large_image","twitter_misc":{"Est. reading time":"2 minutes"},"schema":{"@context":"https:\/\/schema.org","@graph":[{"@type":"WebPage","@id":"https:\/\/website-dev.brabender-group.com\/karriere\/schnittstellen-entwickler\/","url":"https:\/\/website-dev.brabender-group.com\/karriere\/schnittstellen-entwickler\/","name":"Schnittstellen-Entwickler -","isPartOf":{"@id":"https:\/\/website-dev.brabender-group.com\/#website"},"datePublished":"2025-11-07T10:34:09+00:00","dateModified":"2025-11-07T10:36:21+00:00","breadcrumb":{"@id":"https:\/\/website-dev.brabender-group.com\/karriere\/schnittstellen-entwickler\/#breadcrumb"},"inLanguage":"en-US","potentialAction":[{"@type":"ReadAction","target":["https:\/\/website-dev.brabender-group.com\/karriere\/schnittstellen-entwickler\/"]}]},{"@type":"BreadcrumbList","@id":"https:\/\/website-dev.brabender-group.com\/karriere\/schnittstellen-entwickler\/#breadcrumb","itemListElement":[{"@type":"ListItem","position":1,"name":"Start","item":"https:\/\/website-dev.brabender-group.com\/"},{"@type":"ListItem","position":2,"name":"Karriere","item":"https:\/\/website-dev.brabender-group.com\/karriere\/"},{"@type":"ListItem","position":3,"name":"Schnittstellen-Entwickler"}]},{"@type":"WebSite","@id":"https:\/\/website-dev.brabender-group.com\/#website","url":"https:\/\/website-dev.brabender-group.com\/","name":"","description":"","potentialAction":[{"@type":"SearchAction","target":{"@type":"EntryPoint","urlTemplate":"https:\/\/website-dev.brabender-group.com\/?s={search_term_string}"},"query-input":{"@type":"PropertyValueSpecification","valueRequired":true,"valueName":"search_term_string"}}],"inLanguage":"en-US"}]}},"uagb_featured_image_src":{"full":false,"thumbnail":false,"medium":false,"medium_large":false,"large":false,"1536x1536":false,"2048x2048":false,"trp-custom-language-flag":false,"ultp_layout_landscape_large":false,"ultp_layout_landscape":false,"ultp_layout_portrait":false,"ultp_layout_square":false},"uagb_author_info":{"display_name":"admin","author_link":"https:\/\/website-dev.brabender-group.com\/en\/author\/admin\/"},"uagb_comment_info":0,"uagb_excerpt":"Schnittstellen-Entwickler Bist du bereit, die digitale Zukunft der Logistik durch effiziente und smarte Verbindungen voranzutreiben? Dann werde unser Schnittstellen-Entwickler und bringe deine Leidenschaft f\u00fcr innovative Technologien in unsere modernen Softwarel\u00f6sungen ein! Bei Brabender glauben wir daran, dass echte Innovation entsteht, wenn technisches Know-how auf Leidenschaft trifft. Deine Mission:&nbsp;Als Schnittstellen-Entwickler arbeitest du an der Entwicklung, Implementierung&hellip;","_links":{"self":[{"href":"https:\/\/website-dev.brabender-group.com\/en\/wp-json\/wp\/v2\/pages\/482","targetHints":{"allow":["GET"]}}],"collection":[{"href":"https:\/\/website-dev.brabender-group.com\/en\/wp-json\/wp\/v2\/pages"}],"about":[{"href":"https:\/\/website-dev.brabender-group.com\/en\/wp-json\/wp\/v2\/types\/page"}],"author":[{"embeddable":true,"href":"https:\/\/website-dev.brabender-group.com\/en\/wp-json\/wp\/v2\/users\/1"}],"replies":[{"embeddable":true,"href":"https:\/\/website-dev.brabender-group.com\/en\/wp-json\/wp\/v2\/comments?post=482"}],"version-history":[{"count":1,"href":"https:\/\/website-dev.brabender-group.com\/en\/wp-json\/wp\/v2\/pages\/482\/revisions"}],"predecessor-version":[{"id":483,"href":"https:\/\/website-dev.brabender-group.com\/en\/wp-json\/wp\/v2\/pages\/482\/revisions\/483"}],"up":[{"embeddable":true,"href":"https:\/\/website-dev.brabender-group.com\/en\/wp-json\/wp\/v2\/pages\/439"}],"wp:attachment":[{"href":"https:\/\/website-dev.brabender-group.com\/en\/wp-json\/wp\/v2\/media?parent=482"}],"curies":[{"name":"wp","href":"https:\/\/api.w.org\/{rel}","templated":true}]}}