{"id":488,"date":"2025-11-07T10:42:59","date_gmt":"2025-11-07T10:42:59","guid":{"rendered":"https:\/\/website-dev.brabender-group.com\/?page_id=488"},"modified":"2025-11-07T10:42:59","modified_gmt":"2025-11-07T10:42:59","slug":"consultant-warehouse-management-system","status":"publish","type":"page","link":"https:\/\/website-dev.brabender-group.com\/en\/karriere\/consultant-warehouse-management-system\/","title":{"rendered":"Consultant Warehouse Management System"},"content":{"rendered":"<div class=\"wp-block-group alignfull has-very-light-gray-color has-text-color has-link-color wp-elements-31f716308da96767e16bd03ae40eaa16 is-layout-constrained wp-container-core-group-is-layout-13c0cbc6 wp-block-group-is-layout-constrained has-background\" style=\"min-height:0vh;margin-top:0;margin-bottom:0;padding-top:var(--wp--preset--spacing--30);padding-right:0;padding-bottom:var(--wp--preset--spacing--30);padding-left:0;background-image:url(&apos;https:\/\/website-dev.brabender-group.com\/wp-content\/uploads\/2025\/11\/020_background_netz.png&apos;);background-size:cover;background-attachment:scroll;\">\n<div class=\"wp-block-group is-layout-constrained wp-container-core-group-is-layout-346627ba wp-block-group-is-layout-constrained\">\n<h2 class=\"wp-block-heading has-text-align-center has-white-color has-text-color has-link-color has-x-large-font-size wp-elements-888313185550d574a4a0fca73ceb6be3\" style=\"margin-right:0;margin-left:0;padding-top:0;padding-right:0;padding-bottom:0;padding-left:0\">Consultant Warehouse Management System<\/h2>\n<\/div>\n<\/div>\n\n\n\n<div class=\"wp-block-uagb-container uagb-block-3ce0488c alignfull uagb-is-root-container\"><div class=\"uagb-container-inner-blocks-wrap\">\n<p><strong>Du willst die Logistikbranche revolutionieren?<\/strong><\/p>\n\n\n\n<p>Dann werde unser Consultant f\u00fcr WMS und bringe frischen Wind in die digitale Spedition! Bei Brabender glauben wir daran, dass echte Innovation entsteht, wenn Leidenschaft und Tatendrang zusammenkommen.<\/p>\n\n\n\n<p><strong>Deine Mission:<\/strong>&nbsp;Als Consultant f\u00fcr unsere Warehouse-Management-Software (WMS) bist du verantwortlich f\u00fcr die Einf\u00fchrung unserer Softwarel\u00f6sungen bei Kunden. Du begleitest das gesamte Projekt \u2013 von der Konzepterstellung bis zur Schulung und Projekt\u00fcberwachung \u2013 und arbeitest eng mit unserem technischen Team zusammen, um ma\u00dfgeschneiderte L\u00f6sungen zu implementieren.<\/p>\n\n\n\n<h3 class=\"wp-block-heading\">Was du bewegst:<\/h3>\n\n\n\n<ul class=\"wp-block-list\">\n<li><strong>Bring frischen Wind in die Logistik!<\/strong><br>Du f\u00fchrst unsere Softwareprodukte effizient und meist remote ein, immer nah an den Kundenbed\u00fcrfnissen.<\/li>\n\n\n\n<li><strong>Berate und begeistere!<\/strong><br>Du unterst\u00fctzt unsere Kunden in betriebswirtschaftlichen und technischen Fragen, um das Beste aus unserer Software herauszuholen.<\/li>\n\n\n\n<li><strong>Mach den Unterschied!<\/strong><br>Du analysierst Kundenanforderungen und implementierst passgenaue L\u00f6sungen. Dabei hast du Erfahrung in der Abwicklung von agilen Projekten.<\/li>\n\n\n\n<li><strong>Sei der Coach!<\/strong><br>Du f\u00fchrst Workshops und Schulungen durch, die unsere Kunden fit f\u00fcr die digitale Zukunft machen.<\/li>\n\n\n\n<li><strong>Spring ein, wenn\u2019s z\u00e4hlt!<\/strong><br>Du unterst\u00fctzt das Supportcenter mit deinem Wissen und sorgst f\u00fcr schnelle L\u00f6sungen.<\/li>\n<\/ul>\n\n\n\n<h3 class=\"wp-block-heading\">Was du mitbringst:<\/h3>\n\n\n\n<ul class=\"wp-block-list\">\n<li><strong>Logistik- und IT-Profi!<\/strong><br>Du hast eine Ausbildung oder ein Studium in Logistik\/IT und kennst die relevanten Prozesse (FTL, LTL, Sammelgut).<\/li>\n\n\n\n<li><strong>Technik begeistert dich!<\/strong><br>Du liebst IT, neue Technologien und bist fit in MS Office.<\/li>\n\n\n\n<li><strong>Fit im Globalen!<\/strong><br>Du kommunizierst sicher auf Englisch und arbeitest strukturiert, zuverl\u00e4ssig und im Team.\u00a0<\/li>\n<\/ul>\n\n\n\n<h3 class=\"wp-block-heading\">Was wir bieten:<\/h3>\n\n\n\n<ul class=\"wp-block-list\">\n<li><strong>Abwechslung pur!<\/strong><br>Spannende Aufgaben in einer dynamischen Unternehmenskultur.<\/li>\n\n\n\n<li><strong>Freiraum f\u00fcr Ideen!<\/strong><br>Flache Hierarchien und kurze Entscheidungswege.<\/li>\n\n\n\n<li><strong>High-Tech-Arbeitsplatz!<\/strong><br>Moderne IT-Infrastruktur und flexible Home Office Optionen.<\/li>\n<\/ul>\n\n\n\n<p><strong>Standort<\/strong>:&nbsp;Hybrid m\u00f6glich \u2013 Unter\u00e4geri (CH), Deutschland oder Home Office<br><strong>Startdatum<\/strong>: Ab sofort<\/p>\n\n\n\n<h3 class=\"wp-block-heading\">Interessiert?<\/h3>\n\n\n\n<p><strong>Gestalte mit uns die Zukunft und sende deine Bewerbung an:<\/strong><\/p>\n\n\n\n<p>Herr Berdan D\u00fcndar<br>BRABENDER group<br>Gewerbestrasse 5a, CH-6314 Unter\u00e4geri\/Zug<br><a href=\"mailto:job@brabender-group.com\">job@brabender-group.com<\/a><br><br>Mehr Informationen findest du auch auf&nbsp;<a rel=\"noreferrer noopener\" href=\"http:\/\/www.brabender-group.com\/\" target=\"_blank\">www.brabender-group.com<\/a>&nbsp;oder finde uns auf&nbsp;<a rel=\"noreferrer noopener\" href=\"https:\/\/www.linkedin.com\/company\/30126216\/\" target=\"_blank\">LinkedIn<\/a><\/p>\n<\/div><\/div>\n\n\n\n<p><\/p>","protected":false},"excerpt":{"rendered":"<p>Consultant Warehouse Management System Du willst die Logistikbranche revolutionieren? Dann werde unser Consultant f\u00fcr WMS und bringe frischen Wind in die digitale Spedition! Bei Brabender glauben wir daran, dass echte Innovation entsteht, wenn Leidenschaft und Tatendrang zusammenkommen. Deine Mission:&nbsp;Als Consultant f\u00fcr unsere Warehouse-Management-Software (WMS) bist du verantwortlich f\u00fcr die Einf\u00fchrung unserer Softwarel\u00f6sungen bei Kunden. Du [&hellip;]<\/p>\n","protected":false},"author":1,"featured_media":0,"parent":439,"menu_order":0,"comment_status":"closed","ping_status":"closed","template":"","meta":{"_uag_custom_page_level_css":"","footnotes":""},"class_list":["post-488","page","type-page","status-publish","hentry"],"blocksy_meta":[],"featured_image_src":null,"yoast_head":"<!-- This site is optimized with the Yoast SEO plugin v27.0 - https:\/\/yoast.com\/product\/yoast-seo-wordpress\/ -->\n<title>Consultant Warehouse Management System -<\/title>\n<meta name=\"robots\" content=\"index, follow, max-snippet:-1, max-image-preview:large, max-video-preview:-1\" \/>\n<link rel=\"canonical\" href=\"https:\/\/website-dev.brabender-group.com\/en\/karriere\/consultant-warehouse-management-system\/\" \/>\n<meta property=\"og:locale\" content=\"en_US\" \/>\n<meta property=\"og:type\" content=\"article\" \/>\n<meta property=\"og:title\" content=\"Consultant Warehouse Management System -\" \/>\n<meta property=\"og:description\" content=\"Consultant Warehouse Management System Du willst die Logistikbranche revolutionieren? Dann werde unser Consultant f\u00fcr WMS und bringe frischen Wind in die digitale Spedition! Bei Brabender glauben wir daran, dass echte Innovation entsteht, wenn Leidenschaft und Tatendrang zusammenkommen. Deine Mission:&nbsp;Als Consultant f\u00fcr unsere Warehouse-Management-Software (WMS) bist du verantwortlich f\u00fcr die Einf\u00fchrung unserer Softwarel\u00f6sungen bei Kunden. Du [&hellip;]\" \/>\n<meta property=\"og:url\" content=\"https:\/\/website-dev.brabender-group.com\/en\/karriere\/consultant-warehouse-management-system\/\" \/>\n<meta name=\"twitter:card\" content=\"summary_large_image\" \/>\n<meta name=\"twitter:label1\" content=\"Est. reading time\" \/>\n\t<meta name=\"twitter:data1\" content=\"2 minutes\" \/>\n<script type=\"application\/ld+json\" class=\"yoast-schema-graph\">{\"@context\":\"https:\/\/schema.org\",\"@graph\":[{\"@type\":\"WebPage\",\"@id\":\"https:\/\/website-dev.brabender-group.com\/karriere\/consultant-warehouse-management-system\/\",\"url\":\"https:\/\/website-dev.brabender-group.com\/karriere\/consultant-warehouse-management-system\/\",\"name\":\"Consultant Warehouse Management System -\",\"isPartOf\":{\"@id\":\"https:\/\/website-dev.brabender-group.com\/#website\"},\"datePublished\":\"2025-11-07T10:42:59+00:00\",\"breadcrumb\":{\"@id\":\"https:\/\/website-dev.brabender-group.com\/karriere\/consultant-warehouse-management-system\/#breadcrumb\"},\"inLanguage\":\"en-US\",\"potentialAction\":[{\"@type\":\"ReadAction\",\"target\":[\"https:\/\/website-dev.brabender-group.com\/karriere\/consultant-warehouse-management-system\/\"]}]},{\"@type\":\"BreadcrumbList\",\"@id\":\"https:\/\/website-dev.brabender-group.com\/karriere\/consultant-warehouse-management-system\/#breadcrumb\",\"itemListElement\":[{\"@type\":\"ListItem\",\"position\":1,\"name\":\"Start\",\"item\":\"https:\/\/website-dev.brabender-group.com\/\"},{\"@type\":\"ListItem\",\"position\":2,\"name\":\"Karriere\",\"item\":\"https:\/\/website-dev.brabender-group.com\/karriere\/\"},{\"@type\":\"ListItem\",\"position\":3,\"name\":\"Consultant Warehouse Management System\"}]},{\"@type\":\"WebSite\",\"@id\":\"https:\/\/website-dev.brabender-group.com\/#website\",\"url\":\"https:\/\/website-dev.brabender-group.com\/\",\"name\":\"\",\"description\":\"\",\"potentialAction\":[{\"@type\":\"SearchAction\",\"target\":{\"@type\":\"EntryPoint\",\"urlTemplate\":\"https:\/\/website-dev.brabender-group.com\/?s={search_term_string}\"},\"query-input\":{\"@type\":\"PropertyValueSpecification\",\"valueRequired\":true,\"valueName\":\"search_term_string\"}}],\"inLanguage\":\"en-US\"}]}<\/script>\n<!-- \/ Yoast SEO plugin. -->","yoast_head_json":{"title":"Consultant Warehouse Management System -","robots":{"index":"index","follow":"follow","max-snippet":"max-snippet:-1","max-image-preview":"max-image-preview:large","max-video-preview":"max-video-preview:-1"},"canonical":"https:\/\/website-dev.brabender-group.com\/en\/karriere\/consultant-warehouse-management-system\/","og_locale":"en_US","og_type":"article","og_title":"Consultant Warehouse Management System -","og_description":"Consultant Warehouse Management System Du willst die Logistikbranche revolutionieren? Dann werde unser Consultant f\u00fcr WMS und bringe frischen Wind in die digitale Spedition! Bei Brabender glauben wir daran, dass echte Innovation entsteht, wenn Leidenschaft und Tatendrang zusammenkommen. Deine Mission:&nbsp;Als Consultant f\u00fcr unsere Warehouse-Management-Software (WMS) bist du verantwortlich f\u00fcr die Einf\u00fchrung unserer Softwarel\u00f6sungen bei Kunden. Du [&hellip;]","og_url":"https:\/\/website-dev.brabender-group.com\/en\/karriere\/consultant-warehouse-management-system\/","twitter_card":"summary_large_image","twitter_misc":{"Est. reading time":"2 minutes"},"schema":{"@context":"https:\/\/schema.org","@graph":[{"@type":"WebPage","@id":"https:\/\/website-dev.brabender-group.com\/karriere\/consultant-warehouse-management-system\/","url":"https:\/\/website-dev.brabender-group.com\/karriere\/consultant-warehouse-management-system\/","name":"Consultant Warehouse Management System -","isPartOf":{"@id":"https:\/\/website-dev.brabender-group.com\/#website"},"datePublished":"2025-11-07T10:42:59+00:00","breadcrumb":{"@id":"https:\/\/website-dev.brabender-group.com\/karriere\/consultant-warehouse-management-system\/#breadcrumb"},"inLanguage":"en-US","potentialAction":[{"@type":"ReadAction","target":["https:\/\/website-dev.brabender-group.com\/karriere\/consultant-warehouse-management-system\/"]}]},{"@type":"BreadcrumbList","@id":"https:\/\/website-dev.brabender-group.com\/karriere\/consultant-warehouse-management-system\/#breadcrumb","itemListElement":[{"@type":"ListItem","position":1,"name":"Start","item":"https:\/\/website-dev.brabender-group.com\/"},{"@type":"ListItem","position":2,"name":"Karriere","item":"https:\/\/website-dev.brabender-group.com\/karriere\/"},{"@type":"ListItem","position":3,"name":"Consultant Warehouse Management System"}]},{"@type":"WebSite","@id":"https:\/\/website-dev.brabender-group.com\/#website","url":"https:\/\/website-dev.brabender-group.com\/","name":"","description":"","potentialAction":[{"@type":"SearchAction","target":{"@type":"EntryPoint","urlTemplate":"https:\/\/website-dev.brabender-group.com\/?s={search_term_string}"},"query-input":{"@type":"PropertyValueSpecification","valueRequired":true,"valueName":"search_term_string"}}],"inLanguage":"en-US"}]}},"uagb_featured_image_src":{"full":false,"thumbnail":false,"medium":false,"medium_large":false,"large":false,"1536x1536":false,"2048x2048":false,"trp-custom-language-flag":false,"ultp_layout_landscape_large":false,"ultp_layout_landscape":false,"ultp_layout_portrait":false,"ultp_layout_square":false},"uagb_author_info":{"display_name":"admin","author_link":"https:\/\/website-dev.brabender-group.com\/en\/author\/admin\/"},"uagb_comment_info":0,"uagb_excerpt":"Consultant Warehouse Management System Du willst die Logistikbranche revolutionieren? Dann werde unser Consultant f\u00fcr WMS und bringe frischen Wind in die digitale Spedition! Bei Brabender glauben wir daran, dass echte Innovation entsteht, wenn Leidenschaft und Tatendrang zusammenkommen. Deine Mission:&nbsp;Als Consultant f\u00fcr unsere Warehouse-Management-Software (WMS) bist du verantwortlich f\u00fcr die Einf\u00fchrung unserer Softwarel\u00f6sungen bei Kunden. Du&hellip;","_links":{"self":[{"href":"https:\/\/website-dev.brabender-group.com\/en\/wp-json\/wp\/v2\/pages\/488","targetHints":{"allow":["GET"]}}],"collection":[{"href":"https:\/\/website-dev.brabender-group.com\/en\/wp-json\/wp\/v2\/pages"}],"about":[{"href":"https:\/\/website-dev.brabender-group.com\/en\/wp-json\/wp\/v2\/types\/page"}],"author":[{"embeddable":true,"href":"https:\/\/website-dev.brabender-group.com\/en\/wp-json\/wp\/v2\/users\/1"}],"replies":[{"embeddable":true,"href":"https:\/\/website-dev.brabender-group.com\/en\/wp-json\/wp\/v2\/comments?post=488"}],"version-history":[{"count":1,"href":"https:\/\/website-dev.brabender-group.com\/en\/wp-json\/wp\/v2\/pages\/488\/revisions"}],"predecessor-version":[{"id":489,"href":"https:\/\/website-dev.brabender-group.com\/en\/wp-json\/wp\/v2\/pages\/488\/revisions\/489"}],"up":[{"embeddable":true,"href":"https:\/\/website-dev.brabender-group.com\/en\/wp-json\/wp\/v2\/pages\/439"}],"wp:attachment":[{"href":"https:\/\/website-dev.brabender-group.com\/en\/wp-json\/wp\/v2\/media?parent=488"}],"curies":[{"name":"wp","href":"https:\/\/api.w.org\/{rel}","templated":true}]}}