{"id":499,"date":"2025-11-07T10:58:07","date_gmt":"2025-11-07T10:58:07","guid":{"rendered":"https:\/\/website-dev.brabender-group.com\/?page_id=499"},"modified":"2025-12-18T15:49:13","modified_gmt":"2025-12-18T15:49:13","slug":"impressum","status":"publish","type":"page","link":"https:\/\/website-dev.brabender-group.com\/en\/impressum\/","title":{"rendered":"Impressum"},"content":{"rendered":"<div class=\"wp-block-uagb-container uagb-block-3ce0488c alignfull uagb-is-root-container\"><div class=\"uagb-container-inner-blocks-wrap\">\n<div style=\"height:65px\" aria-hidden=\"true\" class=\"wp-block-spacer\"><\/div>\n\n\n\n<h1 class=\"wp-block-gutenverse-heading guten-element guten-zUU8I4\">Impressum<\/h1>\n\n\n\n<p><strong>BRABENDER Solutions GmbH<\/strong><br>Gewerbestrasse 5a<br>CH-6314 Unter\u00e4geri<br><br><strong>Handeslregister: <\/strong>CH\u2011170.4.011.492\u20119<br><strong>Vertretungsberechtigt<\/strong>: Thomas Brabender, Gesch\u00e4ftsf\u00fchrer<\/p>\n\n\n\n<p><br><strong>E-Mail:<\/strong> <a href=\"mailto:info@brabender-group.com\">mail@brabender-group.com<\/a><br><strong>Telefon:<\/strong> <a href=\"tel:41417545800\">+41 41 7545800<\/a><br><strong>Konzept und Redaktion:<\/strong> BRABENDER Solutions GmbH<\/p>\n\n\n\n<p><\/p>\n\n\n\n<p><strong>Rechtlicher Hinweis &#8230;<\/strong><br>Bei extern verlinkten Seiten handelt es sich ausschlie\u00dflich um fremde Inhalte. Die BRABENDER Solutions GmbH \u00fcbernimmt keine Verantwortung f\u00fcr den Inhalt der verlinkten externen Seiten.<\/p>\n\n\n\n<div style=\"height:65px\" aria-hidden=\"true\" class=\"wp-block-spacer\"><\/div>\n<\/div><\/div>\n\n\n\n<p><\/p>","protected":false},"excerpt":{"rendered":"<p>BRABENDER Solutions GmbHGewerbestrasse 5aCH-6314 Unter\u00e4geri Handeslregister: CH\u2011170.4.011.492\u20119Vertretungsberechtigt: Thomas Brabender, Gesch\u00e4ftsf\u00fchrer E-Mail: mail@brabender-group.comTelefon: +41 41 7545800Konzept und Redaktion: BRABENDER Solutions GmbH Rechtlicher Hinweis &#8230;Bei extern verlinkten Seiten handelt es sich ausschlie\u00dflich um fremde Inhalte. Die BRABENDER Solutions GmbH \u00fcbernimmt keine Verantwortung f\u00fcr den Inhalt der verlinkten externen Seiten.<\/p>","protected":false},"author":1,"featured_media":0,"parent":0,"menu_order":0,"comment_status":"closed","ping_status":"closed","template":"","meta":{"_uag_custom_page_level_css":"","footnotes":""},"class_list":["post-499","page","type-page","status-publish","hentry"],"blocksy_meta":[],"featured_image_src":null,"yoast_head":"<!-- This site is optimized with the Yoast SEO plugin v27.0 - https:\/\/yoast.com\/product\/yoast-seo-wordpress\/ -->\n<title>Impressum -<\/title>\n<meta name=\"robots\" content=\"index, follow, max-snippet:-1, max-image-preview:large, max-video-preview:-1\" \/>\n<link rel=\"canonical\" href=\"https:\/\/website-dev.brabender-group.com\/en\/impressum\/\" \/>\n<meta property=\"og:locale\" content=\"en_US\" \/>\n<meta property=\"og:type\" content=\"article\" \/>\n<meta property=\"og:title\" content=\"Impressum -\" \/>\n<meta property=\"og:description\" content=\"BRABENDER Solutions GmbHGewerbestrasse 5aCH-6314 Unter\u00e4geri Handeslregister: CH\u2011170.4.011.492\u20119Vertretungsberechtigt: Thomas Brabender, Gesch\u00e4ftsf\u00fchrer E-Mail: mail@brabender-group.comTelefon: +41 41 7545800Konzept und Redaktion: BRABENDER Solutions GmbH Rechtlicher Hinweis &#8230;Bei extern verlinkten Seiten handelt es sich ausschlie\u00dflich um fremde Inhalte. Die BRABENDER Solutions GmbH \u00fcbernimmt keine Verantwortung f\u00fcr den Inhalt der verlinkten externen Seiten.\" \/>\n<meta property=\"og:url\" content=\"https:\/\/website-dev.brabender-group.com\/en\/impressum\/\" \/>\n<meta property=\"article:modified_time\" content=\"2025-12-18T15:49:13+00:00\" \/>\n<meta name=\"twitter:card\" content=\"summary_large_image\" \/>\n<script type=\"application\/ld+json\" class=\"yoast-schema-graph\">{\"@context\":\"https:\/\/schema.org\",\"@graph\":[{\"@type\":\"WebPage\",\"@id\":\"https:\/\/website-dev.brabender-group.com\/impressum\/\",\"url\":\"https:\/\/website-dev.brabender-group.com\/impressum\/\",\"name\":\"Impressum -\",\"isPartOf\":{\"@id\":\"https:\/\/website-dev.brabender-group.com\/#website\"},\"datePublished\":\"2025-11-07T10:58:07+00:00\",\"dateModified\":\"2025-12-18T15:49:13+00:00\",\"breadcrumb\":{\"@id\":\"https:\/\/website-dev.brabender-group.com\/impressum\/#breadcrumb\"},\"inLanguage\":\"en-US\",\"potentialAction\":[{\"@type\":\"ReadAction\",\"target\":[\"https:\/\/website-dev.brabender-group.com\/impressum\/\"]}]},{\"@type\":\"BreadcrumbList\",\"@id\":\"https:\/\/website-dev.brabender-group.com\/impressum\/#breadcrumb\",\"itemListElement\":[{\"@type\":\"ListItem\",\"position\":1,\"name\":\"Start\",\"item\":\"https:\/\/website-dev.brabender-group.com\/\"},{\"@type\":\"ListItem\",\"position\":2,\"name\":\"Impressum\"}]},{\"@type\":\"WebSite\",\"@id\":\"https:\/\/website-dev.brabender-group.com\/#website\",\"url\":\"https:\/\/website-dev.brabender-group.com\/\",\"name\":\"\",\"description\":\"\",\"potentialAction\":[{\"@type\":\"SearchAction\",\"target\":{\"@type\":\"EntryPoint\",\"urlTemplate\":\"https:\/\/website-dev.brabender-group.com\/?s={search_term_string}\"},\"query-input\":{\"@type\":\"PropertyValueSpecification\",\"valueRequired\":true,\"valueName\":\"search_term_string\"}}],\"inLanguage\":\"en-US\"}]}<\/script>\n<!-- \/ Yoast SEO plugin. -->","yoast_head_json":{"title":"Impressum -","robots":{"index":"index","follow":"follow","max-snippet":"max-snippet:-1","max-image-preview":"max-image-preview:large","max-video-preview":"max-video-preview:-1"},"canonical":"https:\/\/website-dev.brabender-group.com\/en\/impressum\/","og_locale":"en_US","og_type":"article","og_title":"Impressum -","og_description":"BRABENDER Solutions GmbHGewerbestrasse 5aCH-6314 Unter\u00e4geri Handeslregister: CH\u2011170.4.011.492\u20119Vertretungsberechtigt: Thomas Brabender, Gesch\u00e4ftsf\u00fchrer E-Mail: mail@brabender-group.comTelefon: +41 41 7545800Konzept und Redaktion: BRABENDER Solutions GmbH Rechtlicher Hinweis &#8230;Bei extern verlinkten Seiten handelt es sich ausschlie\u00dflich um fremde Inhalte. Die BRABENDER Solutions GmbH \u00fcbernimmt keine Verantwortung f\u00fcr den Inhalt der verlinkten externen Seiten.","og_url":"https:\/\/website-dev.brabender-group.com\/en\/impressum\/","article_modified_time":"2025-12-18T15:49:13+00:00","twitter_card":"summary_large_image","schema":{"@context":"https:\/\/schema.org","@graph":[{"@type":"WebPage","@id":"https:\/\/website-dev.brabender-group.com\/impressum\/","url":"https:\/\/website-dev.brabender-group.com\/impressum\/","name":"Impressum -","isPartOf":{"@id":"https:\/\/website-dev.brabender-group.com\/#website"},"datePublished":"2025-11-07T10:58:07+00:00","dateModified":"2025-12-18T15:49:13+00:00","breadcrumb":{"@id":"https:\/\/website-dev.brabender-group.com\/impressum\/#breadcrumb"},"inLanguage":"en-US","potentialAction":[{"@type":"ReadAction","target":["https:\/\/website-dev.brabender-group.com\/impressum\/"]}]},{"@type":"BreadcrumbList","@id":"https:\/\/website-dev.brabender-group.com\/impressum\/#breadcrumb","itemListElement":[{"@type":"ListItem","position":1,"name":"Start","item":"https:\/\/website-dev.brabender-group.com\/"},{"@type":"ListItem","position":2,"name":"Impressum"}]},{"@type":"WebSite","@id":"https:\/\/website-dev.brabender-group.com\/#website","url":"https:\/\/website-dev.brabender-group.com\/","name":"","description":"","potentialAction":[{"@type":"SearchAction","target":{"@type":"EntryPoint","urlTemplate":"https:\/\/website-dev.brabender-group.com\/?s={search_term_string}"},"query-input":{"@type":"PropertyValueSpecification","valueRequired":true,"valueName":"search_term_string"}}],"inLanguage":"en-US"}]}},"uagb_featured_image_src":{"full":false,"thumbnail":false,"medium":false,"medium_large":false,"large":false,"1536x1536":false,"2048x2048":false,"trp-custom-language-flag":false,"ultp_layout_landscape_large":false,"ultp_layout_landscape":false,"ultp_layout_portrait":false,"ultp_layout_square":false},"uagb_author_info":{"display_name":"admin","author_link":"https:\/\/website-dev.brabender-group.com\/en\/author\/admin\/"},"uagb_comment_info":0,"uagb_excerpt":"BRABENDER Solutions GmbHGewerbestrasse 5aCH-6314 Unter\u00e4geri Handeslregister: CH\u2011170.4.011.492\u20119Vertretungsberechtigt: Thomas Brabender, Gesch\u00e4ftsf\u00fchrer E-Mail: mail@brabender-group.comTelefon: +41 41 7545800Konzept und Redaktion: BRABENDER Solutions GmbH Rechtlicher Hinweis &#8230;Bei extern verlinkten Seiten handelt es sich ausschlie\u00dflich um fremde Inhalte. Die BRABENDER Solutions GmbH \u00fcbernimmt keine Verantwortung f\u00fcr den Inhalt der verlinkten externen Seiten.","_links":{"self":[{"href":"https:\/\/website-dev.brabender-group.com\/en\/wp-json\/wp\/v2\/pages\/499","targetHints":{"allow":["GET"]}}],"collection":[{"href":"https:\/\/website-dev.brabender-group.com\/en\/wp-json\/wp\/v2\/pages"}],"about":[{"href":"https:\/\/website-dev.brabender-group.com\/en\/wp-json\/wp\/v2\/types\/page"}],"author":[{"embeddable":true,"href":"https:\/\/website-dev.brabender-group.com\/en\/wp-json\/wp\/v2\/users\/1"}],"replies":[{"embeddable":true,"href":"https:\/\/website-dev.brabender-group.com\/en\/wp-json\/wp\/v2\/comments?post=499"}],"version-history":[{"count":9,"href":"https:\/\/website-dev.brabender-group.com\/en\/wp-json\/wp\/v2\/pages\/499\/revisions"}],"predecessor-version":[{"id":799,"href":"https:\/\/website-dev.brabender-group.com\/en\/wp-json\/wp\/v2\/pages\/499\/revisions\/799"}],"wp:attachment":[{"href":"https:\/\/website-dev.brabender-group.com\/en\/wp-json\/wp\/v2\/media?parent=499"}],"curies":[{"name":"wp","href":"https:\/\/api.w.org\/{rel}","templated":true}]}}